{"id":30569,"date":"2024-10-14T13:47:25","date_gmt":"2024-10-14T11:47:25","guid":{"rendered":"https:\/\/www.fundaciobarcelonaolimpica.es\/?page_id=30569"},"modified":"2024-10-14T13:47:25","modified_gmt":"2024-10-14T11:47:25","slug":"barcelona-paco-godia-i-el-motor","status":"publish","type":"page","link":"https:\/\/www.fundaciobarcelonaolimpica.es\/ca\/barcelona-paco-godia-i-el-motor\/","title":{"rendered":"Barcelona, Paco Godia i el motor"},"content":{"rendered":"\t\t<div data-elementor-type=\"wp-post\" data-elementor-id=\"30569\" class=\"elementor elementor-30569 elementor-30567\" data-elementor-post-type=\"page\">\n\t\t\t\t\t\t<section class=\"elementor-section elementor-top-section elementor-element elementor-element-48222d09 fbo-activi--interna elementor-section-boxed elementor-section-height-default elementor-section-height-default\" data-id=\"48222d09\" data-element_type=\"section\">\n\t\t\t\t\t\t<div class=\"elementor-container elementor-column-gap-default\">\n\t\t\t\t\t<div class=\"elementor-column elementor-col-100 elementor-top-column elementor-element elementor-element-3169451c\" data-id=\"3169451c\" data-element_type=\"column\">\n\t\t\t<div class=\"elementor-widget-wrap elementor-element-populated\">\n\t\t\t\t\t\t<section class=\"elementor-section elementor-inner-section elementor-element elementor-element-7c8a4360 fbo-content--intro elementor-section-boxed elementor-section-height-default elementor-section-height-default\" data-id=\"7c8a4360\" data-element_type=\"section\">\n\t\t\t\t\t\t<div class=\"elementor-container elementor-column-gap-no\">\n\t\t\t\t\t<div class=\"elementor-column elementor-col-33 elementor-inner-column elementor-element elementor-element-29dacecb\" data-id=\"29dacecb\" data-element_type=\"column\">\n\t\t\t<div class=\"elementor-widget-wrap elementor-element-populated\">\n\t\t\t\t\t\t<div class=\"elementor-element elementor-element-32c4597d elementor-widget elementor-widget-image\" data-id=\"32c4597d\" data-element_type=\"widget\" data-widget_type=\"image.default\">\n\t\t\t\t<div class=\"elementor-widget-container\">\n\t\t\t\t\t\t\t\t\t\t\t\t\t\t\t<img fetchpriority=\"high\" decoding=\"async\" width=\"534\" height=\"534\" src=\"https:\/\/www.fundaciobarcelonaolimpica.es\/wp-content\/uploads\/sites\/3\/2024\/10\/MOE_400x400_A-expotemGODIA.png\" class=\"attachment-full size-full wp-image-30574\" alt=\"\" srcset=\"https:\/\/www.fundaciobarcelonaolimpica.es\/wp-content\/uploads\/sites\/3\/2024\/10\/MOE_400x400_A-expotemGODIA.png 534w, https:\/\/www.fundaciobarcelonaolimpica.es\/wp-content\/uploads\/sites\/3\/2024\/10\/MOE_400x400_A-expotemGODIA-300x300.png 300w, https:\/\/www.fundaciobarcelonaolimpica.es\/wp-content\/uploads\/sites\/3\/2024\/10\/MOE_400x400_A-expotemGODIA-150x150.png 150w\" sizes=\"(max-width: 534px) 100vw, 534px\" \/>\t\t\t\t\t\t\t\t\t\t\t\t\t\t\t<\/div>\n\t\t\t\t<\/div>\n\t\t\t\t\t<\/div>\n\t\t<\/div>\n\t\t\t\t<div class=\"elementor-column elementor-col-66 elementor-inner-column elementor-element elementor-element-2a1b39e8\" data-id=\"2a1b39e8\" data-element_type=\"column\">\n\t\t\t<div class=\"elementor-widget-wrap elementor-element-populated\">\n\t\t\t\t\t\t<div class=\"elementor-element elementor-element-3a3d79d1 elementor-widget elementor-widget-text-editor\" data-id=\"3a3d79d1\" data-element_type=\"widget\" data-widget_type=\"text-editor.default\">\n\t\t\t\t<div class=\"elementor-widget-container\">\n\t\t\t\t\t\t\t\t\t<p>La Fundaci\u00f3 Barcelona Ol\u00edmpica, amb la col\u00b7laboraci\u00f3 de la Fundaci\u00f3 Francisco Godia, celebra la rica hist\u00f2ria automobil\u00edstica de Barcelona a trav\u00e9s del llibre <em>Barcelona, Paco Godia i el motor. Una ciutat i un pilot agermanats per una passi\u00f3 comuna<\/em> que destaca la figura de Paco Godia com a s\u00edmbol d\u2019aquesta passi\u00f3 compartida. <\/p>\n<p>A m\u00e9s, s&#8217;organitza l&#8217;exposici\u00f3 fotogr\u00e0fica <em>Francisco Godia Sales, un gentleman driver<\/em>, que ofereix una mirada al llegat d&#8217;aquest pilot emblem\u00e0tic i la seva connexi\u00f3 amb la ciutat. \u00c9s una magn\u00edfica oportunitat per explorar l&#8217;impacte de l&#8217;automobilisme a Barcelona i recordar les fites d\u2019un dels seus grans protagonistes.<\/p>\n\t\t\t\t\t\t\t\t<\/div>\n\t\t\t\t<\/div>\n\t\t\t\t\t<\/div>\n\t\t<\/div>\n\t\t\t\t\t<\/div>\n\t\t<\/section>\n\t\t\t\t<section class=\"elementor-section elementor-inner-section elementor-element elementor-element-a38a4b5 fbo-content--intro elementor-section-boxed elementor-section-height-default elementor-section-height-default\" data-id=\"a38a4b5\" data-element_type=\"section\">\n\t\t\t\t\t\t<div class=\"elementor-container elementor-column-gap-no\">\n\t\t\t\t\t<div class=\"elementor-column elementor-col-100 elementor-inner-column elementor-element elementor-element-f2faa53\" data-id=\"f2faa53\" data-element_type=\"column\">\n\t\t\t<div class=\"elementor-widget-wrap elementor-element-populated\">\n\t\t\t\t\t\t<div class=\"elementor-element elementor-element-b28898c elementor-widget elementor-widget-image\" data-id=\"b28898c\" data-element_type=\"widget\" data-widget_type=\"image.default\">\n\t\t\t\t<div class=\"elementor-widget-container\">\n\t\t\t\t\t\t\t\t\t\t\t\t\t\t\t<img decoding=\"async\" width=\"1024\" height=\"379\" src=\"https:\/\/www.fundaciobarcelonaolimpica.es\/wp-content\/uploads\/sites\/3\/2024\/10\/FB-Portada_A-1024x379.png\" class=\"attachment-large size-large wp-image-30588\" alt=\"\" srcset=\"https:\/\/www.fundaciobarcelonaolimpica.es\/wp-content\/uploads\/sites\/3\/2024\/10\/FB-Portada_A-1024x379.png 1024w, https:\/\/www.fundaciobarcelonaolimpica.es\/wp-content\/uploads\/sites\/3\/2024\/10\/FB-Portada_A-300x111.png 300w, https:\/\/www.fundaciobarcelonaolimpica.es\/wp-content\/uploads\/sites\/3\/2024\/10\/FB-Portada_A-768x284.png 768w, https:\/\/www.fundaciobarcelonaolimpica.es\/wp-content\/uploads\/sites\/3\/2024\/10\/FB-Portada_A.png 1135w\" sizes=\"(max-width: 1024px) 100vw, 1024px\" \/>\t\t\t\t\t\t\t\t\t\t\t\t\t\t\t<\/div>\n\t\t\t\t<\/div>\n\t\t\t\t<div class=\"elementor-element elementor-element-c9115c6 elementor-widget elementor-widget-text-editor\" data-id=\"c9115c6\" data-element_type=\"widget\" data-widget_type=\"text-editor.default\">\n\t\t\t\t<div class=\"elementor-widget-container\">\n\t\t\t\t\t\t\t\t\t<p>La passi\u00f3 per l\u2019esport del motor ha fet de Barcelona un cas \u00fanic al m\u00f3n. La ciutat ha estat l\u2019escenari de dos circuits de Gran Premi pels seus carrers: Pedralbes, a la part alta de l\u2019avinguda Diagonal, i Montju\u00efc, un tra\u00e7at dibuixat al parc de la muntanya m\u00e0gica. Cap altra ciutat del m\u00f3n pot presumir d\u2019haver tingut dos circuits urbans diferents que han acollit el Campionat del M\u00f3n de F\u00f3rmula 1, una tradici\u00f3 que continua avui dia en el Circuit de Barcelona-Catalunya. Tot plegat ha estat fruit d\u2019una llarga tradici\u00f3 esportiva, industrial, organitzadora&#8230;<br \/>\nHa estat el resultat de la contribuci\u00f3 de moltes entitats i moltes persones. Com Paco Godia, que va disputar curses del Campionat del M\u00f3n a Pedralbes i va cloure la seva carrera esportiva amb una vict\u00f2ria espectacular a Montju\u00efc. La figura de Godia \u00e9s un dels fils conductors d\u2019aquest relat, que vol deixar const\u00e0ncia de l\u2019activitat esportiva automobil\u00edstica (en circuit) a Barcelona, dins del context de l\u2019\u00e8poca.<\/p>\n\t\t\t\t\t\t\t\t<\/div>\n\t\t\t\t<\/div>\n\t\t\t\t\t<\/div>\n\t\t<\/div>\n\t\t\t\t\t<\/div>\n\t\t<\/section>\n\t\t\t\t<section class=\"elementor-section elementor-inner-section elementor-element elementor-element-d685653 fbo-content--intro elementor-section-boxed elementor-section-height-default elementor-section-height-default\" data-id=\"d685653\" data-element_type=\"section\">\n\t\t\t\t\t\t<div class=\"elementor-container elementor-column-gap-no\">\n\t\t\t\t\t<div class=\"elementor-column elementor-col-100 elementor-inner-column elementor-element elementor-element-4a7c005\" data-id=\"4a7c005\" data-element_type=\"column\">\n\t\t\t<div class=\"elementor-widget-wrap\">\n\t\t\t\t\t\t\t<\/div>\n\t\t<\/div>\n\t\t\t\t\t<\/div>\n\t\t<\/section>\n\t\t\t\t\t<\/div>\n\t\t<\/div>\n\t\t\t\t\t<\/div>\n\t\t<\/section>\n\t\t\t\t<section class=\"elementor-section elementor-top-section elementor-element elementor-element-d4ee0a4 elementor-section-boxed elementor-section-height-default elementor-section-height-default\" data-id=\"d4ee0a4\" data-element_type=\"section\">\n\t\t\t\t\t\t<div class=\"elementor-container elementor-column-gap-default\">\n\t\t\t\t\t<div class=\"elementor-column elementor-col-100 elementor-top-column elementor-element elementor-element-8832808\" data-id=\"8832808\" data-element_type=\"column\">\n\t\t\t<div class=\"elementor-widget-wrap elementor-element-populated\">\n\t\t\t\t\t\t<div class=\"elementor-element elementor-element-61657f6 elementor-widget elementor-widget-text-editor\" data-id=\"61657f6\" data-element_type=\"widget\" data-widget_type=\"text-editor.default\">\n\t\t\t\t<div class=\"elementor-widget-container\">\n\t\t\t\t\t\t\t\t\t<h3 style=\"text-align: center\">EXPOSICI\u00d3<\/h3>\n<h3 style=\"text-align: center\"><strong><em>Francisco Godia Sales, un gentleman driver<\/em><\/strong><\/h3>\n\t\t\t\t\t\t\t\t<\/div>\n\t\t\t\t<\/div>\n\t\t\t\t<div class=\"elementor-element elementor-element-382d345 elementor-widget elementor-widget-image\" data-id=\"382d345\" data-element_type=\"widget\" data-widget_type=\"image.default\">\n\t\t\t\t<div class=\"elementor-widget-container\">\n\t\t\t\t\t\t\t\t\t\t\t\t\t\t\t<img decoding=\"async\" width=\"1024\" height=\"560\" src=\"https:\/\/www.fundaciobarcelonaolimpica.es\/wp-content\/uploads\/sites\/3\/2024\/10\/1920x1050px_A-expotemgodia-1024x560.png\" class=\"attachment-large size-large wp-image-30581\" alt=\"\" srcset=\"https:\/\/www.fundaciobarcelonaolimpica.es\/wp-content\/uploads\/sites\/3\/2024\/10\/1920x1050px_A-expotemgodia-1024x560.png 1024w, https:\/\/www.fundaciobarcelonaolimpica.es\/wp-content\/uploads\/sites\/3\/2024\/10\/1920x1050px_A-expotemgodia-300x164.png 300w, https:\/\/www.fundaciobarcelonaolimpica.es\/wp-content\/uploads\/sites\/3\/2024\/10\/1920x1050px_A-expotemgodia-768x420.png 768w, https:\/\/www.fundaciobarcelonaolimpica.es\/wp-content\/uploads\/sites\/3\/2024\/10\/1920x1050px_A-expotemgodia-1536x840.png 1536w, https:\/\/www.fundaciobarcelonaolimpica.es\/wp-content\/uploads\/sites\/3\/2024\/10\/1920x1050px_A-expotemgodia-1320x722.png 1320w, https:\/\/www.fundaciobarcelonaolimpica.es\/wp-content\/uploads\/sites\/3\/2024\/10\/1920x1050px_A-expotemgodia.png 1921w\" sizes=\"(max-width: 1024px) 100vw, 1024px\" \/>\t\t\t\t\t\t\t\t\t\t\t\t\t\t\t<\/div>\n\t\t\t\t<\/div>\n\t\t\t\t\t<\/div>\n\t\t<\/div>\n\t\t\t\t\t<\/div>\n\t\t<\/section>\n\t\t\t\t<section class=\"elementor-section elementor-top-section elementor-element elementor-element-047e2a9 elementor-section-boxed elementor-section-height-default elementor-section-height-default\" data-id=\"047e2a9\" data-element_type=\"section\">\n\t\t\t\t\t\t<div class=\"elementor-container elementor-column-gap-default\">\n\t\t\t\t\t<div class=\"elementor-column elementor-col-100 elementor-top-column elementor-element elementor-element-5297a78\" data-id=\"5297a78\" data-element_type=\"column\">\n\t\t\t<div class=\"elementor-widget-wrap\">\n\t\t\t\t\t\t\t<\/div>\n\t\t<\/div>\n\t\t\t\t\t<\/div>\n\t\t<\/section>\n\t\t\t\t<section class=\"elementor-section elementor-top-section elementor-element elementor-element-f09039a fbo-destacados elementor-section-boxed elementor-section-height-default elementor-section-height-default\" data-id=\"f09039a\" data-element_type=\"section\">\n\t\t\t\t\t\t<div class=\"elementor-container elementor-column-gap-no\">\n\t\t\t\t\t<div class=\"elementor-column elementor-col-100 elementor-top-column elementor-element elementor-element-88b88e4\" data-id=\"88b88e4\" data-element_type=\"column\">\n\t\t\t<div class=\"elementor-widget-wrap elementor-element-populated\">\n\t\t\t\t\t\t<div class=\"elementor-element elementor-element-61ab0e4 elementor-widget elementor-widget-template\" data-id=\"61ab0e4\" data-element_type=\"widget\" data-widget_type=\"template.default\">\n\t\t\t\t<div class=\"elementor-widget-container\">\n\t\t\t\t\t\t\t<div class=\"elementor-template\">\n\t\t\t\t\t<div data-elementor-type=\"section\" data-elementor-id=\"7663\" class=\"elementor elementor-7663 elementor-646\" data-elementor-post-type=\"elementor_library\">\n\t\t\t\t\t<section class=\"elementor-section elementor-top-section elementor-element elementor-element-f3576d6 fbo-bloc--otras elementor-section-boxed elementor-section-height-default elementor-section-height-default\" data-id=\"f3576d6\" data-element_type=\"section\">\n\t\t\t\t\t\t<div class=\"elementor-container elementor-column-gap-no\">\n\t\t\t\t\t<div class=\"elementor-column elementor-col-100 elementor-top-column elementor-element elementor-element-3e8ab52\" data-id=\"3e8ab52\" data-element_type=\"column\">\n\t\t\t<div class=\"elementor-widget-wrap elementor-element-populated\">\n\t\t\t\t\t\t<section class=\"elementor-section elementor-inner-section elementor-element elementor-element-18ce25b elementor-section-boxed elementor-section-height-default elementor-section-height-default\" data-id=\"18ce25b\" data-element_type=\"section\">\n\t\t\t\t\t\t<div class=\"elementor-container elementor-column-gap-default\">\n\t\t\t\t\t<div class=\"elementor-column elementor-col-100 elementor-inner-column elementor-element elementor-element-08ef537\" data-id=\"08ef537\" data-element_type=\"column\">\n\t\t\t<div class=\"elementor-widget-wrap elementor-element-populated\">\n\t\t\t\t\t\t<div class=\"elementor-element elementor-element-415ecb0 elementor-widget elementor-widget-heading\" data-id=\"415ecb0\" data-element_type=\"widget\" data-widget_type=\"heading.default\">\n\t\t\t\t<div class=\"elementor-widget-container\">\n\t\t\t\t\t<h2 class=\"elementor-heading-title elementor-size-default\">Activitats que organitzem<\/h2>\t\t\t\t<\/div>\n\t\t\t\t<\/div>\n\t\t\t\t\t<\/div>\n\t\t<\/div>\n\t\t\t\t\t<\/div>\n\t\t<\/section>\n\t\t\t\t<div class=\"elementor-element elementor-element-af44fab elementor-widget elementor-widget-text-editor\" data-id=\"af44fab\" data-element_type=\"widget\" data-widget_type=\"text-editor.default\">\n\t\t\t\t<div class=\"elementor-widget-container\">\n\t\t\t\t\t\t\t\t\t<ul>\n<li><a href=\"https:\/\/www.fundaciobarcelonaolimpica.es\/ca\/premi-internacional-fbo-art-sobre-paper\/\">Art sobre Paper<\/a><\/li>\n<li><a href=\"https:\/\/www.fundaciobarcelonaolimpica.es\/ca\/bcn-sports-film\/\">BCN Sports Film Festival<\/a><\/li>\n<li><a href=\"https:\/\/www.fundaciobarcelonaolimpica.es\/ca\/aula-historia\/\">Aula d&#8217;Hist\u00f2ria<\/a><\/li>\n<li><a href=\"https:\/\/www.fundaciobarcelonaolimpica.es\/ca\/forum-olimpic\/\">F\u00f2rum Ol\u00edmpic<\/a><\/li>\n<li><a href=\"https:\/\/www.fundaciobarcelonaolimpica.es\/ca\/clubs-centenaris\/\">Clubs Centenaris<\/a><\/li>\n<li><a href=\"https:\/\/www.fundaciobarcelonaolimpica.es\/ca\/barcelona-olimpica\/\">Barcelona Ol\u00edmpica<\/a><\/li>\n<\/ul>\n\t\t\t\t\t\t\t\t<\/div>\n\t\t\t\t<\/div>\n\t\t\t\t\t<\/div>\n\t\t<\/div>\n\t\t\t\t\t<\/div>\n\t\t<\/section>\n\t\t\t\t<\/div>\n\t\t\t\t<\/div>\n\t\t\t\t\t\t<\/div>\n\t\t\t\t<\/div>\n\t\t\t\t\t<\/div>\n\t\t<\/div>\n\t\t\t\t\t<\/div>\n\t\t<\/section>\n\t\t\t\t<\/div>\n\t\t","protected":false},"excerpt":{"rendered":"<p>La Fundaci\u00f3 Barcelona Ol\u00edmpica, amb la col\u00b7laboraci\u00f3 de la Fundaci\u00f3 Francisco Godia, celebra la rica hist\u00f2ria automobil\u00edstica de Barcelona a trav\u00e9s del llibre Barcelona, Paco Godia i el motor. Una ciutat i un pilot agermanats per una passi\u00f3 comuna que destaca la figura de Paco Godia com a s\u00edmbol d\u2019aquesta passi\u00f3 compartida. A m\u00e9s, s&#8217;organitza [&hellip;]<\/p>\n","protected":false},"author":11,"featured_media":0,"parent":0,"menu_order":0,"comment_status":"closed","ping_status":"closed","template":"","meta":{"_acf_changed":false,"footnotes":""},"class_list":["post-30569","page","type-page","status-publish","hentry"],"acf":[],"yoast_head":"<!-- This site is optimized with the Yoast SEO plugin v23.7 - https:\/\/yoast.com\/wordpress\/plugins\/seo\/ -->\n<title>Barcelona, Paco Godia i el motor - Fundaci\u00f3 Barcelona Ol\u00edmpica<\/title>\n<meta name=\"robots\" content=\"index, follow, max-snippet:-1, max-image-preview:large, max-video-preview:-1\" \/>\n<link rel=\"canonical\" href=\"https:\/\/www.fundaciobarcelonaolimpica.es\/ca\/barcelona-paco-godia-i-el-motor\/\" \/>\n<meta property=\"og:locale\" content=\"ca_ES\" \/>\n<meta property=\"og:type\" content=\"article\" \/>\n<meta property=\"og:title\" content=\"Barcelona, Paco Godia i el motor - Fundaci\u00f3 Barcelona Ol\u00edmpica\" \/>\n<meta property=\"og:description\" content=\"La Fundaci\u00f3 Barcelona Ol\u00edmpica, amb la col\u00b7laboraci\u00f3 de la Fundaci\u00f3 Francisco Godia, celebra la rica hist\u00f2ria automobil\u00edstica de Barcelona a trav\u00e9s del llibre Barcelona, Paco Godia i el motor. Una ciutat i un pilot agermanats per una passi\u00f3 comuna que destaca la figura de Paco Godia com a s\u00edmbol d\u2019aquesta passi\u00f3 compartida. A m\u00e9s, s&#8217;organitza [&hellip;]\" \/>\n<meta property=\"og:url\" content=\"https:\/\/www.fundaciobarcelonaolimpica.es\/ca\/barcelona-paco-godia-i-el-motor\/\" \/>\n<meta property=\"og:site_name\" content=\"Fundaci\u00f3 Barcelona Ol\u00edmpica\" \/>\n<meta property=\"og:image\" content=\"https:\/\/www.fundaciobarcelonaolimpica.es\/wp-content\/uploads\/sites\/3\/2024\/10\/MOE_400x400_A-expotemGODIA.png\" \/>\n<meta name=\"twitter:card\" content=\"summary_large_image\" \/>\n<meta name=\"twitter:label1\" content=\"Temps estimat de lectura\" \/>\n\t<meta name=\"twitter:data1\" content=\"2 minuts\" \/>\n<script type=\"application\/ld+json\" class=\"yoast-schema-graph\">{\"@context\":\"https:\/\/schema.org\",\"@graph\":[{\"@type\":\"WebPage\",\"@id\":\"https:\/\/www.fundaciobarcelonaolimpica.es\/ca\/barcelona-paco-godia-i-el-motor\/\",\"url\":\"https:\/\/www.fundaciobarcelonaolimpica.es\/ca\/barcelona-paco-godia-i-el-motor\/\",\"name\":\"Barcelona, Paco Godia i el motor - Fundaci\u00f3 Barcelona Ol\u00edmpica\",\"isPartOf\":{\"@id\":\"https:\/\/www.fundaciobarcelonaolimpica.es\/ca\/#website\"},\"primaryImageOfPage\":{\"@id\":\"https:\/\/www.fundaciobarcelonaolimpica.es\/ca\/barcelona-paco-godia-i-el-motor\/#primaryimage\"},\"image\":{\"@id\":\"https:\/\/www.fundaciobarcelonaolimpica.es\/ca\/barcelona-paco-godia-i-el-motor\/#primaryimage\"},\"thumbnailUrl\":\"https:\/\/www.fundaciobarcelonaolimpica.es\/wp-content\/uploads\/sites\/3\/2024\/10\/MOE_400x400_A-expotemGODIA.png\",\"datePublished\":\"2024-10-14T11:47:25+00:00\",\"dateModified\":\"2024-10-14T11:47:25+00:00\",\"breadcrumb\":{\"@id\":\"https:\/\/www.fundaciobarcelonaolimpica.es\/ca\/barcelona-paco-godia-i-el-motor\/#breadcrumb\"},\"inLanguage\":\"ca\",\"potentialAction\":[{\"@type\":\"ReadAction\",\"target\":[\"https:\/\/www.fundaciobarcelonaolimpica.es\/ca\/barcelona-paco-godia-i-el-motor\/\"]}]},{\"@type\":\"ImageObject\",\"inLanguage\":\"ca\",\"@id\":\"https:\/\/www.fundaciobarcelonaolimpica.es\/ca\/barcelona-paco-godia-i-el-motor\/#primaryimage\",\"url\":\"https:\/\/www.fundaciobarcelonaolimpica.es\/wp-content\/uploads\/sites\/3\/2024\/10\/MOE_400x400_A-expotemGODIA.png\",\"contentUrl\":\"https:\/\/www.fundaciobarcelonaolimpica.es\/wp-content\/uploads\/sites\/3\/2024\/10\/MOE_400x400_A-expotemGODIA.png\"},{\"@type\":\"BreadcrumbList\",\"@id\":\"https:\/\/www.fundaciobarcelonaolimpica.es\/ca\/barcelona-paco-godia-i-el-motor\/#breadcrumb\",\"itemListElement\":[{\"@type\":\"ListItem\",\"position\":1,\"name\":\"FBO\",\"item\":\"https:\/\/www.fundaciobarcelonaolimpica.es\/es\/\"},{\"@type\":\"ListItem\",\"position\":2,\"name\":\"Barcelona, Paco Godia i el motor\"}]},{\"@type\":\"WebSite\",\"@id\":\"https:\/\/www.fundaciobarcelonaolimpica.es\/ca\/#website\",\"url\":\"https:\/\/www.fundaciobarcelonaolimpica.es\/ca\/\",\"name\":\"Fundaci\u00f3 Barcelona Ol\u00edmpica\",\"description\":\"Web del Museu Ol\u00edmpic i de l&#039;Esport\",\"publisher\":{\"@id\":\"https:\/\/www.fundaciobarcelonaolimpica.es\/ca\/#organization\"},\"potentialAction\":[{\"@type\":\"SearchAction\",\"target\":{\"@type\":\"EntryPoint\",\"urlTemplate\":\"https:\/\/www.fundaciobarcelonaolimpica.es\/ca\/?s={search_term_string}\"},\"query-input\":{\"@type\":\"PropertyValueSpecification\",\"valueRequired\":true,\"valueName\":\"search_term_string\"}}],\"inLanguage\":\"ca\"},{\"@type\":\"Organization\",\"@id\":\"https:\/\/www.fundaciobarcelonaolimpica.es\/ca\/#organization\",\"name\":\"Fundaci\u00f3 Barcelona Ol\u00edmpica\",\"url\":\"https:\/\/www.fundaciobarcelonaolimpica.es\/ca\/\",\"logo\":{\"@type\":\"ImageObject\",\"inLanguage\":\"ca\",\"@id\":\"https:\/\/www.fundaciobarcelonaolimpica.es\/ca\/#\/schema\/logo\/image\/\",\"url\":\"https:\/\/www.fundaciobarcelonaolimpica.es\/wp-content\/uploads\/sites\/3\/2019\/02\/logo-fundacio.svg\",\"contentUrl\":\"https:\/\/www.fundaciobarcelonaolimpica.es\/wp-content\/uploads\/sites\/3\/2019\/02\/logo-fundacio.svg\",\"caption\":\"Fundaci\u00f3 Barcelona Ol\u00edmpica\"},\"image\":{\"@id\":\"https:\/\/www.fundaciobarcelonaolimpica.es\/ca\/#\/schema\/logo\/image\/\"}}]}<\/script>\n<!-- \/ Yoast SEO plugin. -->","yoast_head_json":{"title":"Barcelona, Paco Godia i el motor - Fundaci\u00f3 Barcelona Ol\u00edmpica","robots":{"index":"index","follow":"follow","max-snippet":"max-snippet:-1","max-image-preview":"max-image-preview:large","max-video-preview":"max-video-preview:-1"},"canonical":"https:\/\/www.fundaciobarcelonaolimpica.es\/ca\/barcelona-paco-godia-i-el-motor\/","og_locale":"ca_ES","og_type":"article","og_title":"Barcelona, Paco Godia i el motor - Fundaci\u00f3 Barcelona Ol\u00edmpica","og_description":"La Fundaci\u00f3 Barcelona Ol\u00edmpica, amb la col\u00b7laboraci\u00f3 de la Fundaci\u00f3 Francisco Godia, celebra la rica hist\u00f2ria automobil\u00edstica de Barcelona a trav\u00e9s del llibre Barcelona, Paco Godia i el motor. Una ciutat i un pilot agermanats per una passi\u00f3 comuna que destaca la figura de Paco Godia com a s\u00edmbol d\u2019aquesta passi\u00f3 compartida. A m\u00e9s, s&#8217;organitza [&hellip;]","og_url":"https:\/\/www.fundaciobarcelonaolimpica.es\/ca\/barcelona-paco-godia-i-el-motor\/","og_site_name":"Fundaci\u00f3 Barcelona Ol\u00edmpica","og_image":[{"url":"https:\/\/www.fundaciobarcelonaolimpica.es\/wp-content\/uploads\/sites\/3\/2024\/10\/MOE_400x400_A-expotemGODIA.png"}],"twitter_card":"summary_large_image","twitter_misc":{"Temps estimat de lectura":"2 minuts"},"schema":{"@context":"https:\/\/schema.org","@graph":[{"@type":"WebPage","@id":"https:\/\/www.fundaciobarcelonaolimpica.es\/ca\/barcelona-paco-godia-i-el-motor\/","url":"https:\/\/www.fundaciobarcelonaolimpica.es\/ca\/barcelona-paco-godia-i-el-motor\/","name":"Barcelona, Paco Godia i el motor - Fundaci\u00f3 Barcelona Ol\u00edmpica","isPartOf":{"@id":"https:\/\/www.fundaciobarcelonaolimpica.es\/ca\/#website"},"primaryImageOfPage":{"@id":"https:\/\/www.fundaciobarcelonaolimpica.es\/ca\/barcelona-paco-godia-i-el-motor\/#primaryimage"},"image":{"@id":"https:\/\/www.fundaciobarcelonaolimpica.es\/ca\/barcelona-paco-godia-i-el-motor\/#primaryimage"},"thumbnailUrl":"https:\/\/www.fundaciobarcelonaolimpica.es\/wp-content\/uploads\/sites\/3\/2024\/10\/MOE_400x400_A-expotemGODIA.png","datePublished":"2024-10-14T11:47:25+00:00","dateModified":"2024-10-14T11:47:25+00:00","breadcrumb":{"@id":"https:\/\/www.fundaciobarcelonaolimpica.es\/ca\/barcelona-paco-godia-i-el-motor\/#breadcrumb"},"inLanguage":"ca","potentialAction":[{"@type":"ReadAction","target":["https:\/\/www.fundaciobarcelonaolimpica.es\/ca\/barcelona-paco-godia-i-el-motor\/"]}]},{"@type":"ImageObject","inLanguage":"ca","@id":"https:\/\/www.fundaciobarcelonaolimpica.es\/ca\/barcelona-paco-godia-i-el-motor\/#primaryimage","url":"https:\/\/www.fundaciobarcelonaolimpica.es\/wp-content\/uploads\/sites\/3\/2024\/10\/MOE_400x400_A-expotemGODIA.png","contentUrl":"https:\/\/www.fundaciobarcelonaolimpica.es\/wp-content\/uploads\/sites\/3\/2024\/10\/MOE_400x400_A-expotemGODIA.png"},{"@type":"BreadcrumbList","@id":"https:\/\/www.fundaciobarcelonaolimpica.es\/ca\/barcelona-paco-godia-i-el-motor\/#breadcrumb","itemListElement":[{"@type":"ListItem","position":1,"name":"FBO","item":"https:\/\/www.fundaciobarcelonaolimpica.es\/es\/"},{"@type":"ListItem","position":2,"name":"Barcelona, Paco Godia i el motor"}]},{"@type":"WebSite","@id":"https:\/\/www.fundaciobarcelonaolimpica.es\/ca\/#website","url":"https:\/\/www.fundaciobarcelonaolimpica.es\/ca\/","name":"Fundaci\u00f3 Barcelona Ol\u00edmpica","description":"Web del Museu Ol\u00edmpic i de l&#039;Esport","publisher":{"@id":"https:\/\/www.fundaciobarcelonaolimpica.es\/ca\/#organization"},"potentialAction":[{"@type":"SearchAction","target":{"@type":"EntryPoint","urlTemplate":"https:\/\/www.fundaciobarcelonaolimpica.es\/ca\/?s={search_term_string}"},"query-input":{"@type":"PropertyValueSpecification","valueRequired":true,"valueName":"search_term_string"}}],"inLanguage":"ca"},{"@type":"Organization","@id":"https:\/\/www.fundaciobarcelonaolimpica.es\/ca\/#organization","name":"Fundaci\u00f3 Barcelona Ol\u00edmpica","url":"https:\/\/www.fundaciobarcelonaolimpica.es\/ca\/","logo":{"@type":"ImageObject","inLanguage":"ca","@id":"https:\/\/www.fundaciobarcelonaolimpica.es\/ca\/#\/schema\/logo\/image\/","url":"https:\/\/www.fundaciobarcelonaolimpica.es\/wp-content\/uploads\/sites\/3\/2019\/02\/logo-fundacio.svg","contentUrl":"https:\/\/www.fundaciobarcelonaolimpica.es\/wp-content\/uploads\/sites\/3\/2019\/02\/logo-fundacio.svg","caption":"Fundaci\u00f3 Barcelona Ol\u00edmpica"},"image":{"@id":"https:\/\/www.fundaciobarcelonaolimpica.es\/ca\/#\/schema\/logo\/image\/"}}]}},"_links":{"self":[{"href":"https:\/\/www.fundaciobarcelonaolimpica.es\/ca\/wp-json\/wp\/v2\/pages\/30569"}],"collection":[{"href":"https:\/\/www.fundaciobarcelonaolimpica.es\/ca\/wp-json\/wp\/v2\/pages"}],"about":[{"href":"https:\/\/www.fundaciobarcelonaolimpica.es\/ca\/wp-json\/wp\/v2\/types\/page"}],"author":[{"embeddable":true,"href":"https:\/\/www.fundaciobarcelonaolimpica.es\/ca\/wp-json\/wp\/v2\/users\/11"}],"replies":[{"embeddable":true,"href":"https:\/\/www.fundaciobarcelonaolimpica.es\/ca\/wp-json\/wp\/v2\/comments?post=30569"}],"version-history":[{"count":3,"href":"https:\/\/www.fundaciobarcelonaolimpica.es\/ca\/wp-json\/wp\/v2\/pages\/30569\/revisions"}],"predecessor-version":[{"id":30597,"href":"https:\/\/www.fundaciobarcelonaolimpica.es\/ca\/wp-json\/wp\/v2\/pages\/30569\/revisions\/30597"}],"wp:attachment":[{"href":"https:\/\/www.fundaciobarcelonaolimpica.es\/ca\/wp-json\/wp\/v2\/media?parent=30569"}],"curies":[{"name":"wp","href":"https:\/\/api.w.org\/{rel}","templated":true}]}}