{"id":30978,"date":"2025-06-13T11:07:36","date_gmt":"2025-06-13T09:07:36","guid":{"rendered":"https:\/\/www.fundaciobarcelonaolimpica.es\/oferta-de-treball\/"},"modified":"2025-07-25T08:44:32","modified_gmt":"2025-07-25T06:44:32","slug":"oferta-de-treball","status":"publish","type":"page","link":"https:\/\/www.fundaciobarcelonaolimpica.es\/ca\/oferta-de-treball\/","title":{"rendered":"Oferta de treball"},"content":{"rendered":"\t\t<div data-elementor-type=\"wp-page\" data-elementor-id=\"30978\" class=\"elementor elementor-30978 elementor-30938\" data-elementor-post-type=\"page\">\n\t\t\t\t\t\t<section class=\"elementor-section elementor-top-section elementor-element elementor-element-46794a2 elementor-section-boxed elementor-section-height-default elementor-section-height-default\" data-id=\"46794a2\" data-element_type=\"section\">\n\t\t\t\t\t\t<div class=\"elementor-container elementor-column-gap-default\">\n\t\t\t\t\t<div class=\"elementor-column elementor-col-100 elementor-top-column elementor-element elementor-element-412ef88\" data-id=\"412ef88\" data-element_type=\"column\">\n\t\t\t<div class=\"elementor-widget-wrap elementor-element-populated\">\n\t\t\t\t\t\t<div class=\"elementor-element elementor-element-70c44b1 elementor-widget elementor-widget-heading\" data-id=\"70c44b1\" data-element_type=\"widget\" data-widget_type=\"heading.default\">\n\t\t\t\t<div class=\"elementor-widget-container\">\n\t\t\t\t\t<h2 class=\"elementor-heading-title elementor-size-default\">Convocat\u00f2ria de places<\/h2>\t\t\t\t<\/div>\n\t\t\t\t<\/div>\n\t\t\t\t<div class=\"elementor-element elementor-element-6670281 fbo-ofertas-trabajo-lista elementor-widget elementor-widget-toggle\" data-id=\"6670281\" data-element_type=\"widget\" data-widget_type=\"toggle.default\">\n\t\t\t\t<div class=\"elementor-widget-container\">\n\t\t\t\t\t\t\t<div class=\"elementor-toggle\">\n\t\t\t\t\t\t\t<div class=\"elementor-toggle-item\">\n\t\t\t\t\t<h3 id=\"elementor-tab-title-1071\" class=\"elementor-tab-title\" data-tab=\"1\" role=\"button\" aria-controls=\"elementor-tab-content-1071\" aria-expanded=\"false\">\n\t\t\t\t\t\t\t\t\t\t\t\t<a class=\"elementor-toggle-title\" tabindex=\"0\">Suport al Departament d'Activitats<\/a>\n\t\t\t\t\t<\/h3>\n\n\t\t\t\t\t<div id=\"elementor-tab-content-1071\" class=\"elementor-tab-content elementor-clearfix\" data-tab=\"1\" role=\"region\" aria-labelledby=\"elementor-tab-title-1071\"><p><strong>Refer\u00e8ncia: Selecci\u00f3 FBO-01\/2025<\/strong><\/p>\n<p><strong>Data de publicaci\u00f3:<\/strong> 14 de juny de 2025<br \/><strong>Data de finalitzaci\u00f3:<\/strong> 28 de juny de 2025 (incl\u00f2s)<\/p>\n<p><strong>Objecte de la convocat\u00f2ria<\/strong><\/p>\n<p>Proc\u00e9s de selecci\u00f3 per cobrir un lloc de treball de suport al Departament d\u2019Activitats<\/p>\n<p><strong>Descripci\u00f3 funcional<\/strong><\/p>\n<p>Col\u00b7laborar en totes les tasques de suport al Departament d\u2019Activitats, especialment les que fan refer\u00e8ncia al Projecte Educatiu.<\/p>\n<p><a href=\"https:\/\/www.fundaciobarcelonaolimpica.es\/wp-content\/uploads\/sites\/3\/2025\/06\/FBO-012025_Suport-departament-activitats.pdf\">Bases de la convocat\u00f2ria<\/a><\/p>\n<p><a href=\"https:\/\/www.fundaciobarcelonaolimpica.es\/wp-content\/uploads\/sites\/3\/2025\/07\/Relacio-persones-admeses-01-2025.pdf\">Relaci\u00f3 persones admeses<\/a><\/p>\n<p><a href=\"https:\/\/www.fundaciobarcelonaolimpica.es\/wp-content\/uploads\/sites\/3\/2025\/07\/Resolucio-01-2025.pdf\">Resoluci\u00f3<\/a><\/p>\n<\/div>\n\t\t\t\t<\/div>\n\t\t\t\t\t\t\t\t<\/div>\n\t\t\t\t\t\t<\/div>\n\t\t\t\t<\/div>\n\t\t\t\t\t<\/div>\n\t\t<\/div>\n\t\t\t\t\t<\/div>\n\t\t<\/section>\n\t\t\t\t<\/div>\n\t\t","protected":false},"excerpt":{"rendered":"<p>Convocat\u00f2ria de places Suport al Departament d&#8217;Activitats Refer\u00e8ncia: Selecci\u00f3 FBO-01\/2025 Data de publicaci\u00f3: 14 de juny de 2025Data de finalitzaci\u00f3: 28 de juny de 2025 (incl\u00f2s) Objecte de la convocat\u00f2ria Proc\u00e9s de selecci\u00f3 per cobrir un lloc de treball de suport al Departament d\u2019Activitats Descripci\u00f3 funcional Col\u00b7laborar en totes les tasques de suport al Departament [&hellip;]<\/p>\n","protected":false},"author":1,"featured_media":0,"parent":0,"menu_order":0,"comment_status":"closed","ping_status":"closed","template":"","meta":{"_acf_changed":false,"footnotes":""},"class_list":["post-30978","page","type-page","status-publish","hentry"],"acf":[],"yoast_head":"<!-- This site is optimized with the Yoast SEO plugin v23.7 - https:\/\/yoast.com\/wordpress\/plugins\/seo\/ -->\n<title>Oferta de treball - Fundaci\u00f3 Barcelona Ol\u00edmpica<\/title>\n<meta name=\"description\" content=\"Aquestes Bases regulen el proc\u00e9s de selecci\u00f3 per cobrir un lloc de treball de suport alDepartament d\u2019Activitats, amb les seg\u00fcents caracter\u00edstiques:\u2022 Modalitat contractual: contracte Indefinit (per\u00edode de prova 6 mesos)\u2022 Conveni regulador: Conveni Col\u00b7lectiu d&#039;Oficines i Despatxos de Catalunya\u2022 Jornada laboral: 1.760 hores d\u2019acord amb el que estableix el conveni de refer\u00e8ncia\u2022 Horari: flexible, 40 hores setmanals\u2022 Retribuci\u00f3 brut anual: 25.480,00 \u20ac distribu\u00efts en 14 pagues2. DESCRIPCI\u00d3 FUNCIONAL DEL LLOC DE TREBALLMissi\u00f3:Col\u00b7laborar en totes les tasques de suport al Departament d\u2019Activitats, especialment lesque fan refer\u00e8ncia al Projecte Educatiu.\" \/>\n<meta name=\"robots\" content=\"noindex, nofollow\" \/>\n<meta property=\"og:locale\" content=\"ca_ES\" \/>\n<meta property=\"og:type\" content=\"article\" \/>\n<meta property=\"og:title\" content=\"Oferta de treball - Fundaci\u00f3 Barcelona Ol\u00edmpica\" \/>\n<meta property=\"og:description\" content=\"Aquestes Bases regulen el proc\u00e9s de selecci\u00f3 per cobrir un lloc de treball de suport alDepartament d\u2019Activitats, amb les seg\u00fcents caracter\u00edstiques:\u2022 Modalitat contractual: contracte Indefinit (per\u00edode de prova 6 mesos)\u2022 Conveni regulador: Conveni Col\u00b7lectiu d&#039;Oficines i Despatxos de Catalunya\u2022 Jornada laboral: 1.760 hores d\u2019acord amb el que estableix el conveni de refer\u00e8ncia\u2022 Horari: flexible, 40 hores setmanals\u2022 Retribuci\u00f3 brut anual: 25.480,00 \u20ac distribu\u00efts en 14 pagues2. DESCRIPCI\u00d3 FUNCIONAL DEL LLOC DE TREBALLMissi\u00f3:Col\u00b7laborar en totes les tasques de suport al Departament d\u2019Activitats, especialment lesque fan refer\u00e8ncia al Projecte Educatiu.\" \/>\n<meta property=\"og:url\" content=\"https:\/\/www.fundaciobarcelonaolimpica.es\/es\/oferta-de-trabajo\/\" \/>\n<meta property=\"og:site_name\" content=\"Fundaci\u00f3 Barcelona Ol\u00edmpica\" \/>\n<meta property=\"article:modified_time\" content=\"2025-07-25T06:44:32+00:00\" \/>\n<meta name=\"twitter:card\" content=\"summary_large_image\" \/>\n<script type=\"application\/ld+json\" class=\"yoast-schema-graph\">{\"@context\":\"https:\/\/schema.org\",\"@graph\":[{\"@type\":\"WebPage\",\"@id\":\"https:\/\/www.fundaciobarcelonaolimpica.es\/es\/oferta-de-trabajo\/\",\"url\":\"https:\/\/www.fundaciobarcelonaolimpica.es\/es\/oferta-de-trabajo\/\",\"name\":\"Oferta de treball - Fundaci\u00f3 Barcelona Ol\u00edmpica\",\"isPartOf\":{\"@id\":\"https:\/\/www.fundaciobarcelonaolimpica.es\/ca\/#website\"},\"datePublished\":\"2025-06-13T09:07:36+00:00\",\"dateModified\":\"2025-07-25T06:44:32+00:00\",\"description\":\"Aquestes Bases regulen el proc\u00e9s de selecci\u00f3 per cobrir un lloc de treball de suport alDepartament d\u2019Activitats, amb les seg\u00fcents caracter\u00edstiques:\u2022 Modalitat contractual: contracte Indefinit (per\u00edode de prova 6 mesos)\u2022 Conveni regulador: Conveni Col\u00b7lectiu d'Oficines i Despatxos de Catalunya\u2022 Jornada laboral: 1.760 hores d\u2019acord amb el que estableix el conveni de refer\u00e8ncia\u2022 Horari: flexible, 40 hores setmanals\u2022 Retribuci\u00f3 brut anual: 25.480,00 \u20ac distribu\u00efts en 14 pagues2. DESCRIPCI\u00d3 FUNCIONAL DEL LLOC DE TREBALLMissi\u00f3:Col\u00b7laborar en totes les tasques de suport al Departament d\u2019Activitats, especialment lesque fan refer\u00e8ncia al Projecte Educatiu.\",\"breadcrumb\":{\"@id\":\"https:\/\/www.fundaciobarcelonaolimpica.es\/es\/oferta-de-trabajo\/#breadcrumb\"},\"inLanguage\":\"ca\",\"potentialAction\":[{\"@type\":\"ReadAction\",\"target\":[\"https:\/\/www.fundaciobarcelonaolimpica.es\/es\/oferta-de-trabajo\/\"]}]},{\"@type\":\"BreadcrumbList\",\"@id\":\"https:\/\/www.fundaciobarcelonaolimpica.es\/es\/oferta-de-trabajo\/#breadcrumb\",\"itemListElement\":[{\"@type\":\"ListItem\",\"position\":1,\"name\":\"FBO\",\"item\":\"https:\/\/www.fundaciobarcelonaolimpica.es\/es\/\"},{\"@type\":\"ListItem\",\"position\":2,\"name\":\"Oferta de treball\"}]},{\"@type\":\"WebSite\",\"@id\":\"https:\/\/www.fundaciobarcelonaolimpica.es\/ca\/#website\",\"url\":\"https:\/\/www.fundaciobarcelonaolimpica.es\/ca\/\",\"name\":\"Fundaci\u00f3 Barcelona Ol\u00edmpica\",\"description\":\"Web del Museu Ol\u00edmpic i de l&#039;Esport\",\"publisher\":{\"@id\":\"https:\/\/www.fundaciobarcelonaolimpica.es\/ca\/#organization\"},\"potentialAction\":[{\"@type\":\"SearchAction\",\"target\":{\"@type\":\"EntryPoint\",\"urlTemplate\":\"https:\/\/www.fundaciobarcelonaolimpica.es\/ca\/?s={search_term_string}\"},\"query-input\":{\"@type\":\"PropertyValueSpecification\",\"valueRequired\":true,\"valueName\":\"search_term_string\"}}],\"inLanguage\":\"ca\"},{\"@type\":\"Organization\",\"@id\":\"https:\/\/www.fundaciobarcelonaolimpica.es\/ca\/#organization\",\"name\":\"Fundaci\u00f3 Barcelona Ol\u00edmpica\",\"url\":\"https:\/\/www.fundaciobarcelonaolimpica.es\/ca\/\",\"logo\":{\"@type\":\"ImageObject\",\"inLanguage\":\"ca\",\"@id\":\"https:\/\/www.fundaciobarcelonaolimpica.es\/ca\/#\/schema\/logo\/image\/\",\"url\":\"https:\/\/www.fundaciobarcelonaolimpica.es\/wp-content\/uploads\/sites\/3\/2019\/02\/logo-fundacio.svg\",\"contentUrl\":\"https:\/\/www.fundaciobarcelonaolimpica.es\/wp-content\/uploads\/sites\/3\/2019\/02\/logo-fundacio.svg\",\"caption\":\"Fundaci\u00f3 Barcelona Ol\u00edmpica\"},\"image\":{\"@id\":\"https:\/\/www.fundaciobarcelonaolimpica.es\/ca\/#\/schema\/logo\/image\/\"}}]}<\/script>\n<!-- \/ Yoast SEO plugin. -->","yoast_head_json":{"title":"Oferta de treball - Fundaci\u00f3 Barcelona Ol\u00edmpica","description":"Aquestes Bases regulen el proc\u00e9s de selecci\u00f3 per cobrir un lloc de treball de suport alDepartament d\u2019Activitats, amb les seg\u00fcents caracter\u00edstiques:\u2022 Modalitat contractual: contracte Indefinit (per\u00edode de prova 6 mesos)\u2022 Conveni regulador: Conveni Col\u00b7lectiu d'Oficines i Despatxos de Catalunya\u2022 Jornada laboral: 1.760 hores d\u2019acord amb el que estableix el conveni de refer\u00e8ncia\u2022 Horari: flexible, 40 hores setmanals\u2022 Retribuci\u00f3 brut anual: 25.480,00 \u20ac distribu\u00efts en 14 pagues2. DESCRIPCI\u00d3 FUNCIONAL DEL LLOC DE TREBALLMissi\u00f3:Col\u00b7laborar en totes les tasques de suport al Departament d\u2019Activitats, especialment lesque fan refer\u00e8ncia al Projecte Educatiu.","robots":{"index":"noindex","follow":"nofollow"},"og_locale":"ca_ES","og_type":"article","og_title":"Oferta de treball - Fundaci\u00f3 Barcelona Ol\u00edmpica","og_description":"Aquestes Bases regulen el proc\u00e9s de selecci\u00f3 per cobrir un lloc de treball de suport alDepartament d\u2019Activitats, amb les seg\u00fcents caracter\u00edstiques:\u2022 Modalitat contractual: contracte Indefinit (per\u00edode de prova 6 mesos)\u2022 Conveni regulador: Conveni Col\u00b7lectiu d'Oficines i Despatxos de Catalunya\u2022 Jornada laboral: 1.760 hores d\u2019acord amb el que estableix el conveni de refer\u00e8ncia\u2022 Horari: flexible, 40 hores setmanals\u2022 Retribuci\u00f3 brut anual: 25.480,00 \u20ac distribu\u00efts en 14 pagues2. DESCRIPCI\u00d3 FUNCIONAL DEL LLOC DE TREBALLMissi\u00f3:Col\u00b7laborar en totes les tasques de suport al Departament d\u2019Activitats, especialment lesque fan refer\u00e8ncia al Projecte Educatiu.","og_url":"https:\/\/www.fundaciobarcelonaolimpica.es\/es\/oferta-de-trabajo\/","og_site_name":"Fundaci\u00f3 Barcelona Ol\u00edmpica","article_modified_time":"2025-07-25T06:44:32+00:00","twitter_card":"summary_large_image","schema":{"@context":"https:\/\/schema.org","@graph":[{"@type":"WebPage","@id":"https:\/\/www.fundaciobarcelonaolimpica.es\/es\/oferta-de-trabajo\/","url":"https:\/\/www.fundaciobarcelonaolimpica.es\/es\/oferta-de-trabajo\/","name":"Oferta de treball - Fundaci\u00f3 Barcelona Ol\u00edmpica","isPartOf":{"@id":"https:\/\/www.fundaciobarcelonaolimpica.es\/ca\/#website"},"datePublished":"2025-06-13T09:07:36+00:00","dateModified":"2025-07-25T06:44:32+00:00","description":"Aquestes Bases regulen el proc\u00e9s de selecci\u00f3 per cobrir un lloc de treball de suport alDepartament d\u2019Activitats, amb les seg\u00fcents caracter\u00edstiques:\u2022 Modalitat contractual: contracte Indefinit (per\u00edode de prova 6 mesos)\u2022 Conveni regulador: Conveni Col\u00b7lectiu d'Oficines i Despatxos de Catalunya\u2022 Jornada laboral: 1.760 hores d\u2019acord amb el que estableix el conveni de refer\u00e8ncia\u2022 Horari: flexible, 40 hores setmanals\u2022 Retribuci\u00f3 brut anual: 25.480,00 \u20ac distribu\u00efts en 14 pagues2. DESCRIPCI\u00d3 FUNCIONAL DEL LLOC DE TREBALLMissi\u00f3:Col\u00b7laborar en totes les tasques de suport al Departament d\u2019Activitats, especialment lesque fan refer\u00e8ncia al Projecte Educatiu.","breadcrumb":{"@id":"https:\/\/www.fundaciobarcelonaolimpica.es\/es\/oferta-de-trabajo\/#breadcrumb"},"inLanguage":"ca","potentialAction":[{"@type":"ReadAction","target":["https:\/\/www.fundaciobarcelonaolimpica.es\/es\/oferta-de-trabajo\/"]}]},{"@type":"BreadcrumbList","@id":"https:\/\/www.fundaciobarcelonaolimpica.es\/es\/oferta-de-trabajo\/#breadcrumb","itemListElement":[{"@type":"ListItem","position":1,"name":"FBO","item":"https:\/\/www.fundaciobarcelonaolimpica.es\/es\/"},{"@type":"ListItem","position":2,"name":"Oferta de treball"}]},{"@type":"WebSite","@id":"https:\/\/www.fundaciobarcelonaolimpica.es\/ca\/#website","url":"https:\/\/www.fundaciobarcelonaolimpica.es\/ca\/","name":"Fundaci\u00f3 Barcelona Ol\u00edmpica","description":"Web del Museu Ol\u00edmpic i de l&#039;Esport","publisher":{"@id":"https:\/\/www.fundaciobarcelonaolimpica.es\/ca\/#organization"},"potentialAction":[{"@type":"SearchAction","target":{"@type":"EntryPoint","urlTemplate":"https:\/\/www.fundaciobarcelonaolimpica.es\/ca\/?s={search_term_string}"},"query-input":{"@type":"PropertyValueSpecification","valueRequired":true,"valueName":"search_term_string"}}],"inLanguage":"ca"},{"@type":"Organization","@id":"https:\/\/www.fundaciobarcelonaolimpica.es\/ca\/#organization","name":"Fundaci\u00f3 Barcelona Ol\u00edmpica","url":"https:\/\/www.fundaciobarcelonaolimpica.es\/ca\/","logo":{"@type":"ImageObject","inLanguage":"ca","@id":"https:\/\/www.fundaciobarcelonaolimpica.es\/ca\/#\/schema\/logo\/image\/","url":"https:\/\/www.fundaciobarcelonaolimpica.es\/wp-content\/uploads\/sites\/3\/2019\/02\/logo-fundacio.svg","contentUrl":"https:\/\/www.fundaciobarcelonaolimpica.es\/wp-content\/uploads\/sites\/3\/2019\/02\/logo-fundacio.svg","caption":"Fundaci\u00f3 Barcelona Ol\u00edmpica"},"image":{"@id":"https:\/\/www.fundaciobarcelonaolimpica.es\/ca\/#\/schema\/logo\/image\/"}}]}},"_links":{"self":[{"href":"https:\/\/www.fundaciobarcelonaolimpica.es\/ca\/wp-json\/wp\/v2\/pages\/30978"}],"collection":[{"href":"https:\/\/www.fundaciobarcelonaolimpica.es\/ca\/wp-json\/wp\/v2\/pages"}],"about":[{"href":"https:\/\/www.fundaciobarcelonaolimpica.es\/ca\/wp-json\/wp\/v2\/types\/page"}],"author":[{"embeddable":true,"href":"https:\/\/www.fundaciobarcelonaolimpica.es\/ca\/wp-json\/wp\/v2\/users\/1"}],"replies":[{"embeddable":true,"href":"https:\/\/www.fundaciobarcelonaolimpica.es\/ca\/wp-json\/wp\/v2\/comments?post=30978"}],"version-history":[{"count":5,"href":"https:\/\/www.fundaciobarcelonaolimpica.es\/ca\/wp-json\/wp\/v2\/pages\/30978\/revisions"}],"predecessor-version":[{"id":31036,"href":"https:\/\/www.fundaciobarcelonaolimpica.es\/ca\/wp-json\/wp\/v2\/pages\/30978\/revisions\/31036"}],"wp:attachment":[{"href":"https:\/\/www.fundaciobarcelonaolimpica.es\/ca\/wp-json\/wp\/v2\/media?parent=30978"}],"curies":[{"name":"wp","href":"https:\/\/api.w.org\/{rel}","templated":true}]}}