{"id":32778,"date":"2026-04-14T12:31:12","date_gmt":"2026-04-14T10:31:12","guid":{"rendered":"https:\/\/www.fundaciobarcelonaolimpica.es\/?page_id=32778"},"modified":"2026-04-14T12:38:43","modified_gmt":"2026-04-14T10:38:43","slug":"ponentes","status":"publish","type":"page","link":"https:\/\/www.fundaciobarcelonaolimpica.es\/ca\/ponentes\/","title":{"rendered":"Ponentes"},"content":{"rendered":"\t\t<div data-elementor-type=\"wp-post\" data-elementor-id=\"32778\" class=\"elementor elementor-32778 elementor-32777\" data-elementor-post-type=\"page\">\n\t\t\t\t\t\t<section class=\"elementor-section elementor-top-section elementor-element elementor-element-2408ef9 fbo-about elementor-section-boxed elementor-section-height-default elementor-section-height-default\" data-id=\"2408ef9\" data-element_type=\"section\">\n\t\t\t\t\t\t<div class=\"elementor-container elementor-column-gap-default\">\n\t\t\t\t\t<div class=\"elementor-column elementor-col-100 elementor-top-column elementor-element elementor-element-ff5a569\" data-id=\"ff5a569\" data-element_type=\"column\">\n\t\t\t<div class=\"elementor-widget-wrap elementor-element-populated\">\n\t\t\t\t\t\t<section class=\"elementor-section elementor-inner-section elementor-element elementor-element-1492249 fbo-content--intro elementor-section-boxed elementor-section-height-default elementor-section-height-default\" data-id=\"1492249\" data-element_type=\"section\">\n\t\t\t\t\t\t<div class=\"elementor-container elementor-column-gap-default\">\n\t\t\t\t\t<div class=\"elementor-column elementor-col-100 elementor-inner-column elementor-element elementor-element-0631b19\" data-id=\"0631b19\" data-element_type=\"column\">\n\t\t\t<div class=\"elementor-widget-wrap elementor-element-populated\">\n\t\t\t\t\t\t<div class=\"elementor-element elementor-element-20a511e elementor-widget elementor-widget-text-editor\" data-id=\"20a511e\" data-element_type=\"widget\" data-widget_type=\"text-editor.default\">\n\t\t\t\t<div class=\"elementor-widget-container\">\n\t\t\t\t\t\t\t\t\t<p style=\"text-align: center\">Gr\u00e0cies per la seva participaci\u00f3 en les jornades del valor de l&#8217;esport al s.XXI a la sessi\u00f3<\/p>\n<p><\/p>\n<p style=\"text-align: center;\"><strong>BARCELONA y EL GRAND\u00a0 D\u00c9PART<\/strong><\/p>\n<p><\/p>\n<p data-start=\"167\" data-end=\"338\">Des del Departament de Comunicaci\u00f3 ens posarem en contacte amb vost\u00e8 amb la finalitat de presentar-li els materials divulgatius per a la seva validaci\u00f3 pr\u00e8via a la publicaci\u00f3.<\/p>\n<p>&nbsp;<\/p>\n<p data-start=\"340\" data-end=\"703\">La informaci\u00f3 que ens faciliti \u2014amb l\u2019excepci\u00f3 del correu electr\u00f2nic i el n\u00famero de tel\u00e8fon\u2014 ser\u00e0 utilitzada exclusivament amb finalitats divulgatives relacionades amb l\u2019activitat en qu\u00e8 participa. Per aquest motiu, li sol\u00b7licitem que accepti la nostra pol\u00edtica de privacitat i autoritzi l\u2019\u00fas del seu nom, c\u00e0rrec, biografia i fotografia per a la difusi\u00f3 de l\u2019acte.<\/p>\n<p>&nbsp;<\/p>\n<p data-start=\"705\" data-end=\"880\">Un cop finalitzada la seva participaci\u00f3, aquesta informaci\u00f3 passar\u00e0 a formar part de l\u2019arxiu de la Fundaci\u00f3 Barcelona Ol\u00edmpica. En cap cas les seves dades seran cedides a tercers.<\/p>\n<p>&nbsp;<\/p>\n<p data-start=\"882\" data-end=\"913\">Li agra\u00efm la seva col\u00b7laboraci\u00f3.<\/p>\n<div class=\"caldera-grid\" id=\"caldera_form_1\" data-cf-ver=\"1.9.4\" data-cf-form-id=\"CF69cb973ef3f36\"><div id=\"caldera_notices_1\" data-spinner=\"https:\/\/www.fundaciobarcelonaolimpica.es\/wp-admin\/images\/spinner.gif\"><\/div><form data-instance=\"1\" class=\"CF69cb973ef3f36 caldera_forms_form cfajax-trigger\" method=\"POST\" enctype=\"multipart\/form-data\" id=\"CF69cb973ef3f36_1\" data-form-id=\"CF69cb973ef3f36\" aria-label=\"Ponentes CAT\" data-target=\"#caldera_notices_1\" data-template=\"#cfajax_CF69cb973ef3f36-tmpl\" data-cfajax=\"CF69cb973ef3f36\" data-load-element=\"_parent\" data-load-class=\"cf_processing\" data-post-disable=\"0\" data-action=\"cf_process_ajax_submit\" data-request=\"https:\/\/www.fundaciobarcelonaolimpica.es\/ca\/\/cf-api\/CF69cb973ef3f36\" data-hiderows=\"true\">\r\n<input type=\"hidden\" id=\"_cf_verify_CF69cb973ef3f36\" name=\"_cf_verify\" value=\"1c39d25542\"  data-nonce-time=\"1777715532\" \/><input type=\"hidden\" name=\"_wp_http_referer\" value=\"\/ca\/wp-json\/wp\/v2\/pages\/32778\" \/><div id=\"cf2-CF69cb973ef3f36_1\"><\/div><input type=\"hidden\" name=\"_cf_frm_id\" value=\"CF69cb973ef3f36\">\r\n<input type=\"hidden\" name=\"_cf_frm_ct\" value=\"1\">\r\n<input type=\"hidden\" name=\"cfajax\" value=\"CF69cb973ef3f36\">\r\n<input type=\"hidden\" name=\"_cf_cr_pst\" value=\"32778\">\r\n<div class=\"hide\" style=\"display:none; overflow:hidden;height:0;width:0;\">\r\n<label>Correu electr\u00f2nic<\/label><input type=\"text\" name=\"email\" value=\"\" autocomplete=\"off\">\r\n<\/div><div id=\"CF69cb973ef3f36_1-row-1\"  class=\"row  first_row\"><div  class=\"col-sm-4  first_col\"><div data-field-wrapper=\"fld_8768091\" class=\"form-group\" id=\"fld_8768091_1-wrap\">\r\n\t<label id=\"fld_8768091Label\" for=\"fld_8768091_1\" class=\"control-label\">Nom <span aria-hidden=\"true\" role=\"presentation\" class=\"field_required\" style=\"color:#ee0000;\">*<\/span><\/label>\r\n\t<div class=\"\">\r\n\t\t<input   required type=\"text\" data-field=\"fld_8768091\" class=\" form-control\" id=\"fld_8768091_1\" name=\"fld_8768091\" value=\"\" data-type=\"text\" aria-required=\"true\"   aria-labelledby=\"fld_8768091Label\" >\t\t\t<\/div>\r\n<\/div>\r\n<\/div><div  class=\"col-sm-4 \"><div data-field-wrapper=\"fld_9970286\" class=\"form-group\" id=\"fld_9970286_1-wrap\">\r\n\t<label id=\"fld_9970286Label\" for=\"fld_9970286_1\" class=\"control-label\">Cognom <span aria-hidden=\"true\" role=\"presentation\" class=\"field_required\" style=\"color:#ee0000;\">*<\/span><\/label>\r\n\t<div class=\"\">\r\n\t\t<input   required type=\"text\" data-field=\"fld_9970286\" class=\" form-control\" id=\"fld_9970286_1\" name=\"fld_9970286\" value=\"\" data-type=\"text\" aria-required=\"true\"   aria-labelledby=\"fld_9970286Label\" >\t\t\t<\/div>\r\n<\/div>\r\n<\/div><div  class=\"col-sm-4  last_col\"><div data-field-wrapper=\"fld_6009157\" class=\"form-group\" id=\"fld_6009157_1-wrap\">\r\n\t<label id=\"fld_6009157Label\" for=\"fld_6009157_1\" class=\"control-label\">Email <span aria-hidden=\"true\" role=\"presentation\" class=\"field_required\" style=\"color:#ee0000;\">*<\/span><\/label>\r\n\t<div class=\"\">\r\n\t\t<input   required type=\"email\" data-field=\"fld_6009157\" class=\" form-control\" id=\"fld_6009157_1\" name=\"fld_6009157\" value=\"\" data-type=\"email\" aria-required=\"true\"   aria-labelledby=\"fld_6009157Label\" >\t\t\t<\/div>\r\n<\/div>\r\n<div data-field-wrapper=\"fld_9625579\" class=\"form-group\" id=\"fld_9625579_1-wrap\">\r\n\t<label id=\"fld_9625579Label\" for=\"fld_9625579_1\" class=\"control-label\">Tel\u00e8fon <span aria-hidden=\"true\" role=\"presentation\" class=\"field_required\" style=\"color:#ee0000;\">*<\/span><\/label>\r\n\t<div class=\"\">\r\n\t\t<input   required type=\"tel\" data-field=\"fld_9625579\" class=\" form-control\" id=\"fld_9625579_1\" name=\"fld_9625579\" value=\"\" data-type=\"phone_better\" aria-required=\"true\"   aria-labelledby=\"fld_9625579Label\" >\t\t\t<\/div>\r\n<\/div>\r\n<\/div><\/div><div id=\"CF69cb973ef3f36_1-row-2\"  class=\"row \"><div  class=\"col-sm-12  single\"><div class=\"\"><h3>Dades personals per a l&#8217;\u00e0rea de comunicaci\u00f3<\/h3>\n<\/div><div data-field-wrapper=\"fld_7222690\" class=\"form-group\" id=\"fld_7222690_1-wrap\">\r\n\t<label id=\"fld_7222690Label\" for=\"fld_7222690_1\" class=\"control-label\">C\u00e0rrec amb el qual vol apar\u00e8ixer en la pon\u00e8ncia <span aria-hidden=\"true\" role=\"presentation\" class=\"field_required\" style=\"color:#ee0000;\">*<\/span><\/label>\r\n\t<div class=\"\">\r\n\t\t<input   required type=\"text\" data-field=\"fld_7222690\" class=\" form-control\" id=\"fld_7222690_1\" name=\"fld_7222690\" value=\"\" data-type=\"text\" aria-required=\"true\"   aria-labelledby=\"fld_7222690Label\" aria-describedby=\"fld_7222690Caption\" >\t\t<span id=\"fld_7222690Caption\" class=\"help-block\">Vinculat amb el tema de la jornada<\/span>\r\n\t<\/div>\r\n<\/div>\r\n<div data-field-wrapper=\"fld_6203057\" class=\"form-group\" id=\"fld_6203057_1-wrap\">\r\n\t<label id=\"fld_6203057Label\" for=\"fld_6203057_1\" class=\"control-label\">C\u00e0rrec que exerceix actualment <span aria-hidden=\"true\" role=\"presentation\" class=\"field_required\" style=\"color:#ee0000;\">*<\/span><\/label>\r\n\t<div class=\"\">\r\n\t\t<input   required type=\"text\" data-field=\"fld_6203057\" class=\" form-control\" id=\"fld_6203057_1\" name=\"fld_6203057\" value=\"\" data-type=\"text\" aria-required=\"true\"   aria-labelledby=\"fld_6203057Label\" >\t\t\t<\/div>\r\n<\/div>\r\n<div data-field-wrapper=\"fld_7683514\" class=\"form-group\" id=\"fld_7683514_1-wrap\">\r\n\t<label id=\"fld_7683514Label\" for=\"fld_7683514_1\" class=\"control-label\">Biografia <span aria-hidden=\"true\" role=\"presentation\" class=\"field_required\" style=\"color:#ee0000;\">*<\/span><\/label>\r\n\t<div class=\"\">\r\n\t\t<textarea name=\"fld_7683514\" value=\"\" data-field=\"fld_7683514\" class=\"form-control\" id=\"fld_7683514_1\" rows=\"7\"  required=\"required\"  aria-labelledby=\"fld_7683514Label\" aria-describedby=\"fld_7683514Caption\" ><\/textarea>\n\t\t<span id=\"fld_7683514Caption\" class=\"help-block\">Indiqui per ordre de prefer\u00e8ncia i\/o rellev\u00e0ncia aquelles dades m\u00e9s significatives que vulgui que ressaltem en la seva presentaci\u00f3.<\/span>\r\n\t<\/div>\r\n<\/div>\r\n<div data-field-wrapper=\"fld_29462\" class=\"form-group\" id=\"fld_29462_1-wrap\">\r\n\t<label id=\"fld_29462Label\" for=\"fld_29462_1\" class=\"control-label\">Foto <span aria-hidden=\"true\" role=\"presentation\" class=\"field_required\" style=\"color:#ee0000;\">*<\/span><\/label>\r\n\t<div class=\"file-prevent-overflow\">\r\n\t\t<div id=\"fld_29462_1_file_list\" class=\"cf-multi-uploader-list\"><\/div>\n\t\t\t\t<input type=\"file\" name=\"fld_29462\" value=\"\" data-field=\"fld_29462\" class=\"\" id=\"fld_29462_1\" data-controlid=\"trupl69f5c94cd1a81\"   required=\"required\"   aria-labelledby=\"fld_29462Label\">\n\t\t<input type=\"hidden\" name=\"fld_29462\" value=\"trupl69f5c94cd1a81\">\n\t\t\t<\/div>\r\n<\/div>\r\n<div data-field-wrapper=\"fld_5242609\" class=\"form-group\" id=\"fld_5242609_1-wrap\">\r\n\t<label id=\"fld_5242609Label\" for=\"fld_5242609_1\" class=\"control-label\">Video<\/label>\r\n\t<div class=\"file-prevent-overflow\">\r\n\t\t<div id=\"fld_5242609_1_file_list\" class=\"cf-multi-uploader-list\"><\/div>\n\t\t\t\t<input type=\"file\" name=\"fld_5242609\" value=\"\" data-field=\"fld_5242609\" class=\"\" id=\"fld_5242609_1\" data-controlid=\"trupl69f5c94cd1b39\"      aria-labelledby=\"fld_5242609Label\" aria-describedby=\"fld_5242609Caption\">\n\t\t<input type=\"hidden\" name=\"fld_5242609\" value=\"trupl69f5c94cd1b39\">\n\t\t<span id=\"fld_5242609Caption\" class=\"help-block\">Con vistas a promocionar las jornadas nos gustar\u00eda poder tener un video suyo en vertical animando a venir  a su jornado donde hablar\u00e1 de,&#8230; El v\u00eddeo tambi\u00e9n lo puedo enviar directamente por whassup o telegram al tel\u00e9fono: 609263351<\/span>\r\n\t<\/div>\r\n<\/div>\r\n<div class=\"\"><h2>Ens agradaria comptar amb la seva col\u00b7laboraci\u00f3 en xarxes socials<\/h2>\n<p>Per a un millor abast ens agradaria comptar amb la seva col\u00b7laboraci\u00f3 en xarxes socials. Ens agradaria compartir la informaci\u00f3 i si fos possible que la compart\u00eds, per a aix\u00f2 nosaltres li compartir\u00edem les publicacions. Moltes gr\u00e0cies<\/p>\n<\/div><\/div><\/div><div id=\"CF69cb973ef3f36_1-row-3\"  class=\"row \"><div  class=\"col-sm-6  first_col\"><div data-field-wrapper=\"fld_6791564\" class=\"form-group\" id=\"fld_6791564_1-wrap\">\r\n\t<label id=\"fld_6791564Label\" for=\"fld_6791564_1\" class=\"control-label\">Instagram<\/label>\r\n\t<div class=\"\">\r\n\t\t<input    type=\"text\" data-field=\"fld_6791564\" class=\" form-control\" id=\"fld_6791564_1\" name=\"fld_6791564\" value=\"\" data-type=\"text\"   aria-labelledby=\"fld_6791564Label\" >\t\t\t<\/div>\r\n<\/div>\r\n<\/div><div  class=\"col-sm-6  last_col\"><div data-field-wrapper=\"fld_7282515\" class=\"form-group\" id=\"fld_7282515_1-wrap\">\r\n\t<label id=\"fld_7282515Label\" for=\"fld_7282515_1\" class=\"control-label\">Linkedin<\/label>\r\n\t<div class=\"\">\r\n\t\t<input    type=\"text\" data-field=\"fld_7282515\" class=\" form-control\" id=\"fld_7282515_1\" name=\"fld_7282515\" value=\"\" data-type=\"text\"   aria-labelledby=\"fld_7282515Label\" >\t\t\t<\/div>\r\n<\/div>\r\n<\/div><\/div><div id=\"CF69cb973ef3f36_1-row-4\"  class=\"row  last_row\"><div  class=\"col-sm-12  single\"><div data-field-wrapper=\"fld_7825954\" class=\"form-group\" id=\"fld_7825954_1-wrap\">\r\n\t<label id=\"fld_7825954Label\" for=\"fld_7825954_1\" class=\"control-label screen-reader-text sr-only\">He llegit i accepto la Pol\u00edtica de privacitat de la Fundaci\u00f3 Barcelona Ol\u00edmpica.<\/label>\r\n\t<div class=\"\">\r\n\t\t\t\t\t\t\t\t\t\t\t<div class=\"checkbox\">\n\t\t\t\t\n                <label                         for=\"fld_7825954_1_opt1554799\"\n                >\n                            <input\n                                data-parsley-required=\"true\" data-parsley-group=\"fld_7825954_1\" data-parsley-multiple=\"fld_7825954_1\"                                type=\"checkbox\"\n                                data-label=\"He llegit i accepto la Pol\u00edtica de privacitat de la Fundaci\u00f3 Barcelona Ol\u00edmpica.\"\n                                data-field=\"fld_7825954\"\n                                id=\"fld_7825954_1_opt1554799\"\n                                class=\"fld_7825954_1 option-required\"\n                                name=\"fld_7825954[opt1554799]\"\n                                value=\"He llegit i accepto la Pol\u00edtica de privacitat de la Fundaci\u00f3 Barcelona Ol\u00edmpica.\"\n                                                                data-type=\"checkbox\"\n                                data-checkbox-field=\"fld_7825954_1\"\n                                                                data-calc-value=\"He llegit i accepto la Pol\u00edtica de privacitat de la Fundaci\u00f3 Barcelona Ol\u00edmpica.\"\n                            >\n                    He llegit i accepto la Pol\u00edtica de privacitat de la Fundaci\u00f3 Barcelona Ol\u00edmpica.                <\/label>\n\n                \t\t\t\t\t<\/div>\n\t\t\t\t\t\t\t\t\t\t\t<\/div>\r\n<\/div>\r\n<div data-field-wrapper=\"fld_7908577\" class=\"form-group\" id=\"fld_7908577_1-wrap\">\r\n<div class=\"\">\r\n\t<input  class=\"btn btn-default\" type=\"submit\" name=\"fld_7908577\" id=\"fld_7908577_1\" value=\"Enviar\" data-field=\"fld_7908577\"  >\n<\/div>\r\n<\/div>\r\n\t<input class=\"button_trigger_1\" type=\"hidden\" name=\"fld_7908577\" id=\"fld_7908577_1_btn\" value=\"\" data-field=\"fld_7908577\"  \/>\n<\/div><\/div><\/form>\r\n<\/div>\r\n\n\t\t\t\t\t\t\t\t<\/div>\n\t\t\t\t<\/div>\n\t\t\t\t\t<\/div>\n\t\t<\/div>\n\t\t\t\t\t<\/div>\n\t\t<\/section>\n\t\t\t\t\t<\/div>\n\t\t<\/div>\n\t\t\t\t\t<\/div>\n\t\t<\/section>\n\t\t\t\t<\/div>\n\t\t","protected":false},"excerpt":{"rendered":"<p>Gr\u00e0cies per la seva participaci\u00f3 en les jornades del valor de l&#8217;esport al s.XXI a la sessi\u00f3 BARCELONA y EL GRAND\u00a0 D\u00c9PART Des del Departament de Comunicaci\u00f3 ens posarem en contacte amb vost\u00e8 amb la finalitat de presentar-li els materials divulgatius per a la seva validaci\u00f3 pr\u00e8via a la publicaci\u00f3. &nbsp; La informaci\u00f3 que ens [&hellip;]<\/p>\n","protected":false},"author":11,"featured_media":0,"parent":0,"menu_order":0,"comment_status":"closed","ping_status":"closed","template":"","meta":{"_acf_changed":false,"footnotes":""},"class_list":["post-32778","page","type-page","status-publish","hentry"],"acf":[],"yoast_head":"<!-- This site is optimized with the Yoast SEO plugin v23.7 - https:\/\/yoast.com\/wordpress\/plugins\/seo\/ -->\n<title>Ponentes - Fundaci\u00f3 Barcelona Ol\u00edmpica<\/title>\n<meta name=\"robots\" content=\"index, follow, max-snippet:-1, max-image-preview:large, max-video-preview:-1\" \/>\n<link rel=\"canonical\" href=\"https:\/\/www.fundaciobarcelonaolimpica.es\/es\/ponentes\/\" \/>\n<meta property=\"og:locale\" content=\"ca_ES\" \/>\n<meta property=\"og:type\" content=\"article\" \/>\n<meta property=\"og:title\" content=\"Ponentes - Fundaci\u00f3 Barcelona Ol\u00edmpica\" \/>\n<meta property=\"og:description\" content=\"Gr\u00e0cies per la seva participaci\u00f3 en les jornades del valor de l&#8217;esport al s.XXI a la sessi\u00f3 BARCELONA y EL GRAND\u00a0 D\u00c9PART Des del Departament de Comunicaci\u00f3 ens posarem en contacte amb vost\u00e8 amb la finalitat de presentar-li els materials divulgatius per a la seva validaci\u00f3 pr\u00e8via a la publicaci\u00f3. &nbsp; La informaci\u00f3 que ens [&hellip;]\" \/>\n<meta property=\"og:url\" content=\"https:\/\/www.fundaciobarcelonaolimpica.es\/es\/ponentes\/\" \/>\n<meta property=\"og:site_name\" content=\"Fundaci\u00f3 Barcelona Ol\u00edmpica\" \/>\n<meta property=\"article:modified_time\" content=\"2026-04-14T10:38:43+00:00\" \/>\n<meta name=\"twitter:card\" content=\"summary_large_image\" \/>\n<meta name=\"twitter:label1\" content=\"Temps estimat de lectura\" \/>\n\t<meta name=\"twitter:data1\" content=\"2 minuts\" \/>\n<script type=\"application\/ld+json\" class=\"yoast-schema-graph\">{\"@context\":\"https:\/\/schema.org\",\"@graph\":[{\"@type\":\"WebPage\",\"@id\":\"https:\/\/www.fundaciobarcelonaolimpica.es\/es\/ponentes\/\",\"url\":\"https:\/\/www.fundaciobarcelonaolimpica.es\/es\/ponentes\/\",\"name\":\"Ponentes - Fundaci\u00f3 Barcelona Ol\u00edmpica\",\"isPartOf\":{\"@id\":\"https:\/\/www.fundaciobarcelonaolimpica.es\/ca\/#website\"},\"datePublished\":\"2026-04-14T10:31:12+00:00\",\"dateModified\":\"2026-04-14T10:38:43+00:00\",\"breadcrumb\":{\"@id\":\"https:\/\/www.fundaciobarcelonaolimpica.es\/es\/ponentes\/#breadcrumb\"},\"inLanguage\":\"ca\",\"potentialAction\":[{\"@type\":\"ReadAction\",\"target\":[\"https:\/\/www.fundaciobarcelonaolimpica.es\/es\/ponentes\/\"]}]},{\"@type\":\"BreadcrumbList\",\"@id\":\"https:\/\/www.fundaciobarcelonaolimpica.es\/es\/ponentes\/#breadcrumb\",\"itemListElement\":[{\"@type\":\"ListItem\",\"position\":1,\"name\":\"FBO\",\"item\":\"https:\/\/www.fundaciobarcelonaolimpica.es\/es\/\"},{\"@type\":\"ListItem\",\"position\":2,\"name\":\"Ponentes\"}]},{\"@type\":\"WebSite\",\"@id\":\"https:\/\/www.fundaciobarcelonaolimpica.es\/ca\/#website\",\"url\":\"https:\/\/www.fundaciobarcelonaolimpica.es\/ca\/\",\"name\":\"Fundaci\u00f3 Barcelona Ol\u00edmpica\",\"description\":\"Web del Museu Ol\u00edmpic i de l&#039;Esport\",\"publisher\":{\"@id\":\"https:\/\/www.fundaciobarcelonaolimpica.es\/ca\/#organization\"},\"potentialAction\":[{\"@type\":\"SearchAction\",\"target\":{\"@type\":\"EntryPoint\",\"urlTemplate\":\"https:\/\/www.fundaciobarcelonaolimpica.es\/ca\/?s={search_term_string}\"},\"query-input\":{\"@type\":\"PropertyValueSpecification\",\"valueRequired\":true,\"valueName\":\"search_term_string\"}}],\"inLanguage\":\"ca\"},{\"@type\":\"Organization\",\"@id\":\"https:\/\/www.fundaciobarcelonaolimpica.es\/ca\/#organization\",\"name\":\"Fundaci\u00f3 Barcelona Ol\u00edmpica\",\"url\":\"https:\/\/www.fundaciobarcelonaolimpica.es\/ca\/\",\"logo\":{\"@type\":\"ImageObject\",\"inLanguage\":\"ca\",\"@id\":\"https:\/\/www.fundaciobarcelonaolimpica.es\/ca\/#\/schema\/logo\/image\/\",\"url\":\"https:\/\/www.fundaciobarcelonaolimpica.es\/wp-content\/uploads\/sites\/3\/2019\/02\/logo-fundacio.svg\",\"contentUrl\":\"https:\/\/www.fundaciobarcelonaolimpica.es\/wp-content\/uploads\/sites\/3\/2019\/02\/logo-fundacio.svg\",\"caption\":\"Fundaci\u00f3 Barcelona Ol\u00edmpica\"},\"image\":{\"@id\":\"https:\/\/www.fundaciobarcelonaolimpica.es\/ca\/#\/schema\/logo\/image\/\"}}]}<\/script>\n<!-- \/ Yoast SEO plugin. -->","yoast_head_json":{"title":"Ponentes - Fundaci\u00f3 Barcelona Ol\u00edmpica","robots":{"index":"index","follow":"follow","max-snippet":"max-snippet:-1","max-image-preview":"max-image-preview:large","max-video-preview":"max-video-preview:-1"},"canonical":"https:\/\/www.fundaciobarcelonaolimpica.es\/es\/ponentes\/","og_locale":"ca_ES","og_type":"article","og_title":"Ponentes - Fundaci\u00f3 Barcelona Ol\u00edmpica","og_description":"Gr\u00e0cies per la seva participaci\u00f3 en les jornades del valor de l&#8217;esport al s.XXI a la sessi\u00f3 BARCELONA y EL GRAND\u00a0 D\u00c9PART Des del Departament de Comunicaci\u00f3 ens posarem en contacte amb vost\u00e8 amb la finalitat de presentar-li els materials divulgatius per a la seva validaci\u00f3 pr\u00e8via a la publicaci\u00f3. &nbsp; La informaci\u00f3 que ens [&hellip;]","og_url":"https:\/\/www.fundaciobarcelonaolimpica.es\/es\/ponentes\/","og_site_name":"Fundaci\u00f3 Barcelona Ol\u00edmpica","article_modified_time":"2026-04-14T10:38:43+00:00","twitter_card":"summary_large_image","twitter_misc":{"Temps estimat de lectura":"2 minuts"},"schema":{"@context":"https:\/\/schema.org","@graph":[{"@type":"WebPage","@id":"https:\/\/www.fundaciobarcelonaolimpica.es\/es\/ponentes\/","url":"https:\/\/www.fundaciobarcelonaolimpica.es\/es\/ponentes\/","name":"Ponentes - Fundaci\u00f3 Barcelona Ol\u00edmpica","isPartOf":{"@id":"https:\/\/www.fundaciobarcelonaolimpica.es\/ca\/#website"},"datePublished":"2026-04-14T10:31:12+00:00","dateModified":"2026-04-14T10:38:43+00:00","breadcrumb":{"@id":"https:\/\/www.fundaciobarcelonaolimpica.es\/es\/ponentes\/#breadcrumb"},"inLanguage":"ca","potentialAction":[{"@type":"ReadAction","target":["https:\/\/www.fundaciobarcelonaolimpica.es\/es\/ponentes\/"]}]},{"@type":"BreadcrumbList","@id":"https:\/\/www.fundaciobarcelonaolimpica.es\/es\/ponentes\/#breadcrumb","itemListElement":[{"@type":"ListItem","position":1,"name":"FBO","item":"https:\/\/www.fundaciobarcelonaolimpica.es\/es\/"},{"@type":"ListItem","position":2,"name":"Ponentes"}]},{"@type":"WebSite","@id":"https:\/\/www.fundaciobarcelonaolimpica.es\/ca\/#website","url":"https:\/\/www.fundaciobarcelonaolimpica.es\/ca\/","name":"Fundaci\u00f3 Barcelona Ol\u00edmpica","description":"Web del Museu Ol\u00edmpic i de l&#039;Esport","publisher":{"@id":"https:\/\/www.fundaciobarcelonaolimpica.es\/ca\/#organization"},"potentialAction":[{"@type":"SearchAction","target":{"@type":"EntryPoint","urlTemplate":"https:\/\/www.fundaciobarcelonaolimpica.es\/ca\/?s={search_term_string}"},"query-input":{"@type":"PropertyValueSpecification","valueRequired":true,"valueName":"search_term_string"}}],"inLanguage":"ca"},{"@type":"Organization","@id":"https:\/\/www.fundaciobarcelonaolimpica.es\/ca\/#organization","name":"Fundaci\u00f3 Barcelona Ol\u00edmpica","url":"https:\/\/www.fundaciobarcelonaolimpica.es\/ca\/","logo":{"@type":"ImageObject","inLanguage":"ca","@id":"https:\/\/www.fundaciobarcelonaolimpica.es\/ca\/#\/schema\/logo\/image\/","url":"https:\/\/www.fundaciobarcelonaolimpica.es\/wp-content\/uploads\/sites\/3\/2019\/02\/logo-fundacio.svg","contentUrl":"https:\/\/www.fundaciobarcelonaolimpica.es\/wp-content\/uploads\/sites\/3\/2019\/02\/logo-fundacio.svg","caption":"Fundaci\u00f3 Barcelona Ol\u00edmpica"},"image":{"@id":"https:\/\/www.fundaciobarcelonaolimpica.es\/ca\/#\/schema\/logo\/image\/"}}]}},"_links":{"self":[{"href":"https:\/\/www.fundaciobarcelonaolimpica.es\/ca\/wp-json\/wp\/v2\/pages\/32778"}],"collection":[{"href":"https:\/\/www.fundaciobarcelonaolimpica.es\/ca\/wp-json\/wp\/v2\/pages"}],"about":[{"href":"https:\/\/www.fundaciobarcelonaolimpica.es\/ca\/wp-json\/wp\/v2\/types\/page"}],"author":[{"embeddable":true,"href":"https:\/\/www.fundaciobarcelonaolimpica.es\/ca\/wp-json\/wp\/v2\/users\/11"}],"replies":[{"embeddable":true,"href":"https:\/\/www.fundaciobarcelonaolimpica.es\/ca\/wp-json\/wp\/v2\/comments?post=32778"}],"version-history":[{"count":7,"href":"https:\/\/www.fundaciobarcelonaolimpica.es\/ca\/wp-json\/wp\/v2\/pages\/32778\/revisions"}],"predecessor-version":[{"id":32964,"href":"https:\/\/www.fundaciobarcelonaolimpica.es\/ca\/wp-json\/wp\/v2\/pages\/32778\/revisions\/32964"}],"wp:attachment":[{"href":"https:\/\/www.fundaciobarcelonaolimpica.es\/ca\/wp-json\/wp\/v2\/media?parent=32778"}],"curies":[{"name":"wp","href":"https:\/\/api.w.org\/{rel}","templated":true}]}}