{"id":32935,"date":"2026-04-14T11:31:23","date_gmt":"2026-04-14T09:31:23","guid":{"rendered":"https:\/\/www.fundaciobarcelonaolimpica.es\/invitacio\/"},"modified":"2026-04-21T13:57:45","modified_gmt":"2026-04-21T11:57:45","slug":"invitacio","status":"publish","type":"page","link":"https:\/\/www.fundaciobarcelonaolimpica.es\/ca\/invitacio\/","title":{"rendered":""},"content":{"rendered":"\t\t<div data-elementor-type=\"wp-page\" data-elementor-id=\"32935\" class=\"elementor elementor-32935 elementor-32887\" data-elementor-post-type=\"page\">\n\t\t\t\t\t\t<section class=\"elementor-section elementor-top-section elementor-element elementor-element-af1fb6a elementor-section-boxed elementor-section-height-default elementor-section-height-default\" data-id=\"af1fb6a\" data-element_type=\"section\">\n\t\t\t\t\t\t<div class=\"elementor-container elementor-column-gap-default\">\n\t\t\t\t\t<div class=\"elementor-column elementor-col-100 elementor-top-column elementor-element elementor-element-54fd236\" data-id=\"54fd236\" data-element_type=\"column\">\n\t\t\t<div class=\"elementor-widget-wrap elementor-element-populated\">\n\t\t\t\t\t\t<div class=\"elementor-element elementor-element-d067d6b elementor-widget elementor-widget-heading\" data-id=\"d067d6b\" data-element_type=\"widget\" data-widget_type=\"heading.default\">\n\t\t\t\t<div class=\"elementor-widget-container\">\n\t\t\t\t\t<h2 class=\"elementor-heading-title elementor-size-default\">Invitaci\u00f3 <\/h2>\t\t\t\t<\/div>\n\t\t\t\t<\/div>\n\t\t\t\t<div class=\"elementor-element elementor-element-5a44f12 elementor-widget__width-initial elementor-widget elementor-widget-image\" data-id=\"5a44f12\" data-element_type=\"widget\" data-widget_type=\"image.default\">\n\t\t\t\t<div class=\"elementor-widget-container\">\n\t\t\t\t\t\t\t\t\t\t\t\t\t\t\t<img fetchpriority=\"high\" decoding=\"async\" width=\"1024\" height=\"376\" src=\"https:\/\/www.fundaciobarcelonaolimpica.es\/wp-content\/uploads\/sites\/3\/2026\/04\/EE_Portada_2100x705-1024x376.png\" class=\"attachment-large size-large wp-image-32885\" alt=\"\" srcset=\"https:\/\/www.fundaciobarcelonaolimpica.es\/wp-content\/uploads\/sites\/3\/2026\/04\/EE_Portada_2100x705-1024x376.png 1024w, https:\/\/www.fundaciobarcelonaolimpica.es\/wp-content\/uploads\/sites\/3\/2026\/04\/EE_Portada_2100x705-300x110.png 300w, https:\/\/www.fundaciobarcelonaolimpica.es\/wp-content\/uploads\/sites\/3\/2026\/04\/EE_Portada_2100x705-768x282.png 768w, https:\/\/www.fundaciobarcelonaolimpica.es\/wp-content\/uploads\/sites\/3\/2026\/04\/EE_Portada_2100x705-1536x563.png 1536w, https:\/\/www.fundaciobarcelonaolimpica.es\/wp-content\/uploads\/sites\/3\/2026\/04\/EE_Portada_2100x705-2048x751.png 2048w, https:\/\/www.fundaciobarcelonaolimpica.es\/wp-content\/uploads\/sites\/3\/2026\/04\/EE_Portada_2100x705-1320x484.png 1320w\" sizes=\"(max-width: 1024px) 100vw, 1024px\" \/>\t\t\t\t\t\t\t\t\t\t\t\t\t\t\t<\/div>\n\t\t\t\t<\/div>\n\t\t\t\t<div class=\"elementor-element elementor-element-0509b2c elementor-widget elementor-widget-text-editor\" data-id=\"0509b2c\" data-element_type=\"widget\" data-widget_type=\"text-editor.default\">\n\t\t\t\t<div class=\"elementor-widget-container\">\n\t\t\t\t\t\t\t\t\t<p>&nbsp;<\/p>\n<p style=\"text-align: center;\"><strong>\u00a0La Fundaci\u00f3 Barcelona Ol\u00edmpica<\/strong>, en col\u00b7laboraci\u00f3 amb la <strong>Biblioteca Bon Pastor \u2013 Josefina Castellv\u00ed<\/strong>\u00a0 i el <strong>Centre d\u2019Estudis \u2013 Arxiu Vilabes\u00f2s Bar\u00f3 de Viver &#8211; Bon Pastor,<\/strong> t\u00e9 el plaer de convidar-vos a la presentaci\u00f3 del llibre<\/p>\n<p><\/p>\n<p style=\"text-align: center;\"><strong>\u201cEspais esportius que han fet hist\u00f2ria a Barcelona\u201d<\/strong><\/p>\n<p><\/p>\n<p style=\"text-align: center;\">\ud83d\udcc5 <strong>Data:<\/strong> 6 de maig<br \/>\n\ud83d\udd60 <strong>Hora:<\/strong> 17:30 h<br \/>\n\ud83d\udccd <strong>Lloc:<\/strong> Biblioteca Bon Pastor<br \/>\n(Carrer de l\u2019Estadella, 64)<\/p>\n<p><\/p>\n<p style=\"text-align: center;\">L&#8217;acte contar\u00e0 amb la pres\u00e8ncia dels autors del llibre:<br \/>\n<strong>Joan Manuel Surroca, Juli Pernas, Pedro Hern\u00e1ndez, Lu\u00eds S\u00e1nchez i Ra\u00fcl V\u00e1zquez.<\/strong><\/p>\n<p>&nbsp;<\/p>\n<p style=\"text-align: center;\">En finalitzar, hi haur\u00e0 un espai per a preguntes i intercanvi amb els assistents.<\/p>\n<div class=\"caldera-grid\" id=\"caldera_form_1\" data-cf-ver=\"1.9.4\" data-cf-form-id=\"CF69dca4e15d4ad\"><div id=\"caldera_notices_1\" data-spinner=\"https:\/\/www.fundaciobarcelonaolimpica.es\/wp-admin\/images\/spinner.gif\"><\/div><form data-instance=\"1\" class=\"CF69dca4e15d4ad caldera_forms_form cfajax-trigger\" method=\"POST\" enctype=\"multipart\/form-data\" id=\"CF69dca4e15d4ad_1\" data-form-id=\"CF69dca4e15d4ad\" aria-label=\"CAT-Presentaci&oacute;n Libro\" data-target=\"#caldera_notices_1\" data-template=\"#cfajax_CF69dca4e15d4ad-tmpl\" data-cfajax=\"CF69dca4e15d4ad\" data-load-element=\"_parent\" data-load-class=\"cf_processing\" data-post-disable=\"0\" data-action=\"cf_process_ajax_submit\" data-request=\"https:\/\/www.fundaciobarcelonaolimpica.es\/ca\/\/cf-api\/CF69dca4e15d4ad\" data-hiderows=\"true\">\r\n<input type=\"hidden\" id=\"_cf_verify_CF69dca4e15d4ad\" name=\"_cf_verify\" value=\"0a6a85a246\"  data-nonce-time=\"1776868276\" \/><input type=\"hidden\" name=\"_wp_http_referer\" value=\"\/ca\/wp-json\/wp\/v2\/pages\/32935\" \/><div id=\"cf2-CF69dca4e15d4ad_1\"><\/div><input type=\"hidden\" name=\"_cf_frm_id\" value=\"CF69dca4e15d4ad\">\r\n<input type=\"hidden\" name=\"_cf_frm_ct\" value=\"1\">\r\n<input type=\"hidden\" name=\"cfajax\" value=\"CF69dca4e15d4ad\">\r\n<input type=\"hidden\" name=\"_cf_cr_pst\" value=\"32935\">\r\n<div class=\"hide\" style=\"display:none; overflow:hidden;height:0;width:0;\">\r\n<label>Correu electr\u00f2nic<\/label><input type=\"text\" name=\"email\" value=\"\" autocomplete=\"off\">\r\n<\/div><div id=\"CF69dca4e15d4ad_1-row-1\"  class=\"row  first_row\"><div  class=\"col-sm-12  single\"><\/div><\/div><div id=\"CF69dca4e15d4ad_1-row-2\"  class=\"row \"><div  class=\"col-sm-12  single\"><\/div><\/div><div id=\"CF69dca4e15d4ad_1-row-3\"  class=\"row \"><div  class=\"col-sm-12  single\"><div data-field-wrapper=\"fld_8768091\" class=\"form-group\" id=\"fld_8768091_1-wrap\">\r\n\t<label id=\"fld_8768091Label\" for=\"fld_8768091_1\" class=\"control-label\">Nom <span aria-hidden=\"true\" role=\"presentation\" class=\"field_required\" style=\"color:#ee0000;\">*<\/span><\/label>\r\n\t<div class=\"\">\r\n\t\t<input   required type=\"text\" data-field=\"fld_8768091\" class=\" form-control\" id=\"fld_8768091_1\" name=\"fld_8768091\" value=\"\" data-type=\"text\" aria-required=\"true\"   aria-labelledby=\"fld_8768091Label\" >\t\t\t<\/div>\r\n<\/div>\r\n<\/div><\/div><div id=\"CF69dca4e15d4ad_1-row-4\"  class=\"row \"><div  class=\"col-sm-12  single\"><div data-field-wrapper=\"fld_8172984\" class=\"form-group\" id=\"fld_8172984_1-wrap\">\r\n\t<label id=\"fld_8172984Label\" for=\"fld_8172984_1\" class=\"control-label\">Cognoms <span aria-hidden=\"true\" role=\"presentation\" class=\"field_required\" style=\"color:#ee0000;\">*<\/span><\/label>\r\n\t<div class=\"\">\r\n\t\t<input   required type=\"text\" data-field=\"fld_8172984\" class=\" form-control\" id=\"fld_8172984_1\" name=\"fld_8172984\" value=\"\" data-type=\"text\" aria-required=\"true\"   aria-labelledby=\"fld_8172984Label\" >\t\t\t<\/div>\r\n<\/div>\r\n<\/div><\/div><div id=\"CF69dca4e15d4ad_1-row-5\"  class=\"row \"><div  class=\"col-sm-12  single\"><div data-field-wrapper=\"fld_6009157\" class=\"form-group\" id=\"fld_6009157_1-wrap\">\r\n\t<label id=\"fld_6009157Label\" for=\"fld_6009157_1\" class=\"control-label\">Email <span aria-hidden=\"true\" role=\"presentation\" class=\"field_required\" style=\"color:#ee0000;\">*<\/span><\/label>\r\n\t<div class=\"\">\r\n\t\t<input   required type=\"email\" data-field=\"fld_6009157\" class=\" form-control\" id=\"fld_6009157_1\" name=\"fld_6009157\" value=\"\" data-type=\"email\" aria-required=\"true\"   aria-labelledby=\"fld_6009157Label\" >\t\t\t<\/div>\r\n<\/div>\r\n<div data-field-wrapper=\"fld_4497695\" class=\"form-group\" id=\"fld_4497695_1-wrap\">\r\n\t<label id=\"fld_4497695Label\" for=\"fld_4497695_1\" class=\"control-label\">Tipus de participaci\u00f3: PRESENCIAL <span aria-hidden=\"true\" role=\"presentation\" class=\"field_required\" style=\"color:#ee0000;\">*<\/span><\/label>\r\n\t<div class=\"\">\r\n\t\t<input   required type=\"number\" data-field=\"fld_4497695\" class=\" form-control\" id=\"fld_4497695_1\" name=\"fld_4497695\" value=\"\" data-type=\"number\" min=\"1\" max=\"3\" data-parsley-type=\"number\" aria-required=\"true\"   aria-labelledby=\"fld_4497695Label\" aria-describedby=\"fld_4497695Caption\" >\t\t<span id=\"fld_4497695Caption\" class=\"help-block\">Nombre total de persones que assistiran a la Biblioteca Bon Pastor Josefina Castellv\u00ed de manera presencial<\/span>\r\n\t<\/div>\r\n<\/div>\r\n<\/div><\/div><div id=\"CF69dca4e15d4ad_1-row-6\"  class=\"row \"><div  class=\"col-sm-12  single\"><hr id=\"fld_407093_1\" class=\"\" style=\"width: 100%\" \/><div data-field-wrapper=\"fld_3025413\" class=\"form-group\" id=\"fld_3025413_1-wrap\">\r\n\t<label id=\"fld_3025413Label\" for=\"fld_3025413_1\" class=\"control-label screen-reader-text sr-only\">Privacitat<\/label>\r\n\t<div class=\"\">\r\n\t\t\t\t\t\t\n                <label  class=\"checkbox-inline\"                        for=\"fld_3025413_1_opt2041554\"\n                >\n                            <input\n                                data-parsley-required=\"true\" data-parsley-group=\"fld_3025413_1\" data-parsley-multiple=\"fld_3025413_1\"                                type=\"checkbox\"\n                                data-label=\"He llegit i accepto la &lt;a href=&quot;\/ca\/politica-de-privacitat\/&quot; class=&quot;lnk&quot;&gt;Pol\u00edtica de privacitat&lt;\/a&gt; de la Fundaci\u00f3 Barcelona Ol\u00edmpica.\"\n                                data-field=\"fld_3025413\"\n                                id=\"fld_3025413_1_opt2041554\"\n                                class=\"fld_3025413_1 option-required\"\n                                name=\"fld_3025413[opt2041554]\"\n                                value=\"si\"\n                                                                data-type=\"checkbox\"\n                                data-checkbox-field=\"fld_3025413_1\"\n                                                                data-calc-value=\"0\"\n                            >\n                    He llegit i accepto la <a href=\"\/ca\/politica-de-privacitat\/\" class=\"lnk\">Pol\u00edtica de privacitat<\/a> de la Fundaci\u00f3 Barcelona Ol\u00edmpica.                <\/label>\n\n                \t\t\t\t\t\t\t<\/div>\r\n<\/div>\r\n<\/div><\/div><div id=\"CF69dca4e15d4ad_1-row-7\"  class=\"row  last_row\"><div  class=\"col-sm-12  single\"><div data-field-wrapper=\"fld_7908577\" class=\"form-group\" id=\"fld_7908577_1-wrap\">\r\n<div class=\"\">\r\n\t<input  class=\"btn btn--primary\" type=\"submit\" name=\"fld_7908577\" id=\"fld_7908577_1\" value=\"Enviar\" data-field=\"fld_7908577\"  >\n<\/div>\r\n<\/div>\r\n\t<input class=\"button_trigger_1\" type=\"hidden\" name=\"fld_7908577\" id=\"fld_7908577_1_btn\" value=\"\" data-field=\"fld_7908577\"  \/>\n<\/div><\/div><\/form>\r\n<\/div>\r\n\n\t\t\t\t\t\t\t\t<\/div>\n\t\t\t\t<\/div>\n\t\t\t\t\t<\/div>\n\t\t<\/div>\n\t\t\t\t\t<\/div>\n\t\t<\/section>\n\t\t\t\t<\/div>\n\t\t","protected":false},"excerpt":{"rendered":"<p>Invitaci\u00f3 &nbsp; \u00a0La Fundaci\u00f3 Barcelona Ol\u00edmpica, en col\u00b7laboraci\u00f3 amb la Biblioteca Bon Pastor \u2013 Josefina Castellv\u00ed\u00a0 i el Centre d\u2019Estudis \u2013 Arxiu Vilabes\u00f2s Bar\u00f3 de Viver &#8211; Bon Pastor, t\u00e9 el plaer de convidar-vos a la presentaci\u00f3 del llibre \u201cEspais esportius que han fet hist\u00f2ria a Barcelona\u201d \ud83d\udcc5 Data: 6 de maig \ud83d\udd60 Hora: 17:30 [&hellip;]<\/p>\n","protected":false},"author":11,"featured_media":0,"parent":0,"menu_order":0,"comment_status":"closed","ping_status":"closed","template":"","meta":{"_acf_changed":false,"footnotes":""},"class_list":["post-32935","page","type-page","status-publish","hentry"],"acf":[],"yoast_head":"<!-- This site is optimized with the Yoast SEO plugin v23.7 - https:\/\/yoast.com\/wordpress\/plugins\/seo\/ -->\n<title>- Fundaci\u00f3 Barcelona Ol\u00edmpica<\/title>\n<meta name=\"description\" content=\"La Fundaci\u00f3 Barcelona Ol\u00edmpica, en col\u00b7laboraci\u00f3 amb la Biblioteca Bon Pastor \u2013 Josefina Castellv\u00ed i el Centre d\u2019Estudis \u2013 Arxiu Vilabes\u00f2s Bar\u00f3 de Viver - Bon Pastor, t\u00e9 el plaer de convidar-vos a la presentaci\u00f3 del llibre: \u201cEspais esportius que han fet hist\u00f2ria a Barcelona\u201d \ud83d\udcc5 Data: 6 de maig \ud83d\udd60 Hora: 17:30 h \ud83d\udccd Lloc: Biblioteca Bon Pastor (Carrer de l\u2019Estadella, 64)\" \/>\n<meta name=\"robots\" content=\"index, follow, max-snippet:-1, max-image-preview:large, max-video-preview:-1\" \/>\n<link rel=\"canonical\" href=\"https:\/\/www.fundaciobarcelonaolimpica.es\/ca\/invitacio\/\" \/>\n<meta property=\"og:locale\" content=\"ca_ES\" \/>\n<meta property=\"og:type\" content=\"article\" \/>\n<meta property=\"og:title\" content=\"- Fundaci\u00f3 Barcelona Ol\u00edmpica\" \/>\n<meta property=\"og:description\" content=\"La Fundaci\u00f3 Barcelona Ol\u00edmpica, en col\u00b7laboraci\u00f3 amb la Biblioteca Bon Pastor \u2013 Josefina Castellv\u00ed i el Centre d\u2019Estudis \u2013 Arxiu Vilabes\u00f2s Bar\u00f3 de Viver - Bon Pastor, t\u00e9 el plaer de convidar-vos a la presentaci\u00f3 del llibre: \u201cEspais esportius que han fet hist\u00f2ria a Barcelona\u201d \ud83d\udcc5 Data: 6 de maig \ud83d\udd60 Hora: 17:30 h \ud83d\udccd Lloc: Biblioteca Bon Pastor (Carrer de l\u2019Estadella, 64)\" \/>\n<meta property=\"og:url\" content=\"https:\/\/www.fundaciobarcelonaolimpica.es\/ca\/invitacio\/\" \/>\n<meta property=\"og:site_name\" content=\"Fundaci\u00f3 Barcelona Ol\u00edmpica\" \/>\n<meta property=\"article:modified_time\" content=\"2026-04-21T11:57:45+00:00\" \/>\n<meta property=\"og:image\" content=\"https:\/\/www.fundaciobarcelonaolimpica.es\/wp-content\/uploads\/sites\/3\/2026\/04\/EE_Portada_2100x705-1024x376.png\" \/>\n<meta name=\"twitter:card\" content=\"summary_large_image\" \/>\n<meta name=\"twitter:label1\" content=\"Temps estimat de lectura\" \/>\n\t<meta name=\"twitter:data1\" content=\"1 minut\" \/>\n<script type=\"application\/ld+json\" class=\"yoast-schema-graph\">{\"@context\":\"https:\/\/schema.org\",\"@graph\":[{\"@type\":\"WebPage\",\"@id\":\"https:\/\/www.fundaciobarcelonaolimpica.es\/ca\/invitacio\/\",\"url\":\"https:\/\/www.fundaciobarcelonaolimpica.es\/ca\/invitacio\/\",\"name\":\"- Fundaci\u00f3 Barcelona Ol\u00edmpica\",\"isPartOf\":{\"@id\":\"https:\/\/www.fundaciobarcelonaolimpica.es\/ca\/#website\"},\"primaryImageOfPage\":{\"@id\":\"https:\/\/www.fundaciobarcelonaolimpica.es\/ca\/invitacio\/#primaryimage\"},\"image\":{\"@id\":\"https:\/\/www.fundaciobarcelonaolimpica.es\/ca\/invitacio\/#primaryimage\"},\"thumbnailUrl\":\"https:\/\/www.fundaciobarcelonaolimpica.es\/wp-content\/uploads\/sites\/3\/2026\/04\/EE_Portada_2100x705-1024x376.png\",\"datePublished\":\"2026-04-14T09:31:23+00:00\",\"dateModified\":\"2026-04-21T11:57:45+00:00\",\"description\":\"La Fundaci\u00f3 Barcelona Ol\u00edmpica, en col\u00b7laboraci\u00f3 amb la Biblioteca Bon Pastor \u2013 Josefina Castellv\u00ed i el Centre d\u2019Estudis \u2013 Arxiu Vilabes\u00f2s Bar\u00f3 de Viver - Bon Pastor, t\u00e9 el plaer de convidar-vos a la presentaci\u00f3 del llibre: \u201cEspais esportius que han fet hist\u00f2ria a Barcelona\u201d \ud83d\udcc5 Data: 6 de maig \ud83d\udd60 Hora: 17:30 h \ud83d\udccd Lloc: Biblioteca Bon Pastor (Carrer de l\u2019Estadella, 64)\",\"inLanguage\":\"ca\",\"potentialAction\":[{\"@type\":\"ReadAction\",\"target\":[\"https:\/\/www.fundaciobarcelonaolimpica.es\/ca\/invitacio\/\"]}]},{\"@type\":\"ImageObject\",\"inLanguage\":\"ca\",\"@id\":\"https:\/\/www.fundaciobarcelonaolimpica.es\/ca\/invitacio\/#primaryimage\",\"url\":\"https:\/\/www.fundaciobarcelonaolimpica.es\/wp-content\/uploads\/sites\/3\/2026\/04\/EE_Portada_2100x705-1024x376.png\",\"contentUrl\":\"https:\/\/www.fundaciobarcelonaolimpica.es\/wp-content\/uploads\/sites\/3\/2026\/04\/EE_Portada_2100x705-1024x376.png\"},{\"@type\":\"WebSite\",\"@id\":\"https:\/\/www.fundaciobarcelonaolimpica.es\/ca\/#website\",\"url\":\"https:\/\/www.fundaciobarcelonaolimpica.es\/ca\/\",\"name\":\"Fundaci\u00f3 Barcelona Ol\u00edmpica\",\"description\":\"Web del Museu Ol\u00edmpic i de l&#039;Esport\",\"publisher\":{\"@id\":\"https:\/\/www.fundaciobarcelonaolimpica.es\/ca\/#organization\"},\"potentialAction\":[{\"@type\":\"SearchAction\",\"target\":{\"@type\":\"EntryPoint\",\"urlTemplate\":\"https:\/\/www.fundaciobarcelonaolimpica.es\/ca\/?s={search_term_string}\"},\"query-input\":{\"@type\":\"PropertyValueSpecification\",\"valueRequired\":true,\"valueName\":\"search_term_string\"}}],\"inLanguage\":\"ca\"},{\"@type\":\"Organization\",\"@id\":\"https:\/\/www.fundaciobarcelonaolimpica.es\/ca\/#organization\",\"name\":\"Fundaci\u00f3 Barcelona Ol\u00edmpica\",\"url\":\"https:\/\/www.fundaciobarcelonaolimpica.es\/ca\/\",\"logo\":{\"@type\":\"ImageObject\",\"inLanguage\":\"ca\",\"@id\":\"https:\/\/www.fundaciobarcelonaolimpica.es\/ca\/#\/schema\/logo\/image\/\",\"url\":\"https:\/\/www.fundaciobarcelonaolimpica.es\/wp-content\/uploads\/sites\/3\/2019\/02\/logo-fundacio.svg\",\"contentUrl\":\"https:\/\/www.fundaciobarcelonaolimpica.es\/wp-content\/uploads\/sites\/3\/2019\/02\/logo-fundacio.svg\",\"caption\":\"Fundaci\u00f3 Barcelona Ol\u00edmpica\"},\"image\":{\"@id\":\"https:\/\/www.fundaciobarcelonaolimpica.es\/ca\/#\/schema\/logo\/image\/\"}}]}<\/script>\n<!-- \/ Yoast SEO plugin. -->","yoast_head_json":{"title":"- Fundaci\u00f3 Barcelona Ol\u00edmpica","description":"La Fundaci\u00f3 Barcelona Ol\u00edmpica, en col\u00b7laboraci\u00f3 amb la Biblioteca Bon Pastor \u2013 Josefina Castellv\u00ed i el Centre d\u2019Estudis \u2013 Arxiu Vilabes\u00f2s Bar\u00f3 de Viver - Bon Pastor, t\u00e9 el plaer de convidar-vos a la presentaci\u00f3 del llibre: \u201cEspais esportius que han fet hist\u00f2ria a Barcelona\u201d \ud83d\udcc5 Data: 6 de maig \ud83d\udd60 Hora: 17:30 h \ud83d\udccd Lloc: Biblioteca Bon Pastor (Carrer de l\u2019Estadella, 64)","robots":{"index":"index","follow":"follow","max-snippet":"max-snippet:-1","max-image-preview":"max-image-preview:large","max-video-preview":"max-video-preview:-1"},"canonical":"https:\/\/www.fundaciobarcelonaolimpica.es\/ca\/invitacio\/","og_locale":"ca_ES","og_type":"article","og_title":"- Fundaci\u00f3 Barcelona Ol\u00edmpica","og_description":"La Fundaci\u00f3 Barcelona Ol\u00edmpica, en col\u00b7laboraci\u00f3 amb la Biblioteca Bon Pastor \u2013 Josefina Castellv\u00ed i el Centre d\u2019Estudis \u2013 Arxiu Vilabes\u00f2s Bar\u00f3 de Viver - Bon Pastor, t\u00e9 el plaer de convidar-vos a la presentaci\u00f3 del llibre: \u201cEspais esportius que han fet hist\u00f2ria a Barcelona\u201d \ud83d\udcc5 Data: 6 de maig \ud83d\udd60 Hora: 17:30 h \ud83d\udccd Lloc: Biblioteca Bon Pastor (Carrer de l\u2019Estadella, 64)","og_url":"https:\/\/www.fundaciobarcelonaolimpica.es\/ca\/invitacio\/","og_site_name":"Fundaci\u00f3 Barcelona Ol\u00edmpica","article_modified_time":"2026-04-21T11:57:45+00:00","og_image":[{"url":"https:\/\/www.fundaciobarcelonaolimpica.es\/wp-content\/uploads\/sites\/3\/2026\/04\/EE_Portada_2100x705-1024x376.png"}],"twitter_card":"summary_large_image","twitter_misc":{"Temps estimat de lectura":"1 minut"},"schema":{"@context":"https:\/\/schema.org","@graph":[{"@type":"WebPage","@id":"https:\/\/www.fundaciobarcelonaolimpica.es\/ca\/invitacio\/","url":"https:\/\/www.fundaciobarcelonaolimpica.es\/ca\/invitacio\/","name":"- Fundaci\u00f3 Barcelona Ol\u00edmpica","isPartOf":{"@id":"https:\/\/www.fundaciobarcelonaolimpica.es\/ca\/#website"},"primaryImageOfPage":{"@id":"https:\/\/www.fundaciobarcelonaolimpica.es\/ca\/invitacio\/#primaryimage"},"image":{"@id":"https:\/\/www.fundaciobarcelonaolimpica.es\/ca\/invitacio\/#primaryimage"},"thumbnailUrl":"https:\/\/www.fundaciobarcelonaolimpica.es\/wp-content\/uploads\/sites\/3\/2026\/04\/EE_Portada_2100x705-1024x376.png","datePublished":"2026-04-14T09:31:23+00:00","dateModified":"2026-04-21T11:57:45+00:00","description":"La Fundaci\u00f3 Barcelona Ol\u00edmpica, en col\u00b7laboraci\u00f3 amb la Biblioteca Bon Pastor \u2013 Josefina Castellv\u00ed i el Centre d\u2019Estudis \u2013 Arxiu Vilabes\u00f2s Bar\u00f3 de Viver - Bon Pastor, t\u00e9 el plaer de convidar-vos a la presentaci\u00f3 del llibre: \u201cEspais esportius que han fet hist\u00f2ria a Barcelona\u201d \ud83d\udcc5 Data: 6 de maig \ud83d\udd60 Hora: 17:30 h \ud83d\udccd Lloc: Biblioteca Bon Pastor (Carrer de l\u2019Estadella, 64)","inLanguage":"ca","potentialAction":[{"@type":"ReadAction","target":["https:\/\/www.fundaciobarcelonaolimpica.es\/ca\/invitacio\/"]}]},{"@type":"ImageObject","inLanguage":"ca","@id":"https:\/\/www.fundaciobarcelonaolimpica.es\/ca\/invitacio\/#primaryimage","url":"https:\/\/www.fundaciobarcelonaolimpica.es\/wp-content\/uploads\/sites\/3\/2026\/04\/EE_Portada_2100x705-1024x376.png","contentUrl":"https:\/\/www.fundaciobarcelonaolimpica.es\/wp-content\/uploads\/sites\/3\/2026\/04\/EE_Portada_2100x705-1024x376.png"},{"@type":"WebSite","@id":"https:\/\/www.fundaciobarcelonaolimpica.es\/ca\/#website","url":"https:\/\/www.fundaciobarcelonaolimpica.es\/ca\/","name":"Fundaci\u00f3 Barcelona Ol\u00edmpica","description":"Web del Museu Ol\u00edmpic i de l&#039;Esport","publisher":{"@id":"https:\/\/www.fundaciobarcelonaolimpica.es\/ca\/#organization"},"potentialAction":[{"@type":"SearchAction","target":{"@type":"EntryPoint","urlTemplate":"https:\/\/www.fundaciobarcelonaolimpica.es\/ca\/?s={search_term_string}"},"query-input":{"@type":"PropertyValueSpecification","valueRequired":true,"valueName":"search_term_string"}}],"inLanguage":"ca"},{"@type":"Organization","@id":"https:\/\/www.fundaciobarcelonaolimpica.es\/ca\/#organization","name":"Fundaci\u00f3 Barcelona Ol\u00edmpica","url":"https:\/\/www.fundaciobarcelonaolimpica.es\/ca\/","logo":{"@type":"ImageObject","inLanguage":"ca","@id":"https:\/\/www.fundaciobarcelonaolimpica.es\/ca\/#\/schema\/logo\/image\/","url":"https:\/\/www.fundaciobarcelonaolimpica.es\/wp-content\/uploads\/sites\/3\/2019\/02\/logo-fundacio.svg","contentUrl":"https:\/\/www.fundaciobarcelonaolimpica.es\/wp-content\/uploads\/sites\/3\/2019\/02\/logo-fundacio.svg","caption":"Fundaci\u00f3 Barcelona Ol\u00edmpica"},"image":{"@id":"https:\/\/www.fundaciobarcelonaolimpica.es\/ca\/#\/schema\/logo\/image\/"}}]}},"_links":{"self":[{"href":"https:\/\/www.fundaciobarcelonaolimpica.es\/ca\/wp-json\/wp\/v2\/pages\/32935"}],"collection":[{"href":"https:\/\/www.fundaciobarcelonaolimpica.es\/ca\/wp-json\/wp\/v2\/pages"}],"about":[{"href":"https:\/\/www.fundaciobarcelonaolimpica.es\/ca\/wp-json\/wp\/v2\/types\/page"}],"author":[{"embeddable":true,"href":"https:\/\/www.fundaciobarcelonaolimpica.es\/ca\/wp-json\/wp\/v2\/users\/11"}],"replies":[{"embeddable":true,"href":"https:\/\/www.fundaciobarcelonaolimpica.es\/ca\/wp-json\/wp\/v2\/comments?post=32935"}],"version-history":[{"count":17,"href":"https:\/\/www.fundaciobarcelonaolimpica.es\/ca\/wp-json\/wp\/v2\/pages\/32935\/revisions"}],"predecessor-version":[{"id":32957,"href":"https:\/\/www.fundaciobarcelonaolimpica.es\/ca\/wp-json\/wp\/v2\/pages\/32935\/revisions\/32957"}],"wp:attachment":[{"href":"https:\/\/www.fundaciobarcelonaolimpica.es\/ca\/wp-json\/wp\/v2\/media?parent=32935"}],"curies":[{"name":"wp","href":"https:\/\/api.w.org\/{rel}","templated":true}]}}