{"id":7119,"date":"2019-06-21T11:45:49","date_gmt":"2019-06-21T09:45:49","guid":{"rendered":"https:\/\/dev.fundaciobarcelonaolimpica.es\/?page_id=7119"},"modified":"2019-07-30T12:37:23","modified_gmt":"2019-07-30T10:37:23","slug":"qui-som","status":"publish","type":"page","link":"https:\/\/www.fundaciobarcelonaolimpica.es\/ca\/qui-som\/","title":{"rendered":"Qui som"},"content":{"rendered":"\t\t<div data-elementor-type=\"wp-post\" data-elementor-id=\"7119\" class=\"elementor elementor-7119 elementor-306\" data-elementor-post-type=\"page\">\n\t\t\t\t\t\t<section class=\"elementor-section elementor-top-section elementor-element elementor-element-2408ef9 fbo-about elementor-section-boxed elementor-section-height-default elementor-section-height-default\" data-id=\"2408ef9\" data-element_type=\"section\">\n\t\t\t\t\t\t<div class=\"elementor-container elementor-column-gap-default\">\n\t\t\t\t\t<div class=\"elementor-column elementor-col-100 elementor-top-column elementor-element elementor-element-ff5a569\" data-id=\"ff5a569\" data-element_type=\"column\">\n\t\t\t<div class=\"elementor-widget-wrap elementor-element-populated\">\n\t\t\t\t\t\t<section class=\"elementor-section elementor-inner-section elementor-element elementor-element-1492249 fbo-content--intro elementor-section-boxed elementor-section-height-default elementor-section-height-default\" data-id=\"1492249\" data-element_type=\"section\">\n\t\t\t\t\t\t<div class=\"elementor-container elementor-column-gap-default\">\n\t\t\t\t\t<div class=\"elementor-column elementor-col-100 elementor-inner-column elementor-element elementor-element-0631b19\" data-id=\"0631b19\" data-element_type=\"column\">\n\t\t\t<div class=\"elementor-widget-wrap elementor-element-populated\">\n\t\t\t\t\t\t<div class=\"elementor-element elementor-element-20a511e elementor-widget elementor-widget-text-editor\" data-id=\"20a511e\" data-element_type=\"widget\" data-widget_type=\"text-editor.default\">\n\t\t\t\t<div class=\"elementor-widget-container\">\n\t\t\t\t\t\t\t\t\t<p>Creada per acord de la Junta General d&#8217;Accionistes del COOB&#8217;92, S.A., celebrada el dia 9 de febrer de 1993, i constitu\u00efda el dia 1 d&#8217;abril de 1993, la Fundaci\u00f3, de car\u00e0cter privat i declarada entitat ben\u00e8fica de tipus cultural per resoluci\u00f3 del Conseller de Just\u00edcia de la Generalitat de Catalunya del 13 de juliol de 1993, t\u00e9 com a finalitat difondre la realitat dels Jocs Ol\u00edmpics de Barcelona, com tamb\u00e9 promocionar i investigar els valors culturals, \u00e8tics, esportius i de qualsevol ordre que emanen de l&#8217;ideari ol\u00edmpic.<\/p>\n\t\t\t\t\t\t\t\t<\/div>\n\t\t\t\t<\/div>\n\t\t\t\t\t<\/div>\n\t\t<\/div>\n\t\t\t\t\t<\/div>\n\t\t<\/section>\n\t\t\t\t<section class=\"elementor-section elementor-inner-section elementor-element elementor-element-547ae7f fbo-about--content elementor-section-boxed elementor-section-height-default elementor-section-height-default\" data-id=\"547ae7f\" data-element_type=\"section\">\n\t\t\t\t\t\t<div class=\"elementor-container elementor-column-gap-default\">\n\t\t\t\t\t<div class=\"elementor-column elementor-col-50 elementor-inner-column elementor-element elementor-element-48b22d0\" data-id=\"48b22d0\" data-element_type=\"column\">\n\t\t\t<div class=\"elementor-widget-wrap elementor-element-populated\">\n\t\t\t\t\t\t<div class=\"elementor-element elementor-element-0c1d1eb elementor-widget elementor-widget-image\" data-id=\"0c1d1eb\" data-element_type=\"widget\" data-widget_type=\"image.default\">\n\t\t\t\t<div class=\"elementor-widget-container\">\n\t\t\t\t\t\t\t\t\t\t\t\t\t\t\t<img fetchpriority=\"high\" decoding=\"async\" width=\"540\" height=\"457\" src=\"https:\/\/www.fundaciobarcelonaolimpica.es\/wp-content\/uploads\/sites\/3\/2019\/01\/img_qui_som_01-3.jpg\" class=\"attachment-large size-large wp-image-461\" alt=\"\" srcset=\"https:\/\/www.fundaciobarcelonaolimpica.es\/wp-content\/uploads\/sites\/3\/2019\/01\/img_qui_som_01-3.jpg 540w, https:\/\/www.fundaciobarcelonaolimpica.es\/wp-content\/uploads\/sites\/3\/2019\/01\/img_qui_som_01-3-300x254.jpg 300w\" sizes=\"(max-width: 540px) 100vw, 540px\" \/>\t\t\t\t\t\t\t\t\t\t\t\t\t\t\t<\/div>\n\t\t\t\t<\/div>\n\t\t\t\t\t<\/div>\n\t\t<\/div>\n\t\t\t\t<div class=\"elementor-column elementor-col-50 elementor-inner-column elementor-element elementor-element-f455d43\" data-id=\"f455d43\" data-element_type=\"column\">\n\t\t\t<div class=\"elementor-widget-wrap elementor-element-populated\">\n\t\t\t\t\t\t<div class=\"elementor-element elementor-element-60a5cb4 elementor-widget elementor-widget-text-editor\" data-id=\"60a5cb4\" data-element_type=\"widget\" data-widget_type=\"text-editor.default\">\n\t\t\t\t<div class=\"elementor-widget-container\">\n\t\t\t\t\t\t\t\t\t<p>La Fundaci\u00f3 t\u00e9 com a objectiu espec\u00edfic, entre d&#8217;altres de car\u00e0cter m\u00e9s general, l&#8217;establiment, el manteniment i la promoci\u00f3 d&#8217;una exposici\u00f3 i d&#8217;un centre d&#8217;informaci\u00f3 permanent i de recerca, a l&#8217;abast del p\u00fablic, que ofereixi una visi\u00f3 global sobre els Jocs Ol\u00edmpics de Barcelona i tot el que van representar. La seu inicial de la Fundaci\u00f3 Barcelona Ol\u00edmpica, l&#8217;any 1993, va ser la Galeria Ol\u00edmpica situada en l&#8217;emblem\u00e0tic Estadi Ol\u00edmpic de Montju\u00efc Llu\u00eds Companys.<\/p><p>El 21 de mar\u00e7 de 2007, es va inaugurar el Museu Ol\u00edmpic i de l&#8217;Esport de Barcelona, a l&#8217;Av. de l&#8217;Estadi 60, al costat del mateix Estadi Ol\u00edmpic, i la Fundaci\u00f3 va traslladar-hi la seva seu. Despr\u00e9s de la mort de Joan Antoni Samaranch, el museu va incorporar el nom de Joan Antoni Samaranch a la seva nomenclatura, quedant Museu Ol\u00edmpic i de l&#8217;Esport Joan Antoni Samaranch. El Museu Ol\u00edmpic forma part de la xarxa de museus ol\u00edmpics internacionals sota la tutela del CIO. L&#8217;any 2012 s&#8217;inaugura el Centre d&#8217;Estudis Ol\u00edmpics Joan Antoni Samaranch. La Fundaci\u00f3 Barcelona Ol\u00edmpica tamb\u00e9 \u00e9s l&#8217;encarregada de gestionar i supervisar les instal\u00b7lacions i funcions del COE Samaranch.<\/p>\t\t\t\t\t\t\t\t<\/div>\n\t\t\t\t<\/div>\n\t\t\t\t\t<\/div>\n\t\t<\/div>\n\t\t\t\t\t<\/div>\n\t\t<\/section>\n\t\t\t\t\t<\/div>\n\t\t<\/div>\n\t\t\t\t\t<\/div>\n\t\t<\/section>\n\t\t\t\t<\/div>\n\t\t","protected":false},"excerpt":{"rendered":"<p>Creada per acord de la Junta General d&#8217;Accionistes del COOB&#8217;92, S.A., celebrada el dia 9 de febrer de 1993, i constitu\u00efda el dia 1 d&#8217;abril de 1993, la Fundaci\u00f3, de car\u00e0cter privat i declarada entitat ben\u00e8fica de tipus cultural per resoluci\u00f3 del Conseller de Just\u00edcia de la Generalitat de Catalunya del 13 de juliol de [&hellip;]<\/p>\n","protected":false},"author":6,"featured_media":0,"parent":0,"menu_order":0,"comment_status":"closed","ping_status":"closed","template":"","meta":{"_acf_changed":false,"footnotes":""},"class_list":["post-7119","page","type-page","status-publish","hentry"],"acf":[],"yoast_head":"<!-- This site is optimized with the Yoast SEO plugin v23.7 - https:\/\/yoast.com\/wordpress\/plugins\/seo\/ -->\n<title>Qui som - Fundaci\u00f3 Barcelona Ol\u00edmpica<\/title>\n<meta name=\"robots\" content=\"index, follow, max-snippet:-1, max-image-preview:large, max-video-preview:-1\" \/>\n<link rel=\"canonical\" href=\"https:\/\/www.fundaciobarcelonaolimpica.es\/ca\/qui-som\/\" \/>\n<meta property=\"og:locale\" content=\"ca_ES\" \/>\n<meta property=\"og:type\" content=\"article\" \/>\n<meta property=\"og:title\" content=\"Qui som - Fundaci\u00f3 Barcelona Ol\u00edmpica\" \/>\n<meta property=\"og:description\" content=\"Creada per acord de la Junta General d&#8217;Accionistes del COOB&#8217;92, S.A., celebrada el dia 9 de febrer de 1993, i constitu\u00efda el dia 1 d&#8217;abril de 1993, la Fundaci\u00f3, de car\u00e0cter privat i declarada entitat ben\u00e8fica de tipus cultural per resoluci\u00f3 del Conseller de Just\u00edcia de la Generalitat de Catalunya del 13 de juliol de [&hellip;]\" \/>\n<meta property=\"og:url\" content=\"https:\/\/www.fundaciobarcelonaolimpica.es\/ca\/qui-som\/\" \/>\n<meta property=\"og:site_name\" content=\"Fundaci\u00f3 Barcelona Ol\u00edmpica\" \/>\n<meta property=\"article:modified_time\" content=\"2019-07-30T10:37:23+00:00\" \/>\n<meta property=\"og:image\" content=\"https:\/\/www.fundaciobarcelonaolimpica.es\/wp-content\/uploads\/sites\/3\/2019\/01\/img_qui_som_01-3.jpg\" \/>\n\t<meta property=\"og:image:width\" content=\"540\" \/>\n\t<meta property=\"og:image:height\" content=\"457\" \/>\n\t<meta property=\"og:image:type\" content=\"image\/jpeg\" \/>\n<meta name=\"twitter:card\" content=\"summary_large_image\" \/>\n<meta name=\"twitter:label1\" content=\"Temps estimat de lectura\" \/>\n\t<meta name=\"twitter:data1\" content=\"1 minut\" \/>\n<script type=\"application\/ld+json\" class=\"yoast-schema-graph\">{\"@context\":\"https:\/\/schema.org\",\"@graph\":[{\"@type\":\"WebPage\",\"@id\":\"https:\/\/www.fundaciobarcelonaolimpica.es\/ca\/qui-som\/\",\"url\":\"https:\/\/www.fundaciobarcelonaolimpica.es\/ca\/qui-som\/\",\"name\":\"Qui som - Fundaci\u00f3 Barcelona Ol\u00edmpica\",\"isPartOf\":{\"@id\":\"https:\/\/www.fundaciobarcelonaolimpica.es\/ca\/#website\"},\"primaryImageOfPage\":{\"@id\":\"https:\/\/www.fundaciobarcelonaolimpica.es\/ca\/qui-som\/#primaryimage\"},\"image\":{\"@id\":\"https:\/\/www.fundaciobarcelonaolimpica.es\/ca\/qui-som\/#primaryimage\"},\"thumbnailUrl\":\"https:\/\/www.fundaciobarcelonaolimpica.es\/wp-content\/uploads\/sites\/3\/2019\/01\/img_qui_som_01-3.jpg\",\"datePublished\":\"2019-06-21T09:45:49+00:00\",\"dateModified\":\"2019-07-30T10:37:23+00:00\",\"breadcrumb\":{\"@id\":\"https:\/\/www.fundaciobarcelonaolimpica.es\/ca\/qui-som\/#breadcrumb\"},\"inLanguage\":\"ca\",\"potentialAction\":[{\"@type\":\"ReadAction\",\"target\":[\"https:\/\/www.fundaciobarcelonaolimpica.es\/ca\/qui-som\/\"]}]},{\"@type\":\"ImageObject\",\"inLanguage\":\"ca\",\"@id\":\"https:\/\/www.fundaciobarcelonaolimpica.es\/ca\/qui-som\/#primaryimage\",\"url\":\"https:\/\/www.fundaciobarcelonaolimpica.es\/wp-content\/uploads\/sites\/3\/2019\/01\/img_qui_som_01-3.jpg\",\"contentUrl\":\"https:\/\/www.fundaciobarcelonaolimpica.es\/wp-content\/uploads\/sites\/3\/2019\/01\/img_qui_som_01-3.jpg\"},{\"@type\":\"BreadcrumbList\",\"@id\":\"https:\/\/www.fundaciobarcelonaolimpica.es\/ca\/qui-som\/#breadcrumb\",\"itemListElement\":[{\"@type\":\"ListItem\",\"position\":1,\"name\":\"FBO\",\"item\":\"https:\/\/www.fundaciobarcelonaolimpica.es\/es\/\"},{\"@type\":\"ListItem\",\"position\":2,\"name\":\"Qui som\"}]},{\"@type\":\"WebSite\",\"@id\":\"https:\/\/www.fundaciobarcelonaolimpica.es\/ca\/#website\",\"url\":\"https:\/\/www.fundaciobarcelonaolimpica.es\/ca\/\",\"name\":\"Fundaci\u00f3 Barcelona Ol\u00edmpica\",\"description\":\"Web del Museu Ol\u00edmpic i de l&#039;Esport\",\"publisher\":{\"@id\":\"https:\/\/www.fundaciobarcelonaolimpica.es\/ca\/#organization\"},\"potentialAction\":[{\"@type\":\"SearchAction\",\"target\":{\"@type\":\"EntryPoint\",\"urlTemplate\":\"https:\/\/www.fundaciobarcelonaolimpica.es\/ca\/?s={search_term_string}\"},\"query-input\":{\"@type\":\"PropertyValueSpecification\",\"valueRequired\":true,\"valueName\":\"search_term_string\"}}],\"inLanguage\":\"ca\"},{\"@type\":\"Organization\",\"@id\":\"https:\/\/www.fundaciobarcelonaolimpica.es\/ca\/#organization\",\"name\":\"Fundaci\u00f3 Barcelona Ol\u00edmpica\",\"url\":\"https:\/\/www.fundaciobarcelonaolimpica.es\/ca\/\",\"logo\":{\"@type\":\"ImageObject\",\"inLanguage\":\"ca\",\"@id\":\"https:\/\/www.fundaciobarcelonaolimpica.es\/ca\/#\/schema\/logo\/image\/\",\"url\":\"https:\/\/www.fundaciobarcelonaolimpica.es\/wp-content\/uploads\/sites\/3\/2019\/02\/logo-fundacio.svg\",\"contentUrl\":\"https:\/\/www.fundaciobarcelonaolimpica.es\/wp-content\/uploads\/sites\/3\/2019\/02\/logo-fundacio.svg\",\"caption\":\"Fundaci\u00f3 Barcelona Ol\u00edmpica\"},\"image\":{\"@id\":\"https:\/\/www.fundaciobarcelonaolimpica.es\/ca\/#\/schema\/logo\/image\/\"}}]}<\/script>\n<!-- \/ Yoast SEO plugin. -->","yoast_head_json":{"title":"Qui som - Fundaci\u00f3 Barcelona Ol\u00edmpica","robots":{"index":"index","follow":"follow","max-snippet":"max-snippet:-1","max-image-preview":"max-image-preview:large","max-video-preview":"max-video-preview:-1"},"canonical":"https:\/\/www.fundaciobarcelonaolimpica.es\/ca\/qui-som\/","og_locale":"ca_ES","og_type":"article","og_title":"Qui som - Fundaci\u00f3 Barcelona Ol\u00edmpica","og_description":"Creada per acord de la Junta General d&#8217;Accionistes del COOB&#8217;92, S.A., celebrada el dia 9 de febrer de 1993, i constitu\u00efda el dia 1 d&#8217;abril de 1993, la Fundaci\u00f3, de car\u00e0cter privat i declarada entitat ben\u00e8fica de tipus cultural per resoluci\u00f3 del Conseller de Just\u00edcia de la Generalitat de Catalunya del 13 de juliol de [&hellip;]","og_url":"https:\/\/www.fundaciobarcelonaolimpica.es\/ca\/qui-som\/","og_site_name":"Fundaci\u00f3 Barcelona Ol\u00edmpica","article_modified_time":"2019-07-30T10:37:23+00:00","og_image":[{"width":540,"height":457,"url":"https:\/\/www.fundaciobarcelonaolimpica.es\/wp-content\/uploads\/sites\/3\/2019\/01\/img_qui_som_01-3.jpg","type":"image\/jpeg"}],"twitter_card":"summary_large_image","twitter_misc":{"Temps estimat de lectura":"1 minut"},"schema":{"@context":"https:\/\/schema.org","@graph":[{"@type":"WebPage","@id":"https:\/\/www.fundaciobarcelonaolimpica.es\/ca\/qui-som\/","url":"https:\/\/www.fundaciobarcelonaolimpica.es\/ca\/qui-som\/","name":"Qui som - Fundaci\u00f3 Barcelona Ol\u00edmpica","isPartOf":{"@id":"https:\/\/www.fundaciobarcelonaolimpica.es\/ca\/#website"},"primaryImageOfPage":{"@id":"https:\/\/www.fundaciobarcelonaolimpica.es\/ca\/qui-som\/#primaryimage"},"image":{"@id":"https:\/\/www.fundaciobarcelonaolimpica.es\/ca\/qui-som\/#primaryimage"},"thumbnailUrl":"https:\/\/www.fundaciobarcelonaolimpica.es\/wp-content\/uploads\/sites\/3\/2019\/01\/img_qui_som_01-3.jpg","datePublished":"2019-06-21T09:45:49+00:00","dateModified":"2019-07-30T10:37:23+00:00","breadcrumb":{"@id":"https:\/\/www.fundaciobarcelonaolimpica.es\/ca\/qui-som\/#breadcrumb"},"inLanguage":"ca","potentialAction":[{"@type":"ReadAction","target":["https:\/\/www.fundaciobarcelonaolimpica.es\/ca\/qui-som\/"]}]},{"@type":"ImageObject","inLanguage":"ca","@id":"https:\/\/www.fundaciobarcelonaolimpica.es\/ca\/qui-som\/#primaryimage","url":"https:\/\/www.fundaciobarcelonaolimpica.es\/wp-content\/uploads\/sites\/3\/2019\/01\/img_qui_som_01-3.jpg","contentUrl":"https:\/\/www.fundaciobarcelonaolimpica.es\/wp-content\/uploads\/sites\/3\/2019\/01\/img_qui_som_01-3.jpg"},{"@type":"BreadcrumbList","@id":"https:\/\/www.fundaciobarcelonaolimpica.es\/ca\/qui-som\/#breadcrumb","itemListElement":[{"@type":"ListItem","position":1,"name":"FBO","item":"https:\/\/www.fundaciobarcelonaolimpica.es\/es\/"},{"@type":"ListItem","position":2,"name":"Qui som"}]},{"@type":"WebSite","@id":"https:\/\/www.fundaciobarcelonaolimpica.es\/ca\/#website","url":"https:\/\/www.fundaciobarcelonaolimpica.es\/ca\/","name":"Fundaci\u00f3 Barcelona Ol\u00edmpica","description":"Web del Museu Ol\u00edmpic i de l&#039;Esport","publisher":{"@id":"https:\/\/www.fundaciobarcelonaolimpica.es\/ca\/#organization"},"potentialAction":[{"@type":"SearchAction","target":{"@type":"EntryPoint","urlTemplate":"https:\/\/www.fundaciobarcelonaolimpica.es\/ca\/?s={search_term_string}"},"query-input":{"@type":"PropertyValueSpecification","valueRequired":true,"valueName":"search_term_string"}}],"inLanguage":"ca"},{"@type":"Organization","@id":"https:\/\/www.fundaciobarcelonaolimpica.es\/ca\/#organization","name":"Fundaci\u00f3 Barcelona Ol\u00edmpica","url":"https:\/\/www.fundaciobarcelonaolimpica.es\/ca\/","logo":{"@type":"ImageObject","inLanguage":"ca","@id":"https:\/\/www.fundaciobarcelonaolimpica.es\/ca\/#\/schema\/logo\/image\/","url":"https:\/\/www.fundaciobarcelonaolimpica.es\/wp-content\/uploads\/sites\/3\/2019\/02\/logo-fundacio.svg","contentUrl":"https:\/\/www.fundaciobarcelonaolimpica.es\/wp-content\/uploads\/sites\/3\/2019\/02\/logo-fundacio.svg","caption":"Fundaci\u00f3 Barcelona Ol\u00edmpica"},"image":{"@id":"https:\/\/www.fundaciobarcelonaolimpica.es\/ca\/#\/schema\/logo\/image\/"}}]}},"_links":{"self":[{"href":"https:\/\/www.fundaciobarcelonaolimpica.es\/ca\/wp-json\/wp\/v2\/pages\/7119"}],"collection":[{"href":"https:\/\/www.fundaciobarcelonaolimpica.es\/ca\/wp-json\/wp\/v2\/pages"}],"about":[{"href":"https:\/\/www.fundaciobarcelonaolimpica.es\/ca\/wp-json\/wp\/v2\/types\/page"}],"author":[{"embeddable":true,"href":"https:\/\/www.fundaciobarcelonaolimpica.es\/ca\/wp-json\/wp\/v2\/users\/6"}],"replies":[{"embeddable":true,"href":"https:\/\/www.fundaciobarcelonaolimpica.es\/ca\/wp-json\/wp\/v2\/comments?post=7119"}],"version-history":[{"count":9,"href":"https:\/\/www.fundaciobarcelonaolimpica.es\/ca\/wp-json\/wp\/v2\/pages\/7119\/revisions"}],"predecessor-version":[{"id":20134,"href":"https:\/\/www.fundaciobarcelonaolimpica.es\/ca\/wp-json\/wp\/v2\/pages\/7119\/revisions\/20134"}],"wp:attachment":[{"href":"https:\/\/www.fundaciobarcelonaolimpica.es\/ca\/wp-json\/wp\/v2\/media?parent=7119"}],"curies":[{"name":"wp","href":"https:\/\/api.w.org\/{rel}","templated":true}]}}