{"id":7722,"date":"2019-06-27T18:00:40","date_gmt":"2019-06-27T16:00:40","guid":{"rendered":"https:\/\/dev.fbolimpica.es\/transparencia\/"},"modified":"2026-04-09T11:47:04","modified_gmt":"2026-04-09T09:47:04","slug":"transparencia_fbo","status":"publish","type":"page","link":"https:\/\/www.fundaciobarcelonaolimpica.es\/ca\/transparencia_fbo\/","title":{"rendered":"Transpar\u00e8ncia"},"content":{"rendered":"\t\t<div data-elementor-type=\"wp-post\" data-elementor-id=\"7722\" class=\"elementor elementor-7722 elementor-483\" data-elementor-post-type=\"page\">\n\t\t\t\t\t\t<section class=\"elementor-section elementor-top-section elementor-element elementor-element-811449c elementor-section-boxed elementor-section-height-default elementor-section-height-default\" data-id=\"811449c\" data-element_type=\"section\">\n\t\t\t\t\t\t<div class=\"elementor-container elementor-column-gap-no\">\n\t\t\t\t\t<div class=\"elementor-column elementor-col-100 elementor-top-column elementor-element elementor-element-d18bb93\" data-id=\"d18bb93\" data-element_type=\"column\">\n\t\t\t<div class=\"elementor-widget-wrap elementor-element-populated\">\n\t\t\t\t\t\t<div class=\"elementor-element elementor-element-efff9ef elementor-widget elementor-widget-shortcode\" data-id=\"efff9ef\" data-element_type=\"widget\" data-widget_type=\"shortcode.default\">\n\t\t\t\t<div class=\"elementor-widget-container\">\n\t\t\t\t\t\t\t<div class=\"elementor-shortcode\">\n    <div class=\"fbo-page-finder\">\n      <div class=\"fbo-page-finder-control\">\n        <input type=\"text\" placeholder=\"Cercar\"\/>\n        <div class=\"fbo-page-finde-results-nav\">\n          <div class=\"fbo-page-finde-results-nav-indicator\">\n            <div class=\"fbo-page-finde-results-nav-indicator-current\"><\/div>\n            <div class=\"fbo-page-finde-results-nav-indicator-total\"><\/div>\n          <\/div>\n          <button class=\"fbo-page-finde-results-nav-btn fbo-page-finde-results-nav-prev\"><span>Previous<\/span><\/button>\n          <button class=\"fbo-page-finde-results-nav-btn fbo-page-finde-results-nav-next\"><span>Next<\/span><\/button>\n        <\/div>\n      <\/div>\n    <\/div>\n\n  <\/div>\n\t\t\t\t\t\t<\/div>\n\t\t\t\t<\/div>\n\t\t\t\t\t<\/div>\n\t\t<\/div>\n\t\t\t\t\t<\/div>\n\t\t<\/section>\n\t\t\t\t<section class=\"elementor-section elementor-top-section elementor-element elementor-element-12d353a fbo-ley finder-text-target elementor-section-boxed elementor-section-height-default elementor-section-height-default\" data-id=\"12d353a\" data-element_type=\"section\">\n\t\t\t\t\t\t<div class=\"elementor-container elementor-column-gap-no\">\n\t\t\t\t\t<div class=\"elementor-column elementor-col-100 elementor-top-column elementor-element elementor-element-f596eac\" data-id=\"f596eac\" data-element_type=\"column\">\n\t\t\t<div class=\"elementor-widget-wrap elementor-element-populated\">\n\t\t\t\t\t\t<section class=\"elementor-section elementor-inner-section elementor-element elementor-element-f2f4edb fbo-content--intro elementor-section-boxed elementor-section-height-default elementor-section-height-default\" data-id=\"f2f4edb\" data-element_type=\"section\">\n\t\t\t\t\t\t<div class=\"elementor-container elementor-column-gap-default\">\n\t\t\t\t\t<div class=\"elementor-column elementor-col-100 elementor-inner-column elementor-element elementor-element-948b17c\" data-id=\"948b17c\" data-element_type=\"column\">\n\t\t\t<div class=\"elementor-widget-wrap elementor-element-populated\">\n\t\t\t\t\t\t<div class=\"elementor-element elementor-element-b121fa2 elementor-widget elementor-widget-text-editor\" data-id=\"b121fa2\" data-element_type=\"widget\" data-widget_type=\"text-editor.default\">\n\t\t\t\t<div class=\"elementor-widget-container\">\n\t\t\t\t\t\t\t\t\t<p>En compliment de la Llei 19\/2013, de 9 de desembre, de transpar\u00e8ncia, acc\u00e9s a la informaci\u00f3 p\u00fablica i bon govern; de la Llei 19\/2014 de desembre, de transpar\u00e8ncia, acc\u00e9s a la informaci\u00f3 p\u00fablica i bon govern; i de la Llei 21\/2014, de 29 de desembre del protectorat de les fundacions i de verificaci\u00f3 de l&#8217;activitat de les associacions declarades d&#8217;utilitat p\u00fablica, fem p\u00fablic al nostre web la seg\u00fcent informaci\u00f3:<\/p>\n\t\t\t\t\t\t\t\t<\/div>\n\t\t\t\t<\/div>\n\t\t\t\t\t<\/div>\n\t\t<\/div>\n\t\t\t\t\t<\/div>\n\t\t<\/section>\n\t\t\t\t<section class=\"elementor-section elementor-inner-section elementor-element elementor-element-921ea24 elementor-section-boxed elementor-section-height-default elementor-section-height-default\" data-id=\"921ea24\" data-element_type=\"section\">\n\t\t\t\t\t\t<div class=\"elementor-container elementor-column-gap-default\">\n\t\t\t\t\t<div class=\"elementor-column elementor-col-100 elementor-inner-column elementor-element elementor-element-6801e6b\" data-id=\"6801e6b\" data-element_type=\"column\">\n\t\t\t<div class=\"elementor-widget-wrap elementor-element-populated\">\n\t\t\t\t\t\t<div class=\"elementor-element elementor-element-244ed8f elementor-widget elementor-widget-text-editor\" data-id=\"244ed8f\" data-element_type=\"widget\" data-widget_type=\"text-editor.default\">\n\t\t\t\t<div class=\"elementor-widget-container\">\n\t\t\t\t\t\t\t\t\t<h2>Informaci\u00f3 institucional<\/h2>\n<p>&nbsp;<\/p>\n<h3>N\u00fam. de Registre: 705 del Registre de Fundacions de la Generalitat de Catalunya<\/h3>\n<p><a href=\"https:\/\/www.fundaciobarcelonaolimpica.es\/es\/carta-fundacional-fbo-cat\/\">Carta Fundacional<\/a><\/p>\n<p>Finalitat de la Fundaci\u00f3 Barcelona Ol\u00edmpica<br \/><a href=\"https:\/\/www.fundaciobarcelonaolimpica.es\/es\/estatuts-fbo-2019-cat\/\" target=\"_blank\" rel=\"noopener\">Estatuts Fundaci\u00f3 Barcelona Ol\u00edmpica \u00d2rgans de Govern Patronat<\/a><\/p>\n<p>\u00d2rgans de Govern<br \/><a href=\"https:\/\/www.fundaciobarcelonaolimpica.es\/ca\/patronat\/\" target=\"_blank\" rel=\"noopener\">Patronat<\/a><\/p>\n<h2>Marc normatiu<\/h2>\n<p>&nbsp;<\/p>\n<h3>Normativa catalana pr\u00f2pia de les Fundacions:<\/h3>\n<p><a href=\"https:\/\/portaljuridic.gencat.cat\/ca\/pjur_ocults\/pjur_resultats_fitxa\/?action=fitxa&amp;mode=single&amp;documentId=680124&amp;language=ca_ES\" target=\"_blank\" rel=\"noopener\">Llei 21\/2014. 29 de desem<\/a><a href=\"https:\/\/portaljuridic.gencat.cat\/ca\/pjur_ocults\/pjur_resultats_fitxa\/?action=fitxa&amp;mode=single&amp;documentId=680124&amp;language=ca_ES\" target=\"_blank\" rel=\"noopener\">bre<\/a><br \/>Protectorat de les fundacions i de verificaci\u00f3 de l&#8217;activitat de les associacions declarades d&#8217;utilitat p\u00fablica.<\/p>\n<p><a href=\"https:\/\/portaljuridic.gencat.cat\/ca\/pjur_ocults\/pjur_resultats_fitxa\/?action=fitxa&amp;mode=single&amp;documentId=680124&amp;language=ca_ES\" target=\"_blank\" rel=\"noopener\">Llei 21\/2014. 29 de desembre<\/a><br \/>Transpar\u00e8ncia, acc\u00e9s a la informaci\u00f3 p\u00fablica i bon govern.<\/p>\n<p><a href=\"http:\/\/noticias.juridicas.com\/base_datos\/CCAA\/ca-l4-2008.html\" target=\"_blank\" rel=\"noopener\">Llei 4\/2008, 24 d\u2019abril<\/a><br \/>Llibre tercer del Codi Civil de Catalunya, relatiu a les Persones Jur\u00eddiques.<\/p>\n<p><a href=\"https:\/\/www.fundaciobarcelonaolimpica.es\/wp-content\/uploads\/sites\/3\/2019\/06\/Llei_7-2012-.pdf\" target=\"_blank\" rel=\"noopener\">Llei 7\/2012, 15 de Juny<\/a><br \/>Modificaci\u00f3 del llibre tercer del Codi Civil de Catalunya en relaci\u00f3 a les persones jur\u00eddiques i la resta de disposicions complement\u00e0ries.<\/p>\n<p><a href=\"https:\/\/www.fundaciobarcelonaolimpica.es\/wp-content\/uploads\/sites\/3\/2019\/06\/DECRET_259-2008_Catalunya.pdf\" target=\"_blank\" rel=\"noopener\">Decret 259\/2008, 23 de desembre<\/a><br \/>Pla de comptabilitat de les fundacions i les associacions subjectes a la legislaci\u00f3 de la Generalitat de Catalunya.<\/p>\n<h3>Normativa espanyola:<\/h3>\n<p><a href=\"https:\/\/www.boe.es\/buscar\/doc.php?id=BOE-A-2013-12887\" target=\"_blank\" rel=\"noopener\">Ley 19\/2013, 9 de diciembre<\/a><br \/>Transparencia, acceso a la informaci\u00f3n p\u00fablica y buen gobierno.<\/p>\n<p><a href=\"https:\/\/boe.es\/buscar\/act.php?id=BOE-A-2002-25180\" target=\"_blank\" rel=\"noopener\">Ley 50\/2002 26 de diciembre<\/a><br \/>Fundaciones.<\/p>\n<p><a href=\"http:\/\/noticias.juridicas.com\/base_datos\/Fiscal\/l49-2002.html\" target=\"_blank\" rel=\"noopener\">Ley 49\/2002, 23 de diciembre<\/a><br \/>R\u00e9gimen fiscal de las entidades sin fines lucrativos y de los incentivos fiscales al mecenazgo.<\/p>\n<h2>Informaci\u00f3 econ\u00f2mica i administrativa<\/h2>\n<p><strong>Retribucions percebudes pels m\u00e0xims responsables de l&#8217;entitat:<\/strong><br \/>&#8220;Els c\u00e0rrecs dels patrons s\u00f3n gratu\u00efts, segons l\u2019article 14\u00e8 dels Estatuts de la Fundaci\u00f3.&#8221;<\/p>\n<p>El Sr. Francesc Terr\u00f3n i Cus\u00ed exerceix les funcions de director de la Fundaci\u00f3 Barcelona Ol\u00edmpica des del 5 de mar\u00e7 del 2021.<\/p>\n<p>Francesc Terr\u00f3n i Cus\u00ed, llicenciat en Direcci\u00f3 i administraci\u00f3 d&#8217;Empreses per la UOC.<\/p>\n<p>Inicia la seva traject\u00f2ria professional en l&#8217;\u00e0mbit municipal en 1989, primer en l\u2019Institut Municipal Barcelona Espectacles desenvolupant diferents funcions i posteriorment en 1996 en l\u2019Institut de Cultura de Barcelona. Durant el per\u00edode 2002-2005 exerceixo funcions de t\u00e8cnic en el F\u00f2rum Universal de les Cultures Barcelona 2004 i des del 2005 en l&#8217;Institut Barcelona Esport en els c\u00e0rrecs d&#8217;Administrador i Gerent.<\/p>\n<h3>Pressupostos:<\/h3>\n<p>&nbsp;<\/p>\n<ul>\n<li><a href=\"https:\/\/www.fundaciobarcelonaolimpica.es\/wp-content\/uploads\/sites\/3\/2021\/03\/PRESSUPOST-2016.pdf\" target=\"_blank\" rel=\"noopener\">Pressupost 2016<\/a><\/li>\n<li><a href=\"https:\/\/www.fundaciobarcelonaolimpica.es\/wp-content\/uploads\/sites\/3\/2021\/03\/PRESSUPOST-2017.pdf\" target=\"_blank\" rel=\"noopener\">Pressupost 2017<\/a><\/li>\n<li><a href=\"https:\/\/www.fundaciobarcelonaolimpica.es\/wp-content\/uploads\/sites\/3\/2021\/03\/PRESSUPOST-2018.pdf\" target=\"_blank\" rel=\"noopener\">Pressupost 2018<\/a><\/li>\n<li><a href=\"https:\/\/www.fundaciobarcelonaolimpica.es\/es\/pressupost-2019-cat\/\">Pressupost 2019<\/a><\/li>\n<li><a href=\"https:\/\/www.fundaciobarcelonaolimpica.es\/wp-content\/uploads\/sites\/3\/2021\/03\/PRESSUPOST-2020.pdf\">Pressupost 2020<\/a><\/li>\n<li><a href=\"https:\/\/www.fundaciobarcelonaolimpica.es\/wp-content\/uploads\/sites\/3\/2021\/06\/PRESSUPOST-EXERCICI-2021.pdf\">Pressupost 2021<\/a><\/li>\n<li><a href=\"https:\/\/www.fundaciobarcelonaolimpica.es\/wp-content\/uploads\/sites\/3\/2021\/11\/PRESSUPOST-2022.pdf\">Pressupost 2022<\/a><\/li>\n<li><a href=\"https:\/\/www.fundaciobarcelonaolimpica.es\/wp-content\/uploads\/sites\/3\/2024\/07\/PRESSUPOST-EXERCICI-2023-APROVAT-PATRONAT-1.pdf\">Pressupost 2023<\/a><\/li>\n<li><a href=\"https:\/\/www.fundaciobarcelonaolimpica.es\/wp-content\/uploads\/sites\/3\/2025\/12\/FBO-pressupost-2024.pdf\">Pressupost 2024<\/a><\/li>\n<li><a href=\"https:\/\/www.fundaciobarcelonaolimpica.es\/wp-content\/uploads\/sites\/3\/2025\/12\/FBO-pressupost-2025.pdf\">Pressupost 2025<\/a><\/li>\n<li><a href=\"https:\/\/www.fundaciobarcelonaolimpica.es\/wp-content\/uploads\/sites\/3\/2026\/04\/PRESSUPOST-2026.pdf\">Pressupost 2026<\/a><\/li>\n<li>Pressupost 2027<\/li>\n<\/ul>\n<p>&nbsp;<\/p>\n<h3>Mem\u00f2ries econ\u00f2miques:<\/h3>\n<p>&nbsp;<\/p>\n<ul>\n<li><a href=\"https:\/\/www.fundaciobarcelonaolimpica.es\/wp-content\/uploads\/sites\/3\/2019\/10\/INFORME_AUDITORIA_I_CC_AA_2016.pdf\" target=\"_blank\" rel=\"noopener\">Informe auditoria i comptes anuals 2016<\/a><\/li>\n<li><a href=\"https:\/\/www.fundaciobarcelonaolimpica.es\/wp-content\/uploads\/sites\/3\/2019\/10\/INFORME_AUDITORIA_I_CC_AA_2017.pdf\" target=\"_blank\" rel=\"noopener\">Informe auditoria i comptes anuals 2017<\/a><\/li>\n<li><a href=\"https:\/\/www.fundaciobarcelonaolimpica.es\/es\/auditoria-comptes-2018-cat\/\">Informe auditoria i comptes anuals 2018<\/a><\/li>\n<li><a href=\"https:\/\/www.fundaciobarcelonaolimpica.es\/wp-content\/uploads\/sites\/3\/2021\/03\/INFORME-AUDITORIA-COMPTES-ANUALS-2019.pdf\">Informe auditoria i comptes anuals 2019<\/a><\/li>\n<li><a href=\"https:\/\/www.fundaciobarcelonaolimpica.es\/wp-content\/uploads\/sites\/3\/2021\/06\/INFORME-AUDITORIA-COMPTES-ANUALS-2020.pdf\">Informe auditoria i comptes anuals 2020<\/a><\/li>\n<li><a href=\"https:\/\/www.fundaciobarcelonaolimpica.es\/wp-content\/uploads\/sites\/3\/2022\/06\/INFORME-AUDITORIA-COMPTES-2021.pdf\">Informe auditoria i comptes anuals 2021<\/a><\/li>\n<li><a href=\"https:\/\/www.fundaciobarcelonaolimpica.es\/wp-content\/uploads\/sites\/3\/2024\/02\/Informe-auditoria-comptes-anuals-2022.pdf\">Informe auditoria i comptes anuals 2022<\/a><\/li>\n<li><a href=\"https:\/\/www.fundaciobarcelonaolimpica.es\/wp-content\/uploads\/sites\/3\/2025\/12\/INFORME-AUDITORIA-COMPTES-ANUALS-2023.pdf\">Informe auditoria i comptes anuals 2023<\/a><\/li>\n<li><a href=\"https:\/\/www.fundaciobarcelonaolimpica.es\/wp-content\/uploads\/sites\/3\/2025\/12\/INFORME-AUDITORIA-COMPTES-ANUALS-2024.pdf\">Informe auditoria i comptes anuals 2024<\/a><\/li>\n<li>Informe auditoria i comptes anuals 2025<\/li>\n<li><\/li>\n<\/ul>\n<p>&nbsp;<\/p>\n<h3>Mem\u00f2ries anuals d\u2019activitats:<\/h3>\n<p>&nbsp;<\/p>\n<ul>\n<li><a href=\"https:\/\/www.fundaciobarcelonaolimpica.es\/wp-content\/uploads\/sites\/3\/2019\/06\/MEMORIA_ACTIVITATS_2016.pdf\" target=\"_blank\" rel=\"noopener\">Mem\u00f2ria d&#8217;activitat exercici 2016<\/a><\/li>\n<li><a href=\"https:\/\/www.fundaciobarcelonaolimpica.es\/wp-content\/uploads\/sites\/3\/2019\/06\/MEMORIA_ACTIVITATS_2017.pdf\" target=\"_blank\" rel=\"noopener\">Mem\u00f2ria d&#8217;activitat exercici 2017<\/a><\/li>\n<li><a href=\"https:\/\/www.fundaciobarcelonaolimpica.es\/es\/memoria-activitats-2018-cat\/\">Mem\u00f2ria d&#8217;activitat exercici 2018<\/a><\/li>\n<li><a href=\"https:\/\/www.fundaciobarcelonaolimpica.es\/es\/memoria-dactivitats-2019\/\">Mem\u00f2ria d&#8217;activitat exercici 2019<\/a><\/li>\n<li><a href=\"https:\/\/www.fundaciobarcelonaolimpica.es\/wp-content\/uploads\/sites\/3\/2022\/06\/memoriafbo2020-ok_rgb-CAT-WEB_low.pdf\">Mem\u00f2ria d&#8217;activitat exercici 2020<\/a><\/li>\n<li><a href=\"https:\/\/www.fundaciobarcelonaolimpica.es\/wp-content\/uploads\/sites\/3\/2022\/06\/memoriafbo2021-rgb-CAT-FINAL.pdf\">Mem\u00f2ria d&#8217;activitat exercici 2021<\/a><\/li>\n<li><a href=\"https:\/\/www.fundaciobarcelonaolimpica.es\/wp-content\/uploads\/sites\/3\/2024\/02\/memoriafbo2022-rgb-CAT-WEB.pdf\">Mem\u00f2ria d&#8217;activitat exercici 2022<\/a><\/li>\n<li><a href=\"https:\/\/www.fundaciobarcelonaolimpica.es\/wp-content\/uploads\/sites\/3\/2024\/05\/memoriafbo2023-rgb-CAT-WEB.pdf\">Mem\u00f2ria d&#8217;activitat exercici 2023<\/a><\/li>\n<li><a href=\"https:\/\/www.fundaciobarcelonaolimpica.es\/wp-content\/uploads\/sites\/3\/2025\/12\/memoriafbo2024_72PX.pdf\">Mem\u00f2ria d&#8217;activitat exercici 2024<\/a><\/li>\n<li>Mem\u00f2ria d&#8217;activitat exercici 2025<\/li>\n<li>Mem\u00f2ria d&#8217;activitat exercici 2026<\/li>\n<\/ul>\n<p>&nbsp;<\/p>\n<h3>Balan\u00e7 social:<\/h3>\n<p>&nbsp;<\/p>\n<ul>\n<li><a href=\"https:\/\/www.fundaciobarcelonaolimpica.es\/wp-content\/uploads\/sites\/3\/2021\/06\/FBO_BALANC_SOCIAL-2020.pdf\">Balan\u00e7 Social 2020<\/a><\/li>\n<li><a href=\"https:\/\/www.fundaciobarcelonaolimpica.es\/wp-content\/uploads\/sites\/3\/2022\/06\/FBO-BALANC-SOCIAL-2021-CAT.pdf\">Balan\u00e7 Social 2021<\/a><\/li>\n<li><a href=\"https:\/\/www.fundaciobarcelonaolimpica.es\/wp-content\/uploads\/sites\/3\/2024\/02\/BALANC-SOCIAL-2022.pdf\">Balan\u00e7 Social 2022<\/a><\/li>\n<li><a href=\"https:\/\/www.fundaciobarcelonaolimpica.es\/wp-content\/uploads\/sites\/3\/2025\/12\/BALANc-SOCIAL-2023.pdf\">Balan\u00e7 Social 2023<\/a><\/li>\n<li><a href=\"https:\/\/www.fundaciobarcelonaolimpica.es\/wp-content\/uploads\/sites\/3\/2025\/12\/BALANC-SOCIAL-2024.pdf\">Balan\u00e7 Social 2024<\/a><\/li>\n<li><a href=\"https:\/\/www.fundaciobarcelonaolimpica.es\/wp-content\/uploads\/sites\/3\/2026\/04\/FBO-BALANc-SOCIAL-2025.pdf\">Balan\u00e7 Social 2025<\/a><\/li>\n<li>Balan\u00e7 Social 2026<\/li>\n<\/ul>\n<p>&nbsp;<\/p>\n<h2>Convenis i subvencions<\/h2>\n<p><a href=\"https:\/\/www.fundaciobarcelonaolimpica.es\/wp-content\/uploads\/sites\/3\/2022\/07\/SUBVENCIONS-i-AJUDES-PUBLIQUES-2017_2021.pdf\" target=\"_blank\" rel=\"noopener\">Subvencions i ajudes p\u00fabliques rebudes 2017 i 2021<\/a><br \/>Contractes establerts amb l&#8217;Administraci\u00f3 P\u00fablica:<br \/>&#8220;Conveni entre l&#8217;Ajuntament de Barcelona i la Fundaci\u00f3 Barcelona Ol\u00edmpica per a la gesti\u00f3 i explotaci\u00f3 del Museu Ol\u00edmpic i de l&#8217;Esport Joan Antoni Samaranch\u201d.<\/p>\n<h2><a href=\"https:\/\/ajuntament.barcelona.cat\/transparencia\/ca\/contractacio-publica-de-la-fundacio-privada-barcelona-olimpica\"><strong>Contractaci\u00f3 p\u00fablica de la Fundaci\u00f3 Privada Barcelona Ol\u00edmpica<\/strong><\/a><\/h2>\n<p>&nbsp;<\/p>\n<h2>Perfil del contractant<\/h2>\n<p><em>Les instruccions no estan en vigor pels contractes iniciats a partir de l\u2019entrada en vigor de la Llei 9\/2017 de contractes del sector p\u00fablic, \u00e9s a dir, a partir del 9 de mar\u00e7 de 2018.<\/em><\/p>\n\t\t\t\t\t\t\t\t<\/div>\n\t\t\t\t<\/div>\n\t\t\t\t\t<\/div>\n\t\t<\/div>\n\t\t\t\t\t<\/div>\n\t\t<\/section>\n\t\t\t\t\t<\/div>\n\t\t<\/div>\n\t\t\t\t\t<\/div>\n\t\t<\/section>\n\t\t\t\t<\/div>\n\t\t","protected":false},"excerpt":{"rendered":"<p>En compliment de la Llei 19\/2013, de 9 de desembre, de transpar\u00e8ncia, acc\u00e9s a la informaci\u00f3 p\u00fablica i bon govern; de la Llei 19\/2014 de desembre, de transpar\u00e8ncia, acc\u00e9s a la informaci\u00f3 p\u00fablica i bon govern; i de la Llei 21\/2014, de 29 de desembre del protectorat de les fundacions i de verificaci\u00f3 de l&#8217;activitat [&hellip;]<\/p>\n","protected":false},"author":6,"featured_media":0,"parent":0,"menu_order":0,"comment_status":"closed","ping_status":"closed","template":"","meta":{"_acf_changed":false,"footnotes":""},"class_list":["post-7722","page","type-page","status-publish","hentry"],"acf":[],"yoast_head":"<!-- This site is optimized with the Yoast SEO plugin v23.7 - https:\/\/yoast.com\/wordpress\/plugins\/seo\/ -->\n<title>Transpar\u00e8ncia - Fundaci\u00f3 Barcelona Ol\u00edmpica<\/title>\n<meta name=\"robots\" content=\"index, follow, max-snippet:-1, max-image-preview:large, max-video-preview:-1\" \/>\n<link rel=\"canonical\" href=\"https:\/\/www.fundaciobarcelonaolimpica.es\/es\/transparencia\/\" \/>\n<meta property=\"og:locale\" content=\"ca_ES\" \/>\n<meta property=\"og:type\" content=\"article\" \/>\n<meta property=\"og:title\" content=\"Transpar\u00e8ncia - Fundaci\u00f3 Barcelona Ol\u00edmpica\" \/>\n<meta property=\"og:description\" content=\"En compliment de la Llei 19\/2013, de 9 de desembre, de transpar\u00e8ncia, acc\u00e9s a la informaci\u00f3 p\u00fablica i bon govern; de la Llei 19\/2014 de desembre, de transpar\u00e8ncia, acc\u00e9s a la informaci\u00f3 p\u00fablica i bon govern; i de la Llei 21\/2014, de 29 de desembre del protectorat de les fundacions i de verificaci\u00f3 de l&#8217;activitat [&hellip;]\" \/>\n<meta property=\"og:url\" content=\"https:\/\/www.fundaciobarcelonaolimpica.es\/es\/transparencia\/\" \/>\n<meta property=\"og:site_name\" content=\"Fundaci\u00f3 Barcelona Ol\u00edmpica\" \/>\n<meta property=\"article:modified_time\" content=\"2026-04-09T09:47:04+00:00\" \/>\n<meta name=\"twitter:card\" content=\"summary_large_image\" \/>\n<meta name=\"twitter:label1\" content=\"Temps estimat de lectura\" \/>\n\t<meta name=\"twitter:data1\" content=\"3 minuts\" \/>\n<script type=\"application\/ld+json\" class=\"yoast-schema-graph\">{\"@context\":\"https:\/\/schema.org\",\"@graph\":[{\"@type\":\"WebPage\",\"@id\":\"https:\/\/www.fundaciobarcelonaolimpica.es\/es\/transparencia\/\",\"url\":\"https:\/\/www.fundaciobarcelonaolimpica.es\/es\/transparencia\/\",\"name\":\"Transpar\u00e8ncia - Fundaci\u00f3 Barcelona Ol\u00edmpica\",\"isPartOf\":{\"@id\":\"https:\/\/www.fundaciobarcelonaolimpica.es\/ca\/#website\"},\"datePublished\":\"2019-06-27T16:00:40+00:00\",\"dateModified\":\"2026-04-09T09:47:04+00:00\",\"breadcrumb\":{\"@id\":\"https:\/\/www.fundaciobarcelonaolimpica.es\/es\/transparencia\/#breadcrumb\"},\"inLanguage\":\"ca\",\"potentialAction\":[{\"@type\":\"ReadAction\",\"target\":[\"https:\/\/www.fundaciobarcelonaolimpica.es\/es\/transparencia\/\"]}]},{\"@type\":\"BreadcrumbList\",\"@id\":\"https:\/\/www.fundaciobarcelonaolimpica.es\/es\/transparencia\/#breadcrumb\",\"itemListElement\":[{\"@type\":\"ListItem\",\"position\":1,\"name\":\"FBO\",\"item\":\"https:\/\/www.fundaciobarcelonaolimpica.es\/es\/\"},{\"@type\":\"ListItem\",\"position\":2,\"name\":\"Transpar\u00e8ncia\"}]},{\"@type\":\"WebSite\",\"@id\":\"https:\/\/www.fundaciobarcelonaolimpica.es\/ca\/#website\",\"url\":\"https:\/\/www.fundaciobarcelonaolimpica.es\/ca\/\",\"name\":\"Fundaci\u00f3 Barcelona Ol\u00edmpica\",\"description\":\"Web del Museu Ol\u00edmpic i de l&#039;Esport\",\"publisher\":{\"@id\":\"https:\/\/www.fundaciobarcelonaolimpica.es\/ca\/#organization\"},\"potentialAction\":[{\"@type\":\"SearchAction\",\"target\":{\"@type\":\"EntryPoint\",\"urlTemplate\":\"https:\/\/www.fundaciobarcelonaolimpica.es\/ca\/?s={search_term_string}\"},\"query-input\":{\"@type\":\"PropertyValueSpecification\",\"valueRequired\":true,\"valueName\":\"search_term_string\"}}],\"inLanguage\":\"ca\"},{\"@type\":\"Organization\",\"@id\":\"https:\/\/www.fundaciobarcelonaolimpica.es\/ca\/#organization\",\"name\":\"Fundaci\u00f3 Barcelona Ol\u00edmpica\",\"url\":\"https:\/\/www.fundaciobarcelonaolimpica.es\/ca\/\",\"logo\":{\"@type\":\"ImageObject\",\"inLanguage\":\"ca\",\"@id\":\"https:\/\/www.fundaciobarcelonaolimpica.es\/ca\/#\/schema\/logo\/image\/\",\"url\":\"https:\/\/www.fundaciobarcelonaolimpica.es\/wp-content\/uploads\/sites\/3\/2019\/02\/logo-fundacio.svg\",\"contentUrl\":\"https:\/\/www.fundaciobarcelonaolimpica.es\/wp-content\/uploads\/sites\/3\/2019\/02\/logo-fundacio.svg\",\"caption\":\"Fundaci\u00f3 Barcelona Ol\u00edmpica\"},\"image\":{\"@id\":\"https:\/\/www.fundaciobarcelonaolimpica.es\/ca\/#\/schema\/logo\/image\/\"}}]}<\/script>\n<!-- \/ Yoast SEO plugin. -->","yoast_head_json":{"title":"Transpar\u00e8ncia - Fundaci\u00f3 Barcelona Ol\u00edmpica","robots":{"index":"index","follow":"follow","max-snippet":"max-snippet:-1","max-image-preview":"max-image-preview:large","max-video-preview":"max-video-preview:-1"},"canonical":"https:\/\/www.fundaciobarcelonaolimpica.es\/es\/transparencia\/","og_locale":"ca_ES","og_type":"article","og_title":"Transpar\u00e8ncia - Fundaci\u00f3 Barcelona Ol\u00edmpica","og_description":"En compliment de la Llei 19\/2013, de 9 de desembre, de transpar\u00e8ncia, acc\u00e9s a la informaci\u00f3 p\u00fablica i bon govern; de la Llei 19\/2014 de desembre, de transpar\u00e8ncia, acc\u00e9s a la informaci\u00f3 p\u00fablica i bon govern; i de la Llei 21\/2014, de 29 de desembre del protectorat de les fundacions i de verificaci\u00f3 de l&#8217;activitat [&hellip;]","og_url":"https:\/\/www.fundaciobarcelonaolimpica.es\/es\/transparencia\/","og_site_name":"Fundaci\u00f3 Barcelona Ol\u00edmpica","article_modified_time":"2026-04-09T09:47:04+00:00","twitter_card":"summary_large_image","twitter_misc":{"Temps estimat de lectura":"3 minuts"},"schema":{"@context":"https:\/\/schema.org","@graph":[{"@type":"WebPage","@id":"https:\/\/www.fundaciobarcelonaolimpica.es\/es\/transparencia\/","url":"https:\/\/www.fundaciobarcelonaolimpica.es\/es\/transparencia\/","name":"Transpar\u00e8ncia - Fundaci\u00f3 Barcelona Ol\u00edmpica","isPartOf":{"@id":"https:\/\/www.fundaciobarcelonaolimpica.es\/ca\/#website"},"datePublished":"2019-06-27T16:00:40+00:00","dateModified":"2026-04-09T09:47:04+00:00","breadcrumb":{"@id":"https:\/\/www.fundaciobarcelonaolimpica.es\/es\/transparencia\/#breadcrumb"},"inLanguage":"ca","potentialAction":[{"@type":"ReadAction","target":["https:\/\/www.fundaciobarcelonaolimpica.es\/es\/transparencia\/"]}]},{"@type":"BreadcrumbList","@id":"https:\/\/www.fundaciobarcelonaolimpica.es\/es\/transparencia\/#breadcrumb","itemListElement":[{"@type":"ListItem","position":1,"name":"FBO","item":"https:\/\/www.fundaciobarcelonaolimpica.es\/es\/"},{"@type":"ListItem","position":2,"name":"Transpar\u00e8ncia"}]},{"@type":"WebSite","@id":"https:\/\/www.fundaciobarcelonaolimpica.es\/ca\/#website","url":"https:\/\/www.fundaciobarcelonaolimpica.es\/ca\/","name":"Fundaci\u00f3 Barcelona Ol\u00edmpica","description":"Web del Museu Ol\u00edmpic i de l&#039;Esport","publisher":{"@id":"https:\/\/www.fundaciobarcelonaolimpica.es\/ca\/#organization"},"potentialAction":[{"@type":"SearchAction","target":{"@type":"EntryPoint","urlTemplate":"https:\/\/www.fundaciobarcelonaolimpica.es\/ca\/?s={search_term_string}"},"query-input":{"@type":"PropertyValueSpecification","valueRequired":true,"valueName":"search_term_string"}}],"inLanguage":"ca"},{"@type":"Organization","@id":"https:\/\/www.fundaciobarcelonaolimpica.es\/ca\/#organization","name":"Fundaci\u00f3 Barcelona Ol\u00edmpica","url":"https:\/\/www.fundaciobarcelonaolimpica.es\/ca\/","logo":{"@type":"ImageObject","inLanguage":"ca","@id":"https:\/\/www.fundaciobarcelonaolimpica.es\/ca\/#\/schema\/logo\/image\/","url":"https:\/\/www.fundaciobarcelonaolimpica.es\/wp-content\/uploads\/sites\/3\/2019\/02\/logo-fundacio.svg","contentUrl":"https:\/\/www.fundaciobarcelonaolimpica.es\/wp-content\/uploads\/sites\/3\/2019\/02\/logo-fundacio.svg","caption":"Fundaci\u00f3 Barcelona Ol\u00edmpica"},"image":{"@id":"https:\/\/www.fundaciobarcelonaolimpica.es\/ca\/#\/schema\/logo\/image\/"}}]}},"_links":{"self":[{"href":"https:\/\/www.fundaciobarcelonaolimpica.es\/ca\/wp-json\/wp\/v2\/pages\/7722"}],"collection":[{"href":"https:\/\/www.fundaciobarcelonaolimpica.es\/ca\/wp-json\/wp\/v2\/pages"}],"about":[{"href":"https:\/\/www.fundaciobarcelonaolimpica.es\/ca\/wp-json\/wp\/v2\/types\/page"}],"author":[{"embeddable":true,"href":"https:\/\/www.fundaciobarcelonaolimpica.es\/ca\/wp-json\/wp\/v2\/users\/6"}],"replies":[{"embeddable":true,"href":"https:\/\/www.fundaciobarcelonaolimpica.es\/ca\/wp-json\/wp\/v2\/comments?post=7722"}],"version-history":[{"count":113,"href":"https:\/\/www.fundaciobarcelonaolimpica.es\/ca\/wp-json\/wp\/v2\/pages\/7722\/revisions"}],"predecessor-version":[{"id":32847,"href":"https:\/\/www.fundaciobarcelonaolimpica.es\/ca\/wp-json\/wp\/v2\/pages\/7722\/revisions\/32847"}],"wp:attachment":[{"href":"https:\/\/www.fundaciobarcelonaolimpica.es\/ca\/wp-json\/wp\/v2\/media?parent=7722"}],"curies":[{"name":"wp","href":"https:\/\/api.w.org\/{rel}","templated":true}]}}