{"id":20103,"date":"2019-07-30T12:04:25","date_gmt":"2019-07-30T10:04:25","guid":{"rendered":"https:\/\/dev.fbolimpica.es\/?page_id=20103"},"modified":"2019-09-10T16:08:31","modified_gmt":"2019-09-10T14:08:31","slug":"agenda","status":"publish","type":"page","link":"https:\/\/www.fundaciobarcelonaolimpica.es\/en\/agenda\/","title":{"rendered":"Agenda"},"content":{"rendered":"<p>\n<div id=\"ajax-filters-search\" class=\"ajax-filter-search\" data-target=\".cpt-grid\" data-posts-per-page=\"5\">\n  <form method=\"get\" autocomplete=\"off\">\n    <input type=\"hidden\" id=\"search-post-type\" value=\"event\" \/>\n    <input type=\"hidden\" id=\"wpml_lang\" value=\"en\" \/>\n    <div class=\"form-group form-group--select\">\n      <label for=\"search-year\" class=\"sr-only\">Year<\/label>\n      <select class=\"form-control\" name=\"search-year\" id=\"search-year\">\n        <option placeholder>All years<\/option>\n        <option value=\"2025\">Year 2025<\/option><option value=\"2024\">Year 2024<\/option><option value=\"2023\">Year 2023<\/option><option value=\"2022\">Year 2022<\/option><option value=\"2021\">Year 2021<\/option><option value=\"2019\">Year 2019<\/option><option value=\"2018\">Year 2018<\/option><option value=\"2017\">Year 2017<\/option>      <\/select>\n    <\/div>\n    <div class=\"form-group form-group--text\">\n      <label for=\"search-text\" class=\"sr-only\"><\/label>\n      <input class=\"form-control\" name=\"search-text\" id=\"search-text\" type=\"text\" \/>\n    <\/div>\n    <button type=\"reset\">\n      <svg class=\"icon icon-cancel\"><use xlink:href=\"#icon-cancel\"><\/use><\/svg>\n      <span class=\"sr-only\">Reiniciar<\/span>\n    <\/button>\n    <button type=\"submit\">\n      <svg class=\"icon icon-search\"><use xlink:href=\"#icon-search\"><\/use><\/svg>\n      <span class=\"sr-only\">Search<\/span>\n    <\/button>\n  <\/form>\n<\/div><!-- .ajax-filter-search -->\n\n<script type=\"text\/javascript\">\n    var ajax_url = \"https:\/\/www.fundaciobarcelonaolimpica.es\/wp-admin\/admin-ajax.php\";\n<\/script>\n\n<div class=\"cpt-grid cpt-grid--event\">\n  \n        <div class=\"cpt-grid-item cpt-grid-item--event\">\n  <div class=\"cpt-grid-item__inside\">\n    <div class=\"cpt-grid-item__schedule\">\n            <span class=\"moe-date start\">\n        <span class=\"date\"><span class=\"day\">14<\/span><span class=\"month\">Jan-26<\/span><\/span>        <span class=\"time\">17:00<\/span>      <\/span>\n                  <span class=\"moe-date end\">\n        <span class=\"date\"><span class=\"day\">15<\/span><span class=\"month\">Jan-26<\/span><\/span>        <span class=\"time\">20:00<\/span>      <\/span>\n          <\/div><!-- \/.cpt-grid-item__schedule -->\n    <div class=\"cpt-grid-item__content\">\n      <ul class=\"cpt-grid-item__tags\"><\/ul>\n            <h3><a href=\"https:\/\/www.fundaciobarcelonaolimpica.es\/en\/agenda\/the-futur-of-major-sporting-evens\/\">The futur of major sporting evens<\/a><\/h3>\n                  <div class=\"cpt-grid-item__meta\">\n        <span class=\"location\">Musue Ol\u00edmpic i de l'Esport Ja Samaranch<\/span>        <span class=\"promoter\">Organised by: Fundaci\u00f3 Barcelona Ol\u00edmpica<\/span>      <\/div><!-- \/.cpt-grid-item__meta -->\n                  <div class=\"cpt-grid-item__description\">\n        <p>The 16th Olympic Forum \u2013 Rom\u00e0 Cuy\u00e0s Memorial will bring together leading figures from the sports world to reflect on the main challenges and opportunities currently faced by major sporting events. The first session will address key questions about the future of Olympism, the role of public\u2013private collaboration in organizing competitions, the economic and social [&hellip;]<\/p>\n      <\/div><!-- \/.cpt-grid-item__description -->\n                <\/div><!-- \/.cpt-grid-item__fullcontent -->\n  <\/div><!-- \/.cpt-grid-item__inside -->\n<\/div><!-- \/.cpt-grid-item -->        <div class=\"cpt-grid-item cpt-grid-item--event\">\n  <div class=\"cpt-grid-item__inside\">\n    <div class=\"cpt-grid-item__schedule\">\n            <span class=\"moe-date start\">\n        <span class=\"date\"><span class=\"day\">16<\/span><span class=\"month\">Jul-24<\/span><\/span>        <span class=\"time\">17:00<\/span>      <\/span>\n                  <span class=\"moe-date end\">\n                <span class=\"time\">19:00<\/span>      <\/span>\n          <\/div><!-- \/.cpt-grid-item__schedule -->\n    <div class=\"cpt-grid-item__content\">\n      <ul class=\"cpt-grid-item__tags\"><\/ul>\n            <h3><a href=\"https:\/\/www.fundaciobarcelonaolimpica.es\/en\/agenda\/the-legacy-of-paris-1924\/\">The Legacy of Paris 1924<\/a><\/h3>\n                  <div class=\"cpt-grid-item__meta\">\n        <span class=\"location\">Museu Ol\u00edmpic i de l'Esport JA Samaranch<\/span>        <span class=\"promoter\">Organised by: Fundaci\u00f3 Barcelona Ol\u00edmpica<\/span>      <\/div><!-- \/.cpt-grid-item__meta -->\n                  <div class=\"cpt-grid-item__description\">\n        <p>The city of Paris has a rich history in the world of sport, especially at the Olympic Games. In 1924, the French capital hosted the Summer Olympics, marking a significant milestone in Olympic history with the second time the city hosted this prestigious sporting event. On the occasion of the centenary of the Olympic event, [&hellip;]<\/p>\n      <\/div><!-- \/.cpt-grid-item__description -->\n                <\/div><!-- \/.cpt-grid-item__fullcontent -->\n  <\/div><!-- \/.cpt-grid-item__inside -->\n<\/div><!-- \/.cpt-grid-item -->        <div class=\"cpt-grid-item cpt-grid-item--event\">\n  <div class=\"cpt-grid-item__inside\">\n    <div class=\"cpt-grid-item__schedule\">\n            <span class=\"moe-date start\">\n        <span class=\"date\"><span class=\"day\">20<\/span><span class=\"month\">Jun-23<\/span><\/span>        <span class=\"time\">17:00<\/span>      <\/span>\n                  <span class=\"moe-date end\">\n                <span class=\"time\">18:00<\/span>      <\/span>\n          <\/div><!-- \/.cpt-grid-item__schedule -->\n    <div class=\"cpt-grid-item__content\">\n      <ul class=\"cpt-grid-item__tags\"><\/ul>\n            <h3><a href=\"https:\/\/www.fundaciobarcelonaolimpica.es\/en\/agenda\/barcelona-more-than-a-century-of-cycling\/\">Barcelona, more than a century of cycling<\/a><\/h3>\n                  <div class=\"cpt-grid-item__meta\">\n        <span class=\"location\">Museu Ol\u00edmpic i de l'Esport<\/span>        <span class=\"promoter\">Organised by: Fundaci\u00f3 Barcelona Ol\u00edmpica<\/span>      <\/div><!-- \/.cpt-grid-item__meta -->\n                  <div class=\"cpt-grid-item__description\">\n        <p>MRound table at which a review of the history of cycling in the city of Barcelona will be carried out, taking into account several points of view: from the beginnings to the present, going through the public policies applied to the bicycle or the races contested in the city, having on the horizon the departure [&hellip;]<\/p>\n      <\/div><!-- \/.cpt-grid-item__description -->\n                <\/div><!-- \/.cpt-grid-item__fullcontent -->\n  <\/div><!-- \/.cpt-grid-item__inside -->\n<\/div><!-- \/.cpt-grid-item -->        <div class=\"cpt-grid-item cpt-grid-item--event\">\n  <div class=\"cpt-grid-item__inside\">\n    <div class=\"cpt-grid-item__schedule\">\n            <span class=\"moe-date start\">\n        <span class=\"date\"><span class=\"day\">12<\/span><span class=\"month\">Apr-23<\/span><\/span>        <span class=\"time\">18:00<\/span>      <\/span>\n                  <span class=\"moe-date end\">\n                <span class=\"time\">19:00<\/span>      <\/span>\n          <\/div><!-- \/.cpt-grid-item__schedule -->\n    <div class=\"cpt-grid-item__content\">\n      <ul class=\"cpt-grid-item__tags\"><\/ul>\n            <h3><a href=\"https:\/\/www.fundaciobarcelonaolimpica.es\/en\/agenda\/37th-americas-cup-barcelona-great-events-in-the-city-of-barcelona\/\">37th America&#8217;s Cup Barcelona. Great events in the city of Barcelona<\/a><\/h3>\n                  <div class=\"cpt-grid-item__meta\">\n        <span class=\"location\">Museu Ol\u00edmpic i de l'Esport JA Samaranch<\/span>        <span class=\"promoter\">Organised by: Fundaci\u00f3 Barcelona Ol\u00edmpica - IBE<\/span>      <\/div><!-- \/.cpt-grid-item__meta -->\n                  <div class=\"cpt-grid-item__description\">\n        <p>Barcelona has hosted several high-profile sporting events, the most well-known of which is, without a doubt, the Olympic Games of 1992. Soon, in 2024, the Copa Am\u00e9rica is scheduled to be held, an international sporting event that wants to put the spotlight back on Barcelona as a first-class sports city. Book your place<\/p>\n      <\/div><!-- \/.cpt-grid-item__description -->\n                <\/div><!-- \/.cpt-grid-item__fullcontent -->\n  <\/div><!-- \/.cpt-grid-item__inside -->\n<\/div><!-- \/.cpt-grid-item -->        <div class=\"cpt-grid-item cpt-grid-item--event\">\n  <div class=\"cpt-grid-item__inside\">\n    <div class=\"cpt-grid-item__schedule\">\n            <span class=\"moe-date start\">\n        <span class=\"date\"><span class=\"day\">13<\/span><span class=\"month\">Dec-22<\/span><\/span>        <span class=\"time\">17:00<\/span>      <\/span>\n                  <span class=\"moe-date end\">\n                <span class=\"time\">18:00<\/span>      <\/span>\n          <\/div><!-- \/.cpt-grid-item__schedule -->\n    <div class=\"cpt-grid-item__content\">\n      <ul class=\"cpt-grid-item__tags\"><\/ul>\n            <h3><a href=\"https:\/\/www.fundaciobarcelonaolimpica.es\/en\/agenda\/50th-anniversary-of-the-1972-games\/\">50th Anniversary of the 1972 Games<\/a><\/h3>\n                  <div class=\"cpt-grid-item__meta\">\n        <span class=\"location\">Auditori Museu Ol\u00edmpic i de l'Esport JA Samaranch<\/span>        <span class=\"promoter\">Organised by: Fundaci\u00f3 Barcelona Ol\u00edmpica <\/span>      <\/div><!-- \/.cpt-grid-item__meta -->\n                  <div class=\"cpt-grid-item__description\">\n        <p>It has been 50 years since the Olympic Games in Sapporo and Munich in 1972, as well as the Stoke Mandeville held in Heidelberg. They were very significant games that are remembered for their legacy and tragedy.<\/p>\n      <\/div><!-- \/.cpt-grid-item__description -->\n                <\/div><!-- \/.cpt-grid-item__fullcontent -->\n  <\/div><!-- \/.cpt-grid-item__inside -->\n<\/div><!-- \/.cpt-grid-item -->    \n  <\/div><!-- .cpt-grid -->\n<\/p>\n","protected":false},"excerpt":{"rendered":"","protected":false},"author":2,"featured_media":0,"parent":0,"menu_order":0,"comment_status":"closed","ping_status":"closed","template":"","meta":{"_acf_changed":false,"footnotes":""},"class_list":["post-20103","page","type-page","status-publish","hentry"],"acf":[],"yoast_head":"<!-- This site is optimized with the Yoast SEO plugin v23.7 - https:\/\/yoast.com\/wordpress\/plugins\/seo\/ -->\n<title>Agenda - Fundaci\u00f3 Barcelona Ol\u00edmpica<\/title>\n<meta name=\"robots\" content=\"index, follow, max-snippet:-1, max-image-preview:large, max-video-preview:-1\" \/>\n<link rel=\"canonical\" href=\"https:\/\/www.fundaciobarcelonaolimpica.es\/en\/agenda\/\" \/>\n<meta property=\"og:locale\" content=\"en_US\" \/>\n<meta property=\"og:type\" content=\"article\" \/>\n<meta property=\"og:title\" content=\"Agenda - Fundaci\u00f3 Barcelona Ol\u00edmpica\" \/>\n<meta property=\"og:url\" content=\"https:\/\/www.fundaciobarcelonaolimpica.es\/en\/agenda\/\" \/>\n<meta property=\"og:site_name\" content=\"Fundaci\u00f3 Barcelona Ol\u00edmpica\" \/>\n<meta property=\"article:modified_time\" content=\"2019-09-10T14:08:31+00:00\" \/>\n<meta name=\"twitter:card\" content=\"summary_large_image\" \/>\n<script type=\"application\/ld+json\" class=\"yoast-schema-graph\">{\"@context\":\"https:\/\/schema.org\",\"@graph\":[{\"@type\":\"WebPage\",\"@id\":\"https:\/\/www.fundaciobarcelonaolimpica.es\/en\/agenda\/\",\"url\":\"https:\/\/www.fundaciobarcelonaolimpica.es\/en\/agenda\/\",\"name\":\"Agenda - Fundaci\u00f3 Barcelona Ol\u00edmpica\",\"isPartOf\":{\"@id\":\"https:\/\/www.fundaciobarcelonaolimpica.es\/ca\/#website\"},\"datePublished\":\"2019-07-30T10:04:25+00:00\",\"dateModified\":\"2019-09-10T14:08:31+00:00\",\"breadcrumb\":{\"@id\":\"https:\/\/www.fundaciobarcelonaolimpica.es\/en\/agenda\/#breadcrumb\"},\"inLanguage\":\"en-US\",\"potentialAction\":[{\"@type\":\"ReadAction\",\"target\":[\"https:\/\/www.fundaciobarcelonaolimpica.es\/en\/agenda\/\"]}]},{\"@type\":\"BreadcrumbList\",\"@id\":\"https:\/\/www.fundaciobarcelonaolimpica.es\/en\/agenda\/#breadcrumb\",\"itemListElement\":[{\"@type\":\"ListItem\",\"position\":1,\"name\":\"FBO\",\"item\":\"https:\/\/www.fundaciobarcelonaolimpica.es\/es\/\"},{\"@type\":\"ListItem\",\"position\":2,\"name\":\"Agenda\"}]},{\"@type\":\"WebSite\",\"@id\":\"https:\/\/www.fundaciobarcelonaolimpica.es\/ca\/#website\",\"url\":\"https:\/\/www.fundaciobarcelonaolimpica.es\/ca\/\",\"name\":\"Fundaci\u00f3 Barcelona Ol\u00edmpica\",\"description\":\"Web del Museu Ol\u00edmpic i de l&#039;Esport\",\"publisher\":{\"@id\":\"https:\/\/www.fundaciobarcelonaolimpica.es\/ca\/#organization\"},\"potentialAction\":[{\"@type\":\"SearchAction\",\"target\":{\"@type\":\"EntryPoint\",\"urlTemplate\":\"https:\/\/www.fundaciobarcelonaolimpica.es\/ca\/?s={search_term_string}\"},\"query-input\":{\"@type\":\"PropertyValueSpecification\",\"valueRequired\":true,\"valueName\":\"search_term_string\"}}],\"inLanguage\":\"en-US\"},{\"@type\":\"Organization\",\"@id\":\"https:\/\/www.fundaciobarcelonaolimpica.es\/ca\/#organization\",\"name\":\"Fundaci\u00f3 Barcelona Ol\u00edmpica\",\"url\":\"https:\/\/www.fundaciobarcelonaolimpica.es\/ca\/\",\"logo\":{\"@type\":\"ImageObject\",\"inLanguage\":\"en-US\",\"@id\":\"https:\/\/www.fundaciobarcelonaolimpica.es\/ca\/#\/schema\/logo\/image\/\",\"url\":\"https:\/\/www.fundaciobarcelonaolimpica.es\/wp-content\/uploads\/sites\/3\/2019\/02\/logo-fundacio.svg\",\"contentUrl\":\"https:\/\/www.fundaciobarcelonaolimpica.es\/wp-content\/uploads\/sites\/3\/2019\/02\/logo-fundacio.svg\",\"caption\":\"Fundaci\u00f3 Barcelona Ol\u00edmpica\"},\"image\":{\"@id\":\"https:\/\/www.fundaciobarcelonaolimpica.es\/ca\/#\/schema\/logo\/image\/\"}}]}<\/script>\n<!-- \/ Yoast SEO plugin. -->","yoast_head_json":{"title":"Agenda - Fundaci\u00f3 Barcelona Ol\u00edmpica","robots":{"index":"index","follow":"follow","max-snippet":"max-snippet:-1","max-image-preview":"max-image-preview:large","max-video-preview":"max-video-preview:-1"},"canonical":"https:\/\/www.fundaciobarcelonaolimpica.es\/en\/agenda\/","og_locale":"en_US","og_type":"article","og_title":"Agenda - Fundaci\u00f3 Barcelona Ol\u00edmpica","og_url":"https:\/\/www.fundaciobarcelonaolimpica.es\/en\/agenda\/","og_site_name":"Fundaci\u00f3 Barcelona Ol\u00edmpica","article_modified_time":"2019-09-10T14:08:31+00:00","twitter_card":"summary_large_image","schema":{"@context":"https:\/\/schema.org","@graph":[{"@type":"WebPage","@id":"https:\/\/www.fundaciobarcelonaolimpica.es\/en\/agenda\/","url":"https:\/\/www.fundaciobarcelonaolimpica.es\/en\/agenda\/","name":"Agenda - Fundaci\u00f3 Barcelona Ol\u00edmpica","isPartOf":{"@id":"https:\/\/www.fundaciobarcelonaolimpica.es\/ca\/#website"},"datePublished":"2019-07-30T10:04:25+00:00","dateModified":"2019-09-10T14:08:31+00:00","breadcrumb":{"@id":"https:\/\/www.fundaciobarcelonaolimpica.es\/en\/agenda\/#breadcrumb"},"inLanguage":"en-US","potentialAction":[{"@type":"ReadAction","target":["https:\/\/www.fundaciobarcelonaolimpica.es\/en\/agenda\/"]}]},{"@type":"BreadcrumbList","@id":"https:\/\/www.fundaciobarcelonaolimpica.es\/en\/agenda\/#breadcrumb","itemListElement":[{"@type":"ListItem","position":1,"name":"FBO","item":"https:\/\/www.fundaciobarcelonaolimpica.es\/es\/"},{"@type":"ListItem","position":2,"name":"Agenda"}]},{"@type":"WebSite","@id":"https:\/\/www.fundaciobarcelonaolimpica.es\/ca\/#website","url":"https:\/\/www.fundaciobarcelonaolimpica.es\/ca\/","name":"Fundaci\u00f3 Barcelona Ol\u00edmpica","description":"Web del Museu Ol\u00edmpic i de l&#039;Esport","publisher":{"@id":"https:\/\/www.fundaciobarcelonaolimpica.es\/ca\/#organization"},"potentialAction":[{"@type":"SearchAction","target":{"@type":"EntryPoint","urlTemplate":"https:\/\/www.fundaciobarcelonaolimpica.es\/ca\/?s={search_term_string}"},"query-input":{"@type":"PropertyValueSpecification","valueRequired":true,"valueName":"search_term_string"}}],"inLanguage":"en-US"},{"@type":"Organization","@id":"https:\/\/www.fundaciobarcelonaolimpica.es\/ca\/#organization","name":"Fundaci\u00f3 Barcelona Ol\u00edmpica","url":"https:\/\/www.fundaciobarcelonaolimpica.es\/ca\/","logo":{"@type":"ImageObject","inLanguage":"en-US","@id":"https:\/\/www.fundaciobarcelonaolimpica.es\/ca\/#\/schema\/logo\/image\/","url":"https:\/\/www.fundaciobarcelonaolimpica.es\/wp-content\/uploads\/sites\/3\/2019\/02\/logo-fundacio.svg","contentUrl":"https:\/\/www.fundaciobarcelonaolimpica.es\/wp-content\/uploads\/sites\/3\/2019\/02\/logo-fundacio.svg","caption":"Fundaci\u00f3 Barcelona Ol\u00edmpica"},"image":{"@id":"https:\/\/www.fundaciobarcelonaolimpica.es\/ca\/#\/schema\/logo\/image\/"}}]}},"_links":{"self":[{"href":"https:\/\/www.fundaciobarcelonaolimpica.es\/en\/wp-json\/wp\/v2\/pages\/20103"}],"collection":[{"href":"https:\/\/www.fundaciobarcelonaolimpica.es\/en\/wp-json\/wp\/v2\/pages"}],"about":[{"href":"https:\/\/www.fundaciobarcelonaolimpica.es\/en\/wp-json\/wp\/v2\/types\/page"}],"author":[{"embeddable":true,"href":"https:\/\/www.fundaciobarcelonaolimpica.es\/en\/wp-json\/wp\/v2\/users\/2"}],"replies":[{"embeddable":true,"href":"https:\/\/www.fundaciobarcelonaolimpica.es\/en\/wp-json\/wp\/v2\/comments?post=20103"}],"version-history":[{"count":3,"href":"https:\/\/www.fundaciobarcelonaolimpica.es\/en\/wp-json\/wp\/v2\/pages\/20103\/revisions"}],"predecessor-version":[{"id":20120,"href":"https:\/\/www.fundaciobarcelonaolimpica.es\/en\/wp-json\/wp\/v2\/pages\/20103\/revisions\/20120"}],"wp:attachment":[{"href":"https:\/\/www.fundaciobarcelonaolimpica.es\/en\/wp-json\/wp\/v2\/media?parent=20103"}],"curies":[{"name":"wp","href":"https:\/\/api.w.org\/{rel}","templated":true}]}}