{"id":7695,"date":"2019-06-27T17:01:19","date_gmt":"2019-06-27T15:01:19","guid":{"rendered":"https:\/\/dev.fbolimpica.es\/applicant-profile\/"},"modified":"2019-09-25T13:52:58","modified_gmt":"2019-09-25T11:52:58","slug":"applicant-profile","status":"publish","type":"page","link":"https:\/\/www.fundaciobarcelonaolimpica.es\/en\/applicant-profile\/","title":{"rendered":"Applicant profile"},"content":{"rendered":"\t\t<div data-elementor-type=\"wp-post\" data-elementor-id=\"7695\" class=\"elementor elementor-7695 elementor-7676\" data-elementor-post-type=\"page\">\n\t\t\t\t\t\t<section class=\"elementor-section elementor-top-section elementor-element elementor-element-8107fd9 fbo-about elementor-section-boxed elementor-section-height-default elementor-section-height-default\" data-id=\"8107fd9\" data-element_type=\"section\">\n\t\t\t\t\t\t<div class=\"elementor-container elementor-column-gap-default\">\n\t\t\t\t\t<div class=\"elementor-column elementor-col-100 elementor-top-column elementor-element elementor-element-bd0d47a\" data-id=\"bd0d47a\" data-element_type=\"column\">\n\t\t\t<div class=\"elementor-widget-wrap elementor-element-populated\">\n\t\t\t\t\t\t<section class=\"elementor-section elementor-inner-section elementor-element elementor-element-03ba171 fbo-intro elementor-section-boxed elementor-section-height-default elementor-section-height-default\" data-id=\"03ba171\" data-element_type=\"section\">\n\t\t\t\t\t\t<div class=\"elementor-container elementor-column-gap-no\">\n\t\t\t\t\t<div class=\"elementor-column elementor-col-100 elementor-inner-column elementor-element elementor-element-77dd46e\" data-id=\"77dd46e\" data-element_type=\"column\">\n\t\t\t<div class=\"elementor-widget-wrap elementor-element-populated\">\n\t\t\t\t\t\t<div class=\"elementor-element elementor-element-9a7e376 elementor-widget elementor-widget-text-editor\" data-id=\"9a7e376\" data-element_type=\"widget\" data-widget_type=\"text-editor.default\">\n\t\t\t\t<div class=\"elementor-widget-container\">\n\t\t\t\t\t\t\t\t\t<p>The Barcelona Olympic Foundation is integrated into the sphere subject to application of the Public Sector Contracts Law 9\/2017 (hereafter LSCP).<\/p><p><a class=\"lnk\" href=\"\/wp-content\/uploads\/sites\/3\/2019\/06\/INSTRUCCIONES_INTERNAS_DE_CONTRATACION.pdf\">Internal applicant instructions. PDF in Spanish.<\/a><\/p>\t\t\t\t\t\t\t\t<\/div>\n\t\t\t\t<\/div>\n\t\t\t\t<div class=\"elementor-element elementor-element-03ccb93 elementor-widget elementor-widget-spacer\" data-id=\"03ccb93\" data-element_type=\"widget\" data-widget_type=\"spacer.default\">\n\t\t\t\t<div class=\"elementor-widget-container\">\n\t\t\t\t\t\t\t<div class=\"elementor-spacer\">\n\t\t\t<div class=\"elementor-spacer-inner\"><\/div>\n\t\t<\/div>\n\t\t\t\t\t\t<\/div>\n\t\t\t\t<\/div>\n\t\t\t\t\t<\/div>\n\t\t<\/div>\n\t\t\t\t\t<\/div>\n\t\t<\/section>\n\t\t\t\t<section class=\"elementor-section elementor-inner-section elementor-element elementor-element-55dd35b elementor-section-boxed elementor-section-height-default elementor-section-height-default\" data-id=\"55dd35b\" data-element_type=\"section\">\n\t\t\t\t\t\t<div class=\"elementor-container elementor-column-gap-no\">\n\t\t\t\t\t<div class=\"elementor-column elementor-col-100 elementor-inner-column elementor-element elementor-element-d5f302a\" data-id=\"d5f302a\" data-element_type=\"column\">\n\t\t\t<div class=\"elementor-widget-wrap elementor-element-populated\">\n\t\t\t\t\t\t<div class=\"elementor-element elementor-element-9ab073d elementor-widget elementor-widget-text-editor\" data-id=\"9ab073d\" data-element_type=\"widget\" data-widget_type=\"text-editor.default\">\n\t\t\t\t<div class=\"elementor-widget-container\">\n\t\t\t\t\t\t\t\t\t<p>In accordance with the provisions of article 15.2 of Law 39\/2015, of 1 October, on the Common Administrative Procedure of Public Administrations, in the procedures processed by local entities, in this case Barcelona City Council, the choice of language must comply with the provisions of the legislation of the corresponding autonomous community, and this legislation, in the case of Catalonia, has established Catalan as the language of normal and preferred use, and as the language pertaining to public administrations and to Barcelona City Council, as set forth in the articles below:<\/p><p>&#8211; Article 6 of Organic Law 6\/2006, on the reform of the Statute of Autonomy of Catalonia.<br \/>&#8211; Article 5 of Law 7\/1983, of 18 April, on linguistic normalisation in Catalonia.<br \/>&#8211; Article 4 of Law 22\/1998, of 30 December, on the Municipal Charter of Barcelona.<\/p><p>Furthermore, article 15.3 of Law 39\/2015, of 1 October, on the Common Administrative Procedure of Public Administrations, states that no translation will be required when the file in question has no effects outside the territory of Catalonia and that in this case, although the call for bids is open to any State that forms part of the European Union, the reform contract being put out to tender only affects the territory of Catalonia, specifically the city of Barcelona, where Catalan enjoys co-official status alongside Spanish. No translation will therefore be required.<\/p><p><a href=\"\/ca\/perfil-del-contratant\/\">Go to tenders list<\/a><\/p>\t\t\t\t\t\t\t\t<\/div>\n\t\t\t\t<\/div>\n\t\t\t\t\t<\/div>\n\t\t<\/div>\n\t\t\t\t\t<\/div>\n\t\t<\/section>\n\t\t\t\t\t<\/div>\n\t\t<\/div>\n\t\t\t\t\t<\/div>\n\t\t<\/section>\n\t\t\t\t<\/div>\n\t\t","protected":false},"excerpt":{"rendered":"<p>The Barcelona Olympic Foundation is integrated into the sphere subject to application of the Public Sector Contracts Law 9\/2017 (hereafter LSCP). Internal applicant instructions. PDF in Spanish. In accordance with the provisions of article 15.2 of Law 39\/2015, of 1 October, on the Common Administrative Procedure of Public Administrations, in the procedures processed by local [&hellip;]<\/p>\n","protected":false},"author":3,"featured_media":0,"parent":0,"menu_order":0,"comment_status":"closed","ping_status":"closed","template":"","meta":{"_acf_changed":false,"footnotes":""},"class_list":["post-7695","page","type-page","status-publish","hentry"],"acf":[],"yoast_head":"<!-- This site is optimized with the Yoast SEO plugin v23.7 - https:\/\/yoast.com\/wordpress\/plugins\/seo\/ -->\n<title>Applicant profile - Fundaci\u00f3 Barcelona Ol\u00edmpica<\/title>\n<meta name=\"robots\" content=\"index, follow, max-snippet:-1, max-image-preview:large, max-video-preview:-1\" \/>\n<link rel=\"canonical\" href=\"https:\/\/www.fundaciobarcelonaolimpica.es\/en\/applicant-profile\/\" \/>\n<meta property=\"og:locale\" content=\"en_US\" \/>\n<meta property=\"og:type\" content=\"article\" \/>\n<meta property=\"og:title\" content=\"Applicant profile - Fundaci\u00f3 Barcelona Ol\u00edmpica\" \/>\n<meta property=\"og:description\" content=\"The Barcelona Olympic Foundation is integrated into the sphere subject to application of the Public Sector Contracts Law 9\/2017 (hereafter LSCP). Internal applicant instructions. PDF in Spanish. In accordance with the provisions of article 15.2 of Law 39\/2015, of 1 October, on the Common Administrative Procedure of Public Administrations, in the procedures processed by local [&hellip;]\" \/>\n<meta property=\"og:url\" content=\"https:\/\/www.fundaciobarcelonaolimpica.es\/en\/applicant-profile\/\" \/>\n<meta property=\"og:site_name\" content=\"Fundaci\u00f3 Barcelona Ol\u00edmpica\" \/>\n<meta property=\"article:modified_time\" content=\"2019-09-25T11:52:58+00:00\" \/>\n<meta name=\"twitter:card\" content=\"summary_large_image\" \/>\n<meta name=\"twitter:label1\" content=\"Est. reading time\" \/>\n\t<meta name=\"twitter:data1\" content=\"1 minute\" \/>\n<script type=\"application\/ld+json\" class=\"yoast-schema-graph\">{\"@context\":\"https:\/\/schema.org\",\"@graph\":[{\"@type\":\"WebPage\",\"@id\":\"https:\/\/www.fundaciobarcelonaolimpica.es\/en\/applicant-profile\/\",\"url\":\"https:\/\/www.fundaciobarcelonaolimpica.es\/en\/applicant-profile\/\",\"name\":\"Applicant profile - Fundaci\u00f3 Barcelona Ol\u00edmpica\",\"isPartOf\":{\"@id\":\"https:\/\/www.fundaciobarcelonaolimpica.es\/ca\/#website\"},\"datePublished\":\"2019-06-27T15:01:19+00:00\",\"dateModified\":\"2019-09-25T11:52:58+00:00\",\"breadcrumb\":{\"@id\":\"https:\/\/www.fundaciobarcelonaolimpica.es\/en\/applicant-profile\/#breadcrumb\"},\"inLanguage\":\"en-US\",\"potentialAction\":[{\"@type\":\"ReadAction\",\"target\":[\"https:\/\/www.fundaciobarcelonaolimpica.es\/en\/applicant-profile\/\"]}]},{\"@type\":\"BreadcrumbList\",\"@id\":\"https:\/\/www.fundaciobarcelonaolimpica.es\/en\/applicant-profile\/#breadcrumb\",\"itemListElement\":[{\"@type\":\"ListItem\",\"position\":1,\"name\":\"FBO\",\"item\":\"https:\/\/www.fundaciobarcelonaolimpica.es\/en\/\"},{\"@type\":\"ListItem\",\"position\":2,\"name\":\"Applicant profile\"}]},{\"@type\":\"WebSite\",\"@id\":\"https:\/\/www.fundaciobarcelonaolimpica.es\/ca\/#website\",\"url\":\"https:\/\/www.fundaciobarcelonaolimpica.es\/ca\/\",\"name\":\"Fundaci\u00f3 Barcelona Ol\u00edmpica\",\"description\":\"Web del Museu Ol\u00edmpic i de l&#039;Esport\",\"publisher\":{\"@id\":\"https:\/\/www.fundaciobarcelonaolimpica.es\/ca\/#organization\"},\"potentialAction\":[{\"@type\":\"SearchAction\",\"target\":{\"@type\":\"EntryPoint\",\"urlTemplate\":\"https:\/\/www.fundaciobarcelonaolimpica.es\/ca\/?s={search_term_string}\"},\"query-input\":{\"@type\":\"PropertyValueSpecification\",\"valueRequired\":true,\"valueName\":\"search_term_string\"}}],\"inLanguage\":\"en-US\"},{\"@type\":\"Organization\",\"@id\":\"https:\/\/www.fundaciobarcelonaolimpica.es\/ca\/#organization\",\"name\":\"Fundaci\u00f3 Barcelona Ol\u00edmpica\",\"url\":\"https:\/\/www.fundaciobarcelonaolimpica.es\/ca\/\",\"logo\":{\"@type\":\"ImageObject\",\"inLanguage\":\"en-US\",\"@id\":\"https:\/\/www.fundaciobarcelonaolimpica.es\/ca\/#\/schema\/logo\/image\/\",\"url\":\"https:\/\/www.fundaciobarcelonaolimpica.es\/wp-content\/uploads\/sites\/3\/2019\/02\/logo-fundacio.svg\",\"contentUrl\":\"https:\/\/www.fundaciobarcelonaolimpica.es\/wp-content\/uploads\/sites\/3\/2019\/02\/logo-fundacio.svg\",\"caption\":\"Fundaci\u00f3 Barcelona Ol\u00edmpica\"},\"image\":{\"@id\":\"https:\/\/www.fundaciobarcelonaolimpica.es\/ca\/#\/schema\/logo\/image\/\"}}]}<\/script>\n<!-- \/ Yoast SEO plugin. -->","yoast_head_json":{"title":"Applicant profile - Fundaci\u00f3 Barcelona Ol\u00edmpica","robots":{"index":"index","follow":"follow","max-snippet":"max-snippet:-1","max-image-preview":"max-image-preview:large","max-video-preview":"max-video-preview:-1"},"canonical":"https:\/\/www.fundaciobarcelonaolimpica.es\/en\/applicant-profile\/","og_locale":"en_US","og_type":"article","og_title":"Applicant profile - Fundaci\u00f3 Barcelona Ol\u00edmpica","og_description":"The Barcelona Olympic Foundation is integrated into the sphere subject to application of the Public Sector Contracts Law 9\/2017 (hereafter LSCP). Internal applicant instructions. PDF in Spanish. In accordance with the provisions of article 15.2 of Law 39\/2015, of 1 October, on the Common Administrative Procedure of Public Administrations, in the procedures processed by local [&hellip;]","og_url":"https:\/\/www.fundaciobarcelonaolimpica.es\/en\/applicant-profile\/","og_site_name":"Fundaci\u00f3 Barcelona Ol\u00edmpica","article_modified_time":"2019-09-25T11:52:58+00:00","twitter_card":"summary_large_image","twitter_misc":{"Est. reading time":"1 minute"},"schema":{"@context":"https:\/\/schema.org","@graph":[{"@type":"WebPage","@id":"https:\/\/www.fundaciobarcelonaolimpica.es\/en\/applicant-profile\/","url":"https:\/\/www.fundaciobarcelonaolimpica.es\/en\/applicant-profile\/","name":"Applicant profile - Fundaci\u00f3 Barcelona Ol\u00edmpica","isPartOf":{"@id":"https:\/\/www.fundaciobarcelonaolimpica.es\/ca\/#website"},"datePublished":"2019-06-27T15:01:19+00:00","dateModified":"2019-09-25T11:52:58+00:00","breadcrumb":{"@id":"https:\/\/www.fundaciobarcelonaolimpica.es\/en\/applicant-profile\/#breadcrumb"},"inLanguage":"en-US","potentialAction":[{"@type":"ReadAction","target":["https:\/\/www.fundaciobarcelonaolimpica.es\/en\/applicant-profile\/"]}]},{"@type":"BreadcrumbList","@id":"https:\/\/www.fundaciobarcelonaolimpica.es\/en\/applicant-profile\/#breadcrumb","itemListElement":[{"@type":"ListItem","position":1,"name":"FBO","item":"https:\/\/www.fundaciobarcelonaolimpica.es\/en\/"},{"@type":"ListItem","position":2,"name":"Applicant profile"}]},{"@type":"WebSite","@id":"https:\/\/www.fundaciobarcelonaolimpica.es\/ca\/#website","url":"https:\/\/www.fundaciobarcelonaolimpica.es\/ca\/","name":"Fundaci\u00f3 Barcelona Ol\u00edmpica","description":"Web del Museu Ol\u00edmpic i de l&#039;Esport","publisher":{"@id":"https:\/\/www.fundaciobarcelonaolimpica.es\/ca\/#organization"},"potentialAction":[{"@type":"SearchAction","target":{"@type":"EntryPoint","urlTemplate":"https:\/\/www.fundaciobarcelonaolimpica.es\/ca\/?s={search_term_string}"},"query-input":{"@type":"PropertyValueSpecification","valueRequired":true,"valueName":"search_term_string"}}],"inLanguage":"en-US"},{"@type":"Organization","@id":"https:\/\/www.fundaciobarcelonaolimpica.es\/ca\/#organization","name":"Fundaci\u00f3 Barcelona Ol\u00edmpica","url":"https:\/\/www.fundaciobarcelonaolimpica.es\/ca\/","logo":{"@type":"ImageObject","inLanguage":"en-US","@id":"https:\/\/www.fundaciobarcelonaolimpica.es\/ca\/#\/schema\/logo\/image\/","url":"https:\/\/www.fundaciobarcelonaolimpica.es\/wp-content\/uploads\/sites\/3\/2019\/02\/logo-fundacio.svg","contentUrl":"https:\/\/www.fundaciobarcelonaolimpica.es\/wp-content\/uploads\/sites\/3\/2019\/02\/logo-fundacio.svg","caption":"Fundaci\u00f3 Barcelona Ol\u00edmpica"},"image":{"@id":"https:\/\/www.fundaciobarcelonaolimpica.es\/ca\/#\/schema\/logo\/image\/"}}]}},"_links":{"self":[{"href":"https:\/\/www.fundaciobarcelonaolimpica.es\/en\/wp-json\/wp\/v2\/pages\/7695"}],"collection":[{"href":"https:\/\/www.fundaciobarcelonaolimpica.es\/en\/wp-json\/wp\/v2\/pages"}],"about":[{"href":"https:\/\/www.fundaciobarcelonaolimpica.es\/en\/wp-json\/wp\/v2\/types\/page"}],"author":[{"embeddable":true,"href":"https:\/\/www.fundaciobarcelonaolimpica.es\/en\/wp-json\/wp\/v2\/users\/3"}],"replies":[{"embeddable":true,"href":"https:\/\/www.fundaciobarcelonaolimpica.es\/en\/wp-json\/wp\/v2\/comments?post=7695"}],"version-history":[{"count":13,"href":"https:\/\/www.fundaciobarcelonaolimpica.es\/en\/wp-json\/wp\/v2\/pages\/7695\/revisions"}],"predecessor-version":[{"id":20548,"href":"https:\/\/www.fundaciobarcelonaolimpica.es\/en\/wp-json\/wp\/v2\/pages\/7695\/revisions\/20548"}],"wp:attachment":[{"href":"https:\/\/www.fundaciobarcelonaolimpica.es\/en\/wp-json\/wp\/v2\/media?parent=7695"}],"curies":[{"name":"wp","href":"https:\/\/api.w.org\/{rel}","templated":true}]}}