{"id":7724,"date":"2019-06-27T18:01:24","date_gmt":"2019-06-27T16:01:24","guid":{"rendered":"https:\/\/dev.fbolimpica.es\/transparency\/"},"modified":"2026-04-09T11:44:41","modified_gmt":"2026-04-09T09:44:41","slug":"transparency","status":"publish","type":"page","link":"https:\/\/www.fundaciobarcelonaolimpica.es\/en\/transparency\/","title":{"rendered":"Transparency"},"content":{"rendered":"\t\t<div data-elementor-type=\"wp-post\" data-elementor-id=\"7724\" class=\"elementor elementor-7724 elementor-483\" data-elementor-post-type=\"page\">\n\t\t\t\t\t\t<section class=\"elementor-section elementor-top-section elementor-element elementor-element-811449c elementor-section-boxed elementor-section-height-default elementor-section-height-default\" data-id=\"811449c\" data-element_type=\"section\">\n\t\t\t\t\t\t<div class=\"elementor-container elementor-column-gap-no\">\n\t\t\t\t\t<div class=\"elementor-column elementor-col-100 elementor-top-column elementor-element elementor-element-d18bb93\" data-id=\"d18bb93\" data-element_type=\"column\">\n\t\t\t<div class=\"elementor-widget-wrap elementor-element-populated\">\n\t\t\t\t\t\t<div class=\"elementor-element elementor-element-efff9ef elementor-widget elementor-widget-shortcode\" data-id=\"efff9ef\" data-element_type=\"widget\" data-widget_type=\"shortcode.default\">\n\t\t\t\t<div class=\"elementor-widget-container\">\n\t\t\t\t\t\t\t<div class=\"elementor-shortcode\">\n    <div class=\"fbo-page-finder\">\n      <div class=\"fbo-page-finder-control\">\n        <input type=\"text\" placeholder=\"Search\"\/>\n        <div class=\"fbo-page-finde-results-nav\">\n          <div class=\"fbo-page-finde-results-nav-indicator\">\n            <div class=\"fbo-page-finde-results-nav-indicator-current\"><\/div>\n            <div class=\"fbo-page-finde-results-nav-indicator-total\"><\/div>\n          <\/div>\n          <button class=\"fbo-page-finde-results-nav-btn fbo-page-finde-results-nav-prev\"><span>Previous<\/span><\/button>\n          <button class=\"fbo-page-finde-results-nav-btn fbo-page-finde-results-nav-next\"><span>Next<\/span><\/button>\n        <\/div>\n      <\/div>\n    <\/div>\n\n  <\/div>\n\t\t\t\t\t\t<\/div>\n\t\t\t\t<\/div>\n\t\t\t\t\t<\/div>\n\t\t<\/div>\n\t\t\t\t\t<\/div>\n\t\t<\/section>\n\t\t\t\t<section class=\"elementor-section elementor-top-section elementor-element elementor-element-12d353a fbo-ley finder-text-target elementor-section-boxed elementor-section-height-default elementor-section-height-default\" data-id=\"12d353a\" data-element_type=\"section\">\n\t\t\t\t\t\t<div class=\"elementor-container elementor-column-gap-no\">\n\t\t\t\t\t<div class=\"elementor-column elementor-col-100 elementor-top-column elementor-element elementor-element-f596eac\" data-id=\"f596eac\" data-element_type=\"column\">\n\t\t\t<div class=\"elementor-widget-wrap elementor-element-populated\">\n\t\t\t\t\t\t<section class=\"elementor-section elementor-inner-section elementor-element elementor-element-f2f4edb fbo-content--intro elementor-section-boxed elementor-section-height-default elementor-section-height-default\" data-id=\"f2f4edb\" data-element_type=\"section\">\n\t\t\t\t\t\t<div class=\"elementor-container elementor-column-gap-default\">\n\t\t\t\t\t<div class=\"elementor-column elementor-col-100 elementor-inner-column elementor-element elementor-element-948b17c\" data-id=\"948b17c\" data-element_type=\"column\">\n\t\t\t<div class=\"elementor-widget-wrap elementor-element-populated\">\n\t\t\t\t\t\t<div class=\"elementor-element elementor-element-b121fa2 elementor-widget elementor-widget-text-editor\" data-id=\"b121fa2\" data-element_type=\"widget\" data-widget_type=\"text-editor.default\">\n\t\t\t\t<div class=\"elementor-widget-container\">\n\t\t\t\t\t\t\t\t\t<p>In accordance with Act 19\/2013, 9 December, on transparency, access to public information and good governance; Act 19\/2014, on transparency, access to public information and good governance; and Act 21\/2014, 29 December, on the protectorate of foundations and verification of activity of associations declared of public interest, we have made the following information public on our website:<\/p>\n\t\t\t\t\t\t\t\t<\/div>\n\t\t\t\t<\/div>\n\t\t\t\t\t<\/div>\n\t\t<\/div>\n\t\t\t\t\t<\/div>\n\t\t<\/section>\n\t\t\t\t<section class=\"elementor-section elementor-inner-section elementor-element elementor-element-921ea24 elementor-section-boxed elementor-section-height-default elementor-section-height-default\" data-id=\"921ea24\" data-element_type=\"section\">\n\t\t\t\t\t\t<div class=\"elementor-container elementor-column-gap-default\">\n\t\t\t\t\t<div class=\"elementor-column elementor-col-100 elementor-inner-column elementor-element elementor-element-6801e6b\" data-id=\"6801e6b\" data-element_type=\"column\">\n\t\t\t<div class=\"elementor-widget-wrap elementor-element-populated\">\n\t\t\t\t\t\t<div class=\"elementor-element elementor-element-244ed8f elementor-widget elementor-widget-text-editor\" data-id=\"244ed8f\" data-element_type=\"widget\" data-widget_type=\"text-editor.default\">\n\t\t\t\t<div class=\"elementor-widget-container\">\n\t\t\t\t\t\t\t\t\t<h2>Institutional information<\/h2>\n<p>&nbsp;<\/p>\n<h3>Register n\u00ba: 705 of the Register of Foundations of the Generalitat de Catalunya<\/h3>\n<p><a href=\"https:\/\/www.fundaciobarcelonaolimpica.es\/wp-content\/uploads\/sites\/3\/2020\/02\/CARTA-FUNDACIONAL-FBO-CAS.pdf\">Foundation charter (CAS)<\/a><\/p>\n<p>Purpose of Barcelona Olympic Foundation<br \/><a href=\"https:\/\/www.fundaciobarcelonaolimpica.es\/wp-content\/uploads\/sites\/3\/2020\/02\/CARTA-FUNDACIONAL-FBO-CAS.pdf\" target=\"_blank\" rel=\"noopener\">Barcelona Olympic Foundation Governing Bodies Board Statutes (CAS)<\/a><\/p>\n<p>Governing Bodies<br \/><a href=\"https:\/\/www.fundaciobarcelonaolimpica.es\/en\/foundations_board\/\" target=\"_blank\" rel=\"noopener\">Board<\/a><\/p>\n<h2>Legal framework<\/h2>\n<p>&nbsp;<\/p>\n<h3>Catalan law on Foundations:<\/h3>\n<p><a href=\"https:\/\/portaljuridic.gencat.cat\/ca\/pjur_ocults\/pjur_resultats_fitxa\/?action=fitxa&amp;mode=single&amp;documentId=680124&amp;language=ca_ES\" target=\"_blank\" rel=\"noopener\">Act 21\/2014. 29 December<\/a><br \/>Protectorate of foundations and verification of activity of associations declared of public interest<\/p>\n<p><a href=\"https:\/\/portaljuridic.gencat.cat\/ca\/pjur_ocults\/pjur_resultats_fitxa\/?action=fitxa&amp;mode=single&amp;documentId=680124&amp;language=ca_ES\" target=\"_blank\" rel=\"noopener\">Act 21\/2014. 29 December<\/a><br \/>Transparency, access to public information and good governance<\/p>\n<p><a href=\"http:\/\/noticias.juridicas.com\/base_datos\/CCAA\/ca-l4-2008.html\" target=\"_blank\" rel=\"noopener\">Act 4\/2008, 24 April<\/a><br \/>Third book of the Civil Code of Catalonia, relating to Legal Entities<\/p>\n<p><a href=\"https:\/\/www.fundaciobarcelonaolimpica.es\/wp-content\/uploads\/sites\/3\/2019\/06\/Llei_7-2012-.pdf\" target=\"_blank\" rel=\"noopener\">Act 7\/2012, 15 June<\/a><br \/>Amendment of the third book of the Civil Code of Catalonia, relating to Legal Entities and remaining supplementary provisions<\/p>\n<p><a href=\"https:\/\/www.fundaciobarcelonaolimpica.es\/wp-content\/uploads\/sites\/3\/2019\/06\/DECRET_259-2008_Catalunya.pdf\" target=\"_blank\" rel=\"noopener\">Decree 259\/2008, 23 December<\/a><br \/>Accounting plan for foundations and associations subject to laws of the Generalitat de Catalunya<\/p>\n<h3>Spanish law:<\/h3>\n<p><a href=\"https:\/\/www.boe.es\/buscar\/doc.php?id=BOE-A-2013-12887\" target=\"_blank\" rel=\"noopener\">Act 19\/2013, 9 December<\/a><br \/>Transparency, access to public information and good governance<\/p>\n<p><a href=\"https:\/\/boe.es\/buscar\/act.php?id=BOE-A-2002-25180\" target=\"_blank\" rel=\"noopener\">Act 50\/2002, 26 December<\/a><br \/>Foundations<\/p>\n<p><a href=\"http:\/\/noticias.juridicas.com\/base_datos\/Fiscal\/l49-2002.html\" target=\"_blank\" rel=\"noopener\">Act 49\/2002, 23 December<\/a><br \/>Tax arrangements of non-profit entities and of tax incentives for sponsorship<\/p>\n<h2>Financial and administrative information<\/h2>\n<p><strong>Remuneration received by the entity\u2019s senior members:<\/strong><br \/>\u201cPatrons\u2019 positions are unpaid, in accordance with Article 14 of the Statutes of the Foundation.\u201d<\/p>\n<p>Mr. Francesc Terr\u00f3n i Cus\u00ed is the director of the Fundaci\u00f3 Barcelona Ol\u00edmpica since 5 March 2021.<\/p>\n<p>Francesc Terr\u00f3n i Cus\u00ed, graduated in Business Administration and Management from the UOC. He began his professional career in the municipal sphere in 1989, first at the <em>Institut Municipal Barcelona Espectacles<\/em> developing different functions and later in 1996 at the <em>Institut de Cultura de Barcelona<\/em>.<\/p>\n<p>From 2002 to 2005 he performed technical functions in the Universal Forum of Cultures Barcelona 2004 and since 2005 at the <em>Institut Barcelona Esports<\/em> in the positions of Administrator and Manager.<\/p>\n<p><strong>Budgets:<\/strong><\/p>\n<ul>\n<li><a href=\"https:\/\/www.fundaciobarcelonaolimpica.es\/wp-content\/uploads\/sites\/3\/2021\/03\/PRESUPUESTO-2016.pdf\" target=\"_blank\" rel=\"noopener\">2016 Budget<\/a><\/li>\n<li><a href=\"https:\/\/www.fundaciobarcelonaolimpica.es\/wp-content\/uploads\/sites\/3\/2021\/03\/PRESUPUESTO-2017.pdf\" target=\"_blank\" rel=\"noopener\">2017 Budget <\/a><\/li>\n<li><a href=\"https:\/\/www.fundaciobarcelonaolimpica.es\/wp-content\/uploads\/sites\/3\/2021\/03\/PRESUPUESTO-2018.pdf\" target=\"_blank\" rel=\"noopener\">2018 Budget<\/a><\/li>\n<li><a href=\"https:\/\/www.fundaciobarcelonaolimpica.es\/wp-content\/uploads\/sites\/3\/2021\/03\/PRESUPUESTO-2019.pdf\">2019 Budget<\/a><\/li>\n<li><a href=\"https:\/\/www.fundaciobarcelonaolimpica.es\/wp-content\/uploads\/sites\/3\/2021\/03\/PRESUPUESTO-2020.pdf\">2020 Budget<\/a><\/li>\n<li><a href=\"https:\/\/www.fundaciobarcelonaolimpica.es\/wp-content\/uploads\/sites\/3\/2021\/06\/PRESUPUESTO-EJERCICIO-2021.pdf\">2021 Budget<\/a><\/li>\n<li><a href=\"https:\/\/www.fundaciobarcelonaolimpica.es\/wp-content\/uploads\/sites\/3\/2021\/11\/PRESUPUESTO-2022.pdf\">2022 Budget<\/a><\/li>\n<li><a href=\"https:\/\/www.fundaciobarcelonaolimpica.es\/wp-content\/uploads\/sites\/3\/2024\/07\/PRESSUPOST-EXERCICI-2023-APROVAT-PATRONAT-1.pdf\">2023 Budget<\/a><\/li>\n<li><a href=\"https:\/\/www.fundaciobarcelonaolimpica.es\/wp-content\/uploads\/sites\/3\/2024\/07\/PROPOSTA-PRESSUPOST-2024-PATRONAT.pdf\">2024 Budget<\/a><\/li>\n<li><a href=\"https:\/\/www.fundaciobarcelonaolimpica.es\/wp-content\/uploads\/sites\/3\/2025\/12\/FBO-pressupost-2025.pdf\">2025 Budget<\/a><\/li>\n<li><a href=\"https:\/\/www.fundaciobarcelonaolimpica.es\/wp-content\/uploads\/sites\/3\/2026\/04\/PRESSUPOST-2026.pdf\">2026 Budget<\/li>\n<li>2027 Budget<\/li>\n<\/ul>\n<p>&nbsp;<\/p>\n<h3>Financial reports:<\/h3>\n<p>&nbsp;<\/p>\n<ul>\n<li><a href=\"https:\/\/www.fundaciobarcelonaolimpica.es\/wp-content\/uploads\/sites\/3\/2019\/10\/INFORME_AUDITORIA_I_CC_AA_2016.pdf\" target=\"_blank\" rel=\"noopener\">2016 Audit report and annual accounts<\/a><\/li>\n<li><a href=\"https:\/\/www.fundaciobarcelonaolimpica.es\/wp-content\/uploads\/sites\/3\/2019\/10\/INFORME_AUDITORIA_I_CC_AA_2017.pdf\" target=\"_blank\" rel=\"noopener\">2017 Audit report and annual accounts <\/a><\/li>\n<li><a href=\"https:\/\/www.fundaciobarcelonaolimpica.es\/es\/auditoria-comptes-2018-cat\/\" target=\"_blank\" rel=\"noopener\">2018 Audit report and annual accounts <\/a><\/li>\n<li><a href=\"https:\/\/www.fundaciobarcelonaolimpica.es\/wp-content\/uploads\/sites\/3\/2021\/03\/INFORME-AUDITORIA-COMPTES-ANUALS-2019.pdf\">2019\u00a0Audit report and annual accounts<\/a><\/li>\n<li><a href=\"https:\/\/www.fundaciobarcelonaolimpica.es\/wp-content\/uploads\/sites\/3\/2021\/06\/INFORME-AUDITORIA-COMPTES-ANUALS-2020.pdf\">2020 Audit report and annual accounts<\/a><\/li>\n<li><a href=\"https:\/\/www.fundaciobarcelonaolimpica.es\/wp-content\/uploads\/sites\/3\/2022\/06\/INFORME-AUDITORIA-COMPTES-2021.pdf\">2021 Audit report and annual accounts<\/a><\/li>\n<li><a href=\"https:\/\/www.fundaciobarcelonaolimpica.es\/wp-content\/uploads\/sites\/3\/2024\/02\/Informe-auditoria-comptes-anuals-2022.pdf\">2022 Audit report and annual accounts<\/a><\/li>\n<li><a href=\"https:\/\/www.fundaciobarcelonaolimpica.es\/wp-content\/uploads\/sites\/3\/2025\/12\/INFORME-AUDITORIA-COMPTES-ANUALS-2023.pdf\">2023 Audit report and annual accounts<\/a><\/li>\n<li><a href=\"https:\/\/www.fundaciobarcelonaolimpica.es\/wp-content\/uploads\/sites\/3\/2025\/12\/INFORME-AUDITORIA-COMPTES-ANUALS-2024.pdf\">2024 Audit report and annual accounts<\/a><\/li>\n<li>2025 Audit report and annual accounts<\/li>\n<\/ul>\n<p>&nbsp;<\/p>\n<h3>Annual activity reports:<\/h3>\n<p>&nbsp;<\/p>\n<ul>\n<li><a href=\"https:\/\/www.fundaciobarcelonaolimpica.es\/es\/memoria-activitats-2018-cat\/\" target=\"_blank\" rel=\"noopener\">2016 Activity report<\/a><\/li>\n<li><a href=\"https:\/\/www.fundaciobarcelonaolimpica.es\/wp-content\/uploads\/sites\/3\/2021\/03\/MEMORIA-DE-ACTIVIDADES-2017.pdf\" target=\"_blank\" rel=\"noopener\">2017 Activity report<\/a><\/li>\n<li><a href=\"https:\/\/www.fundaciobarcelonaolimpica.es\/wp-content\/uploads\/sites\/3\/2021\/03\/MEMORIA-DE-ACTIVIDADES-2018.pdf\">2018 Activity report<\/a><\/li>\n<li><a href=\"https:\/\/www.fundaciobarcelonaolimpica.es\/wp-content\/uploads\/sites\/3\/2021\/03\/MEMORIA-DE-ACTIVIDADES-2019.pdf\">2019 Activity report<\/a><\/li>\n<li><a href=\"https:\/\/www.fundaciobarcelonaolimpica.es\/wp-content\/uploads\/sites\/3\/2021\/06\/memoriafbo2020-ok_rgb-CAST-WEB_low.pdf\">2020 Activity report<\/a><\/li>\n<li><a href=\"https:\/\/www.fundaciobarcelonaolimpica.es\/wp-content\/uploads\/sites\/3\/2022\/06\/memoriafbo2021-rgb-CAST-FINAL.pdf\">2021 Activity report<\/a><\/li>\n<li><a href=\"https:\/\/www.fundaciobarcelonaolimpica.es\/wp-content\/uploads\/sites\/3\/2024\/02\/memoriafbo2022-rgb-CAT-WEB.pdf\">2022 Activity report<\/a><\/li>\n<li><a href=\"https:\/\/www.fundaciobarcelonaolimpica.es\/wp-content\/uploads\/sites\/3\/2024\/05\/memoriafbo2023-rgb-CAT-WEB.pdf\">2023 Activity report<\/a><\/li>\n<li><a href=\"https:\/\/www.fundaciobarcelonaolimpica.es\/wp-content\/uploads\/sites\/3\/2025\/12\/memoriafbo2024_72PX.pdf\">2024 Activity report<\/a><\/li>\n<li>2025 Activity report<\/li>\n<li>2026 Activity report<\/li>\n<\/ul>\n<p>&nbsp;<\/p>\n<h3>Social Balance:<\/h3>\n<p>&nbsp;<\/p>\n<ul>\n<li><a href=\"https:\/\/www.fundaciobarcelonaolimpica.es\/wp-content\/uploads\/sites\/3\/2021\/06\/FBO_BALANCE-SOCIAL-2020.pdf\">Balance Social 2020<\/a><\/li>\n<li><a href=\"https:\/\/www.fundaciobarcelonaolimpica.es\/wp-content\/uploads\/sites\/3\/2022\/06\/FBO-BALANCE-SOCIAL-2021-CAST.pdf\">Balance Social 2021<\/a><\/li>\n<li><a href=\"hhttps:\/\/www.fundaciobarcelonaolimpica.es\/wp-content\/uploads\/sites\/3\/2024\/02\/BALANC-SOCIAL-2022.pdf\">Balance Social 2022<\/a><\/li>\n<li><a href=\"https:\/\/www.fundaciobarcelonaolimpica.es\/wp-content\/uploads\/sites\/3\/2025\/12\/BALANc-SOCIAL-2023.pdf\">Balance Social 2023<\/a><\/li>\n<li><a href=\"https:\/\/www.fundaciobarcelonaolimpica.es\/wp-content\/uploads\/sites\/3\/2025\/12\/BALANC-SOCIAL-2024.pdf\">Balance Social 2024<\/a><\/li>\n<li>a href=&#8221;https:\/\/www.fundaciobarcelonaolimpica.es\/wp-content\/uploads\/sites\/3\/2026\/04\/FBO-BALANc-SOCIAL-2025.pdf&#8221;>Balance Social 2025<\/li>\n<li>Balance Social 2026<\/li>\n<\/ul>\n<p>&nbsp;<\/p>\n<h2>Agreements and subventions<\/h2>\n<p><a href=\"https:\/\/www.fundaciobarcelonaolimpica.es\/wp-content\/uploads\/sites\/3\/2022\/07\/SUBVENCIONES-y-AYUDAS-PUBLICAS-2017_2021.pdf\" target=\"_blank\" rel=\"noopener\">Subventions and government aid received 2017 and 2021 (ESP)<\/a><br \/>Contracts established with Public Administration:<br \/>&#8220;Agreement between Ajuntament de Barcelona and Barcelona Olympic Fondation for the management and use of Joan Antoni Samaranch Olympic and Sports Museum.\u201d<\/p>\n<h2><a href=\"https:\/\/ajuntament.barcelona.cat\/transparencia\/es\/contratacion-publica-de-la-fundacion-privada-barcelona-olimpica\"><strong>Public Procurement of the Barcelona Olympic Private Foundation<\/strong><\/a><\/h2>\n<p>&nbsp;<\/p>\n<h2>Contractor profile<\/h2>\n<p><em> Instructions are not in force for initiated agreements from the entry into force by Act 9\/2017 on public sector contracts, i.e., from 9 March 2018.<br \/>\n<\/em><\/p>\n\t\t\t\t\t\t\t\t<\/div>\n\t\t\t\t<\/div>\n\t\t\t\t\t<\/div>\n\t\t<\/div>\n\t\t\t\t\t<\/div>\n\t\t<\/section>\n\t\t\t\t\t<\/div>\n\t\t<\/div>\n\t\t\t\t\t<\/div>\n\t\t<\/section>\n\t\t\t\t<\/div>\n\t\t","protected":false},"excerpt":{"rendered":"<p>In accordance with Act 19\/2013, 9 December, on transparency, access to public information and good governance; Act 19\/2014, on transparency, access to public information and good governance; and Act 21\/2014, 29 December, on the protectorate of foundations and verification of activity of associations declared of public interest, we have made the following information public on [&hellip;]<\/p>\n","protected":false},"author":6,"featured_media":0,"parent":0,"menu_order":0,"comment_status":"closed","ping_status":"closed","template":"","meta":{"_acf_changed":false,"footnotes":""},"class_list":["post-7724","page","type-page","status-publish","hentry"],"acf":[],"yoast_head":"<!-- This site is optimized with the Yoast SEO plugin v23.7 - https:\/\/yoast.com\/wordpress\/plugins\/seo\/ -->\n<title>Transparency - Fundaci\u00f3 Barcelona Ol\u00edmpica<\/title>\n<meta name=\"robots\" content=\"index, follow, max-snippet:-1, max-image-preview:large, max-video-preview:-1\" \/>\n<link rel=\"canonical\" href=\"https:\/\/www.fundaciobarcelonaolimpica.es\/es\/transparencia\/\" \/>\n<meta property=\"og:locale\" content=\"en_US\" \/>\n<meta property=\"og:type\" content=\"article\" \/>\n<meta property=\"og:title\" content=\"Transparency - Fundaci\u00f3 Barcelona Ol\u00edmpica\" \/>\n<meta property=\"og:description\" content=\"In accordance with Act 19\/2013, 9 December, on transparency, access to public information and good governance; Act 19\/2014, on transparency, access to public information and good governance; and Act 21\/2014, 29 December, on the protectorate of foundations and verification of activity of associations declared of public interest, we have made the following information public on [&hellip;]\" \/>\n<meta property=\"og:url\" content=\"https:\/\/www.fundaciobarcelonaolimpica.es\/es\/transparencia\/\" \/>\n<meta property=\"og:site_name\" content=\"Fundaci\u00f3 Barcelona Ol\u00edmpica\" \/>\n<meta property=\"article:modified_time\" content=\"2026-04-09T09:44:41+00:00\" \/>\n<meta name=\"twitter:card\" content=\"summary_large_image\" \/>\n<meta name=\"twitter:label1\" content=\"Est. reading time\" \/>\n\t<meta name=\"twitter:data1\" content=\"3 minutes\" \/>\n<script type=\"application\/ld+json\" class=\"yoast-schema-graph\">{\"@context\":\"https:\/\/schema.org\",\"@graph\":[{\"@type\":\"WebPage\",\"@id\":\"https:\/\/www.fundaciobarcelonaolimpica.es\/es\/transparencia\/\",\"url\":\"https:\/\/www.fundaciobarcelonaolimpica.es\/es\/transparencia\/\",\"name\":\"Transparency - Fundaci\u00f3 Barcelona Ol\u00edmpica\",\"isPartOf\":{\"@id\":\"https:\/\/www.fundaciobarcelonaolimpica.es\/ca\/#website\"},\"datePublished\":\"2019-06-27T16:01:24+00:00\",\"dateModified\":\"2026-04-09T09:44:41+00:00\",\"breadcrumb\":{\"@id\":\"https:\/\/www.fundaciobarcelonaolimpica.es\/es\/transparencia\/#breadcrumb\"},\"inLanguage\":\"en-US\",\"potentialAction\":[{\"@type\":\"ReadAction\",\"target\":[\"https:\/\/www.fundaciobarcelonaolimpica.es\/es\/transparencia\/\"]}]},{\"@type\":\"BreadcrumbList\",\"@id\":\"https:\/\/www.fundaciobarcelonaolimpica.es\/es\/transparencia\/#breadcrumb\",\"itemListElement\":[{\"@type\":\"ListItem\",\"position\":1,\"name\":\"FBO\",\"item\":\"https:\/\/www.fundaciobarcelonaolimpica.es\/en\/\"},{\"@type\":\"ListItem\",\"position\":2,\"name\":\"Transparency\"}]},{\"@type\":\"WebSite\",\"@id\":\"https:\/\/www.fundaciobarcelonaolimpica.es\/ca\/#website\",\"url\":\"https:\/\/www.fundaciobarcelonaolimpica.es\/ca\/\",\"name\":\"Fundaci\u00f3 Barcelona Ol\u00edmpica\",\"description\":\"Web del Museu Ol\u00edmpic i de l&#039;Esport\",\"publisher\":{\"@id\":\"https:\/\/www.fundaciobarcelonaolimpica.es\/ca\/#organization\"},\"potentialAction\":[{\"@type\":\"SearchAction\",\"target\":{\"@type\":\"EntryPoint\",\"urlTemplate\":\"https:\/\/www.fundaciobarcelonaolimpica.es\/ca\/?s={search_term_string}\"},\"query-input\":{\"@type\":\"PropertyValueSpecification\",\"valueRequired\":true,\"valueName\":\"search_term_string\"}}],\"inLanguage\":\"en-US\"},{\"@type\":\"Organization\",\"@id\":\"https:\/\/www.fundaciobarcelonaolimpica.es\/ca\/#organization\",\"name\":\"Fundaci\u00f3 Barcelona Ol\u00edmpica\",\"url\":\"https:\/\/www.fundaciobarcelonaolimpica.es\/ca\/\",\"logo\":{\"@type\":\"ImageObject\",\"inLanguage\":\"en-US\",\"@id\":\"https:\/\/www.fundaciobarcelonaolimpica.es\/ca\/#\/schema\/logo\/image\/\",\"url\":\"https:\/\/www.fundaciobarcelonaolimpica.es\/wp-content\/uploads\/sites\/3\/2019\/02\/logo-fundacio.svg\",\"contentUrl\":\"https:\/\/www.fundaciobarcelonaolimpica.es\/wp-content\/uploads\/sites\/3\/2019\/02\/logo-fundacio.svg\",\"caption\":\"Fundaci\u00f3 Barcelona Ol\u00edmpica\"},\"image\":{\"@id\":\"https:\/\/www.fundaciobarcelonaolimpica.es\/ca\/#\/schema\/logo\/image\/\"}}]}<\/script>\n<!-- \/ Yoast SEO plugin. -->","yoast_head_json":{"title":"Transparency - Fundaci\u00f3 Barcelona Ol\u00edmpica","robots":{"index":"index","follow":"follow","max-snippet":"max-snippet:-1","max-image-preview":"max-image-preview:large","max-video-preview":"max-video-preview:-1"},"canonical":"https:\/\/www.fundaciobarcelonaolimpica.es\/es\/transparencia\/","og_locale":"en_US","og_type":"article","og_title":"Transparency - Fundaci\u00f3 Barcelona Ol\u00edmpica","og_description":"In accordance with Act 19\/2013, 9 December, on transparency, access to public information and good governance; Act 19\/2014, on transparency, access to public information and good governance; and Act 21\/2014, 29 December, on the protectorate of foundations and verification of activity of associations declared of public interest, we have made the following information public on [&hellip;]","og_url":"https:\/\/www.fundaciobarcelonaolimpica.es\/es\/transparencia\/","og_site_name":"Fundaci\u00f3 Barcelona Ol\u00edmpica","article_modified_time":"2026-04-09T09:44:41+00:00","twitter_card":"summary_large_image","twitter_misc":{"Est. reading time":"3 minutes"},"schema":{"@context":"https:\/\/schema.org","@graph":[{"@type":"WebPage","@id":"https:\/\/www.fundaciobarcelonaolimpica.es\/es\/transparencia\/","url":"https:\/\/www.fundaciobarcelonaolimpica.es\/es\/transparencia\/","name":"Transparency - Fundaci\u00f3 Barcelona Ol\u00edmpica","isPartOf":{"@id":"https:\/\/www.fundaciobarcelonaolimpica.es\/ca\/#website"},"datePublished":"2019-06-27T16:01:24+00:00","dateModified":"2026-04-09T09:44:41+00:00","breadcrumb":{"@id":"https:\/\/www.fundaciobarcelonaolimpica.es\/es\/transparencia\/#breadcrumb"},"inLanguage":"en-US","potentialAction":[{"@type":"ReadAction","target":["https:\/\/www.fundaciobarcelonaolimpica.es\/es\/transparencia\/"]}]},{"@type":"BreadcrumbList","@id":"https:\/\/www.fundaciobarcelonaolimpica.es\/es\/transparencia\/#breadcrumb","itemListElement":[{"@type":"ListItem","position":1,"name":"FBO","item":"https:\/\/www.fundaciobarcelonaolimpica.es\/en\/"},{"@type":"ListItem","position":2,"name":"Transparency"}]},{"@type":"WebSite","@id":"https:\/\/www.fundaciobarcelonaolimpica.es\/ca\/#website","url":"https:\/\/www.fundaciobarcelonaolimpica.es\/ca\/","name":"Fundaci\u00f3 Barcelona Ol\u00edmpica","description":"Web del Museu Ol\u00edmpic i de l&#039;Esport","publisher":{"@id":"https:\/\/www.fundaciobarcelonaolimpica.es\/ca\/#organization"},"potentialAction":[{"@type":"SearchAction","target":{"@type":"EntryPoint","urlTemplate":"https:\/\/www.fundaciobarcelonaolimpica.es\/ca\/?s={search_term_string}"},"query-input":{"@type":"PropertyValueSpecification","valueRequired":true,"valueName":"search_term_string"}}],"inLanguage":"en-US"},{"@type":"Organization","@id":"https:\/\/www.fundaciobarcelonaolimpica.es\/ca\/#organization","name":"Fundaci\u00f3 Barcelona Ol\u00edmpica","url":"https:\/\/www.fundaciobarcelonaolimpica.es\/ca\/","logo":{"@type":"ImageObject","inLanguage":"en-US","@id":"https:\/\/www.fundaciobarcelonaolimpica.es\/ca\/#\/schema\/logo\/image\/","url":"https:\/\/www.fundaciobarcelonaolimpica.es\/wp-content\/uploads\/sites\/3\/2019\/02\/logo-fundacio.svg","contentUrl":"https:\/\/www.fundaciobarcelonaolimpica.es\/wp-content\/uploads\/sites\/3\/2019\/02\/logo-fundacio.svg","caption":"Fundaci\u00f3 Barcelona Ol\u00edmpica"},"image":{"@id":"https:\/\/www.fundaciobarcelonaolimpica.es\/ca\/#\/schema\/logo\/image\/"}}]}},"_links":{"self":[{"href":"https:\/\/www.fundaciobarcelonaolimpica.es\/en\/wp-json\/wp\/v2\/pages\/7724"}],"collection":[{"href":"https:\/\/www.fundaciobarcelonaolimpica.es\/en\/wp-json\/wp\/v2\/pages"}],"about":[{"href":"https:\/\/www.fundaciobarcelonaolimpica.es\/en\/wp-json\/wp\/v2\/types\/page"}],"author":[{"embeddable":true,"href":"https:\/\/www.fundaciobarcelonaolimpica.es\/en\/wp-json\/wp\/v2\/users\/6"}],"replies":[{"embeddable":true,"href":"https:\/\/www.fundaciobarcelonaolimpica.es\/en\/wp-json\/wp\/v2\/comments?post=7724"}],"version-history":[{"count":81,"href":"https:\/\/www.fundaciobarcelonaolimpica.es\/en\/wp-json\/wp\/v2\/pages\/7724\/revisions"}],"predecessor-version":[{"id":32845,"href":"https:\/\/www.fundaciobarcelonaolimpica.es\/en\/wp-json\/wp\/v2\/pages\/7724\/revisions\/32845"}],"wp:attachment":[{"href":"https:\/\/www.fundaciobarcelonaolimpica.es\/en\/wp-json\/wp\/v2\/media?parent=7724"}],"curies":[{"name":"wp","href":"https:\/\/api.w.org\/{rel}","templated":true}]}}