{"id":20101,"date":"2019-07-30T10:15:37","date_gmt":"2019-07-30T08:15:37","guid":{"rendered":"https:\/\/dev.fbolimpica.es\/?page_id=20101"},"modified":"2022-03-09T07:17:11","modified_gmt":"2022-03-09T06:17:11","slug":"agenda","status":"publish","type":"page","link":"https:\/\/www.fundaciobarcelonaolimpica.es\/es\/agenda\/","title":{"rendered":"Agenda"},"content":{"rendered":"\t\t<div data-elementor-type=\"wp-post\" data-elementor-id=\"20101\" class=\"elementor elementor-20101\" data-elementor-post-type=\"page\">\n\t\t\t\t\t\t<section class=\"elementor-section elementor-top-section elementor-element elementor-element-a1452a8 elementor-section-boxed elementor-section-height-default elementor-section-height-default\" data-id=\"a1452a8\" data-element_type=\"section\">\n\t\t\t\t\t\t<div class=\"elementor-container elementor-column-gap-default\">\n\t\t\t\t\t<div class=\"elementor-column elementor-col-100 elementor-top-column elementor-element elementor-element-9cb64ac\" data-id=\"9cb64ac\" data-element_type=\"column\">\n\t\t\t<div class=\"elementor-widget-wrap elementor-element-populated\">\n\t\t\t\t\t\t<div class=\"elementor-element elementor-element-ec56bda elementor-widget elementor-widget-shortcode\" data-id=\"ec56bda\" data-element_type=\"widget\" data-widget_type=\"shortcode.default\">\n\t\t\t\t<div class=\"elementor-widget-container\">\n\t\t\t\t\t\t\t<div class=\"elementor-shortcode\">\n<div id=\"ajax-filters-search\" class=\"ajax-filter-search\" data-target=\".cpt-grid\" data-posts-per-page=\"5\">\n  <form method=\"get\" autocomplete=\"off\">\n    <input type=\"hidden\" id=\"search-post-type\" value=\"event\" \/>\n    <input type=\"hidden\" id=\"wpml_lang\" value=\"es\" \/>\n    <div class=\"form-group form-group--select\">\n      <label for=\"search-year\" class=\"sr-only\">A\u00f1o<\/label>\n      <select class=\"form-control\" name=\"search-year\" id=\"search-year\">\n        <option placeholder>Todos los a\u00f1os<\/option>\n        <option value=\"2025\">A\u00f1o 2025<\/option><option value=\"2024\">A\u00f1o 2024<\/option><option value=\"2023\">A\u00f1o 2023<\/option><option value=\"2022\">A\u00f1o 2022<\/option><option value=\"2021\">A\u00f1o 2021<\/option><option value=\"2019\">A\u00f1o 2019<\/option><option value=\"2018\">A\u00f1o 2018<\/option><option value=\"2017\">A\u00f1o 2017<\/option>      <\/select>\n    <\/div>\n    <div class=\"form-group form-group--text\">\n      <label for=\"search-text\" class=\"sr-only\"><\/label>\n      <input class=\"form-control\" name=\"search-text\" id=\"search-text\" type=\"text\" \/>\n    <\/div>\n    <button type=\"reset\">\n      <svg class=\"icon icon-cancel\"><use xlink:href=\"#icon-cancel\"><\/use><\/svg>\n      <span class=\"sr-only\">Reiniciar<\/span>\n    <\/button>\n    <button type=\"submit\">\n      <svg class=\"icon icon-search\"><use xlink:href=\"#icon-search\"><\/use><\/svg>\n      <span class=\"sr-only\">Buscar<\/span>\n    <\/button>\n  <\/form>\n<\/div><!-- .ajax-filter-search -->\n\n<script type=\"text\/javascript\">\n    var ajax_url = \"https:\/\/www.fundaciobarcelonaolimpica.es\/wp-admin\/admin-ajax.php\";\n<\/script>\n\n<\/div>\n\t\t\t\t\t\t<\/div>\n\t\t\t\t<\/div>\n\t\t\t\t<div class=\"elementor-element elementor-element-798bfc0 elementor-widget elementor-widget-shortcode\" data-id=\"798bfc0\" data-element_type=\"widget\" data-widget_type=\"shortcode.default\">\n\t\t\t\t<div class=\"elementor-widget-container\">\n\t\t\t\t\t\t\t<div class=\"elementor-shortcode\"><div class=\"cpt-grid cpt-grid--event\">\n  \n        <div class=\"cpt-grid-item cpt-grid-item--event\">\n  <div class=\"cpt-grid-item__inside\">\n    <div class=\"cpt-grid-item__schedule\">\n            <span class=\"moe-date start\">\n        <span class=\"date\"><span class=\"day\">14<\/span><span class=\"month\">Ene-26<\/span><\/span>        <span class=\"time\">17:00<\/span>      <\/span>\n                  <span class=\"moe-date end\">\n        <span class=\"date\"><span class=\"day\">15<\/span><span class=\"month\">Ene-26<\/span><\/span>        <span class=\"time\">20:00<\/span>      <\/span>\n          <\/div><!-- \/.cpt-grid-item__schedule -->\n    <div class=\"cpt-grid-item__content\">\n      <ul class=\"cpt-grid-item__tags\"><\/ul>\n            <h3><a href=\"https:\/\/www.fundaciobarcelonaolimpica.es\/es\/agenda\/el-futuro-de-los-grandes-eventos-deportivos\/\">El Futuro de los grandes eventos deportivos<\/a><\/h3>\n                  <div class=\"cpt-grid-item__meta\">\n        <span class=\"location\">Museu Ol\u00edmpic i de l'Esport Ja Samaranch<\/span>        <span class=\"promoter\">Organiza: Fundaci\u00f3 Barcelona Ol\u00edmpica<\/span>      <\/div><!-- \/.cpt-grid-item__meta -->\n                  <div class=\"cpt-grid-item__description\">\n        <p>El XVI F\u00f2rum Ol\u00edmpic \u2013 Memorial Rom\u00e0 Cuy\u00e0s reunir\u00e1 a destacadas personalidades del \u00e1mbito deportivo para reflexionar sobre los principales retos y oportunidades que afrontan hoy los grandes eventos deportivos. La primera sesi\u00f3n abordar\u00e1 cuestiones clave sobre el futuro del olimpismo, el papel de la colaboraci\u00f3n p\u00fablico-privada en la organizaci\u00f3n de competiciones, el impacto econ\u00f3mico [&hellip;]<\/p>\n      <\/div><!-- \/.cpt-grid-item__description -->\n                <\/div><!-- \/.cpt-grid-item__fullcontent -->\n  <\/div><!-- \/.cpt-grid-item__inside -->\n<\/div><!-- \/.cpt-grid-item -->        <div class=\"cpt-grid-item cpt-grid-item--event\">\n  <div class=\"cpt-grid-item__inside\">\n    <div class=\"cpt-grid-item__schedule\">\n            <span class=\"moe-date start\">\n        <span class=\"date\"><span class=\"day\">16<\/span><span class=\"month\">Jul-24<\/span><\/span>        <span class=\"time\">17:00<\/span>      <\/span>\n                  <span class=\"moe-date end\">\n                <span class=\"time\">19:00<\/span>      <\/span>\n          <\/div><!-- \/.cpt-grid-item__schedule -->\n    <div class=\"cpt-grid-item__content\">\n      <ul class=\"cpt-grid-item__tags\"><\/ul>\n            <h3><a href=\"https:\/\/www.fundaciobarcelonaolimpica.es\/es\/agenda\/el-legado-de-paris-1924\/\">El legado de Par\u00eds 1924<\/a><\/h3>\n                  <div class=\"cpt-grid-item__meta\">\n        <span class=\"location\">Museu Ol\u00edmpic i de l'Esport JA Samaranch<\/span>        <span class=\"promoter\">Organiza: Fundaci\u00f3 Barcelona Ol\u00edmpica<\/span>      <\/div><!-- \/.cpt-grid-item__meta -->\n                  <div class=\"cpt-grid-item__description\">\n        <p>La ciudad de Par\u00eds tiene una rica historia en el mundo del deporte, especialmente en los Juegos Ol\u00edmpicos. En 1924, la capital francesa fue anfitriona de los Juegos Ol\u00edmpicos de Verano, marcando un hito significativo en la historia ol\u00edmpica con la segunda vez que la ciudad acogi\u00f3 este prestigioso evento deportivo. Con motivo del centenario [&hellip;]<\/p>\n      <\/div><!-- \/.cpt-grid-item__description -->\n                <\/div><!-- \/.cpt-grid-item__fullcontent -->\n  <\/div><!-- \/.cpt-grid-item__inside -->\n<\/div><!-- \/.cpt-grid-item -->        <div class=\"cpt-grid-item cpt-grid-item--event\">\n  <div class=\"cpt-grid-item__inside\">\n    <div class=\"cpt-grid-item__schedule\">\n            <span class=\"moe-date start\">\n        <span class=\"date\"><span class=\"day\">20<\/span><span class=\"month\">Jun-23<\/span><\/span>        <span class=\"time\">17:00<\/span>      <\/span>\n                  <span class=\"moe-date end\">\n                <span class=\"time\">18:00<\/span>      <\/span>\n          <\/div><!-- \/.cpt-grid-item__schedule -->\n    <div class=\"cpt-grid-item__content\">\n      <ul class=\"cpt-grid-item__tags\"><\/ul>\n            <h3><a href=\"https:\/\/www.fundaciobarcelonaolimpica.es\/es\/agenda\/barcelona-mas-de-un-siglo-de-ciclismo\/\">Barcelona, m\u00e1s de un siglo de ciclismo<\/a><\/h3>\n                  <div class=\"cpt-grid-item__meta\">\n        <span class=\"location\">Museu Ol\u00edmpic i de l'Esport<\/span>        <span class=\"promoter\">Organiza: Fundaci\u00f3 Barcelona Ol\u00edmpica<\/span>      <\/div><!-- \/.cpt-grid-item__meta -->\n                  <div class=\"cpt-grid-item__description\">\n        <p>Mesa redonda en la cual se realizar\u00e1 un repaso por la historia del ciclismo en la ciudad de Barcelona, teniendo en cuenta varios puntos de vista: desde los or\u00edgenes hasta la actualidad, pasando por las pol\u00edticas p\u00fablicas aplicadas a la bicicleta o las carreras disputadas en la ciudad, teniendo en el horizonte la salida de [&hellip;]<\/p>\n      <\/div><!-- \/.cpt-grid-item__description -->\n                <\/div><!-- \/.cpt-grid-item__fullcontent -->\n  <\/div><!-- \/.cpt-grid-item__inside -->\n<\/div><!-- \/.cpt-grid-item -->        <div class=\"cpt-grid-item cpt-grid-item--event\">\n  <div class=\"cpt-grid-item__inside\">\n    <div class=\"cpt-grid-item__schedule\">\n            <span class=\"moe-date start\">\n        <span class=\"date\"><span class=\"day\">12<\/span><span class=\"month\">Abr-23<\/span><\/span>        <span class=\"time\">18:00<\/span>      <\/span>\n                  <span class=\"moe-date end\">\n                <span class=\"time\">19:00<\/span>      <\/span>\n          <\/div><!-- \/.cpt-grid-item__schedule -->\n    <div class=\"cpt-grid-item__content\">\n      <ul class=\"cpt-grid-item__tags\"><\/ul>\n            <h3><a href=\"https:\/\/www.fundaciobarcelonaolimpica.es\/es\/agenda\/la-copa-america-barcelona-2024-grandes-eventos-en-la-ciudad-de-barcelona\/\">La Copa Am\u00e9rica Barcelona 2024. Grandes eventos en la ciudad de Barcelona<\/a><\/h3>\n                  <div class=\"cpt-grid-item__meta\">\n        <span class=\"location\">Museu Ol\u00edmpic i de l'Esport JA Samaranch<\/span>        <span class=\"promoter\">Organiza: Fundaci\u00f3 Barcelona Ol\u00edmpica - IBE<\/span>      <\/div><!-- \/.cpt-grid-item__meta -->\n                  <div class=\"cpt-grid-item__description\">\n        <p>Barcelona ha sido sede de diversos eventos deportivos de gran repercusi\u00f3n el m\u00e1s conocido de los cuales es, sin duda, los Juegos Ol\u00edmpicos del a\u00f1o 1992. Pr\u00f3ximamente, en 2024 se prev\u00e9 celebrar la Copa Am\u00e9rica, un evento deportivo de tipo internacional que quiere poner de nuevo el foco en Barcelona como ciudad deportiva de primer [&hellip;]<\/p>\n      <\/div><!-- \/.cpt-grid-item__description -->\n                <\/div><!-- \/.cpt-grid-item__fullcontent -->\n  <\/div><!-- \/.cpt-grid-item__inside -->\n<\/div><!-- \/.cpt-grid-item -->        <div class=\"cpt-grid-item cpt-grid-item--event\">\n  <div class=\"cpt-grid-item__inside\">\n    <div class=\"cpt-grid-item__schedule\">\n            <span class=\"moe-date start\">\n        <span class=\"date\"><span class=\"day\">13<\/span><span class=\"month\">Dic-22<\/span><\/span>        <span class=\"time\">17:00<\/span>      <\/span>\n                  <span class=\"moe-date end\">\n                <span class=\"time\">18:00<\/span>      <\/span>\n          <\/div><!-- \/.cpt-grid-item__schedule -->\n    <div class=\"cpt-grid-item__content\">\n      <ul class=\"cpt-grid-item__tags\"><\/ul>\n            <h3><a href=\"https:\/\/www.fundaciobarcelonaolimpica.es\/es\/agenda\/50-anos-de-los-juegos-de-1972\/\">50 a\u00f1os de los Juegos de 1972<\/a><\/h3>\n                  <div class=\"cpt-grid-item__meta\">\n        <span class=\"location\">Auditori Museu Ol\u00edmpic i de l'Esport JA Samaranch<\/span>        <span class=\"promoter\">Organiza: Fundaci\u00f3 Barcelona Ol\u00edmpica <\/span>      <\/div><!-- \/.cpt-grid-item__meta -->\n                  <div class=\"cpt-grid-item__description\">\n        <p>Ya hace 50 a\u00f1os de los Juegos Ol\u00edmpicos de Sapporo y de M\u00fanich de 1972, as\u00ed como de los Stoke Mandeville disputados en Heidelberg. Fueron unos Juegos muy significativos y que son recordados por su legado y tragedia.<\/p>\n      <\/div><!-- \/.cpt-grid-item__description -->\n                <\/div><!-- \/.cpt-grid-item__fullcontent -->\n  <\/div><!-- \/.cpt-grid-item__inside -->\n<\/div><!-- \/.cpt-grid-item -->    \n  <\/div><!-- .cpt-grid -->\n<\/div>\n\t\t\t\t\t\t<\/div>\n\t\t\t\t<\/div>\n\t\t\t\t\t<\/div>\n\t\t<\/div>\n\t\t\t\t\t<\/div>\n\t\t<\/section>\n\t\t\t\t<\/div>\n\t\t","protected":false},"excerpt":{"rendered":"","protected":false},"author":2,"featured_media":0,"parent":0,"menu_order":0,"comment_status":"closed","ping_status":"closed","template":"","meta":{"_acf_changed":false,"footnotes":""},"class_list":["post-20101","page","type-page","status-publish","hentry"],"acf":[],"yoast_head":"<!-- This site is optimized with the Yoast SEO plugin v23.7 - https:\/\/yoast.com\/wordpress\/plugins\/seo\/ -->\n<title>Agenda - Fundaci\u00f3 Barcelona Ol\u00edmpica<\/title>\n<meta name=\"robots\" content=\"index, follow, max-snippet:-1, max-image-preview:large, max-video-preview:-1\" \/>\n<link rel=\"canonical\" href=\"https:\/\/www.fundaciobarcelonaolimpica.es\/es\/agenda\/\" \/>\n<meta property=\"og:locale\" content=\"es_ES\" \/>\n<meta property=\"og:type\" content=\"article\" \/>\n<meta property=\"og:title\" content=\"Agenda - Fundaci\u00f3 Barcelona Ol\u00edmpica\" \/>\n<meta property=\"og:url\" content=\"https:\/\/www.fundaciobarcelonaolimpica.es\/es\/agenda\/\" \/>\n<meta property=\"og:site_name\" content=\"Fundaci\u00f3 Barcelona Ol\u00edmpica\" \/>\n<meta property=\"article:modified_time\" content=\"2022-03-09T06:17:11+00:00\" \/>\n<meta name=\"twitter:card\" content=\"summary_large_image\" \/>\n<meta name=\"twitter:label1\" content=\"Tiempo de lectura\" \/>\n\t<meta name=\"twitter:data1\" content=\"2 minutos\" \/>\n<script type=\"application\/ld+json\" class=\"yoast-schema-graph\">{\"@context\":\"https:\/\/schema.org\",\"@graph\":[{\"@type\":\"WebPage\",\"@id\":\"https:\/\/www.fundaciobarcelonaolimpica.es\/es\/agenda\/\",\"url\":\"https:\/\/www.fundaciobarcelonaolimpica.es\/es\/agenda\/\",\"name\":\"Agenda - Fundaci\u00f3 Barcelona Ol\u00edmpica\",\"isPartOf\":{\"@id\":\"https:\/\/www.fundaciobarcelonaolimpica.es\/ca\/#website\"},\"datePublished\":\"2019-07-30T08:15:37+00:00\",\"dateModified\":\"2022-03-09T06:17:11+00:00\",\"breadcrumb\":{\"@id\":\"https:\/\/www.fundaciobarcelonaolimpica.es\/es\/agenda\/#breadcrumb\"},\"inLanguage\":\"es\",\"potentialAction\":[{\"@type\":\"ReadAction\",\"target\":[\"https:\/\/www.fundaciobarcelonaolimpica.es\/es\/agenda\/\"]}]},{\"@type\":\"BreadcrumbList\",\"@id\":\"https:\/\/www.fundaciobarcelonaolimpica.es\/es\/agenda\/#breadcrumb\",\"itemListElement\":[{\"@type\":\"ListItem\",\"position\":1,\"name\":\"FBO\",\"item\":\"https:\/\/www.fundaciobarcelonaolimpica.es\/es\/\"},{\"@type\":\"ListItem\",\"position\":2,\"name\":\"Agenda\"}]},{\"@type\":\"WebSite\",\"@id\":\"https:\/\/www.fundaciobarcelonaolimpica.es\/ca\/#website\",\"url\":\"https:\/\/www.fundaciobarcelonaolimpica.es\/ca\/\",\"name\":\"Fundaci\u00f3 Barcelona Ol\u00edmpica\",\"description\":\"Web del Museu Ol\u00edmpic i de l&#039;Esport\",\"publisher\":{\"@id\":\"https:\/\/www.fundaciobarcelonaolimpica.es\/ca\/#organization\"},\"potentialAction\":[{\"@type\":\"SearchAction\",\"target\":{\"@type\":\"EntryPoint\",\"urlTemplate\":\"https:\/\/www.fundaciobarcelonaolimpica.es\/ca\/?s={search_term_string}\"},\"query-input\":{\"@type\":\"PropertyValueSpecification\",\"valueRequired\":true,\"valueName\":\"search_term_string\"}}],\"inLanguage\":\"es\"},{\"@type\":\"Organization\",\"@id\":\"https:\/\/www.fundaciobarcelonaolimpica.es\/ca\/#organization\",\"name\":\"Fundaci\u00f3 Barcelona Ol\u00edmpica\",\"url\":\"https:\/\/www.fundaciobarcelonaolimpica.es\/ca\/\",\"logo\":{\"@type\":\"ImageObject\",\"inLanguage\":\"es\",\"@id\":\"https:\/\/www.fundaciobarcelonaolimpica.es\/ca\/#\/schema\/logo\/image\/\",\"url\":\"https:\/\/www.fundaciobarcelonaolimpica.es\/wp-content\/uploads\/sites\/3\/2019\/02\/logo-fundacio.svg\",\"contentUrl\":\"https:\/\/www.fundaciobarcelonaolimpica.es\/wp-content\/uploads\/sites\/3\/2019\/02\/logo-fundacio.svg\",\"caption\":\"Fundaci\u00f3 Barcelona Ol\u00edmpica\"},\"image\":{\"@id\":\"https:\/\/www.fundaciobarcelonaolimpica.es\/ca\/#\/schema\/logo\/image\/\"}}]}<\/script>\n<!-- \/ Yoast SEO plugin. -->","yoast_head_json":{"title":"Agenda - Fundaci\u00f3 Barcelona Ol\u00edmpica","robots":{"index":"index","follow":"follow","max-snippet":"max-snippet:-1","max-image-preview":"max-image-preview:large","max-video-preview":"max-video-preview:-1"},"canonical":"https:\/\/www.fundaciobarcelonaolimpica.es\/es\/agenda\/","og_locale":"es_ES","og_type":"article","og_title":"Agenda - Fundaci\u00f3 Barcelona Ol\u00edmpica","og_url":"https:\/\/www.fundaciobarcelonaolimpica.es\/es\/agenda\/","og_site_name":"Fundaci\u00f3 Barcelona Ol\u00edmpica","article_modified_time":"2022-03-09T06:17:11+00:00","twitter_card":"summary_large_image","twitter_misc":{"Tiempo de lectura":"2 minutos"},"schema":{"@context":"https:\/\/schema.org","@graph":[{"@type":"WebPage","@id":"https:\/\/www.fundaciobarcelonaolimpica.es\/es\/agenda\/","url":"https:\/\/www.fundaciobarcelonaolimpica.es\/es\/agenda\/","name":"Agenda - Fundaci\u00f3 Barcelona Ol\u00edmpica","isPartOf":{"@id":"https:\/\/www.fundaciobarcelonaolimpica.es\/ca\/#website"},"datePublished":"2019-07-30T08:15:37+00:00","dateModified":"2022-03-09T06:17:11+00:00","breadcrumb":{"@id":"https:\/\/www.fundaciobarcelonaolimpica.es\/es\/agenda\/#breadcrumb"},"inLanguage":"es","potentialAction":[{"@type":"ReadAction","target":["https:\/\/www.fundaciobarcelonaolimpica.es\/es\/agenda\/"]}]},{"@type":"BreadcrumbList","@id":"https:\/\/www.fundaciobarcelonaolimpica.es\/es\/agenda\/#breadcrumb","itemListElement":[{"@type":"ListItem","position":1,"name":"FBO","item":"https:\/\/www.fundaciobarcelonaolimpica.es\/es\/"},{"@type":"ListItem","position":2,"name":"Agenda"}]},{"@type":"WebSite","@id":"https:\/\/www.fundaciobarcelonaolimpica.es\/ca\/#website","url":"https:\/\/www.fundaciobarcelonaolimpica.es\/ca\/","name":"Fundaci\u00f3 Barcelona Ol\u00edmpica","description":"Web del Museu Ol\u00edmpic i de l&#039;Esport","publisher":{"@id":"https:\/\/www.fundaciobarcelonaolimpica.es\/ca\/#organization"},"potentialAction":[{"@type":"SearchAction","target":{"@type":"EntryPoint","urlTemplate":"https:\/\/www.fundaciobarcelonaolimpica.es\/ca\/?s={search_term_string}"},"query-input":{"@type":"PropertyValueSpecification","valueRequired":true,"valueName":"search_term_string"}}],"inLanguage":"es"},{"@type":"Organization","@id":"https:\/\/www.fundaciobarcelonaolimpica.es\/ca\/#organization","name":"Fundaci\u00f3 Barcelona Ol\u00edmpica","url":"https:\/\/www.fundaciobarcelonaolimpica.es\/ca\/","logo":{"@type":"ImageObject","inLanguage":"es","@id":"https:\/\/www.fundaciobarcelonaolimpica.es\/ca\/#\/schema\/logo\/image\/","url":"https:\/\/www.fundaciobarcelonaolimpica.es\/wp-content\/uploads\/sites\/3\/2019\/02\/logo-fundacio.svg","contentUrl":"https:\/\/www.fundaciobarcelonaolimpica.es\/wp-content\/uploads\/sites\/3\/2019\/02\/logo-fundacio.svg","caption":"Fundaci\u00f3 Barcelona Ol\u00edmpica"},"image":{"@id":"https:\/\/www.fundaciobarcelonaolimpica.es\/ca\/#\/schema\/logo\/image\/"}}]}},"_links":{"self":[{"href":"https:\/\/www.fundaciobarcelonaolimpica.es\/es\/wp-json\/wp\/v2\/pages\/20101"}],"collection":[{"href":"https:\/\/www.fundaciobarcelonaolimpica.es\/es\/wp-json\/wp\/v2\/pages"}],"about":[{"href":"https:\/\/www.fundaciobarcelonaolimpica.es\/es\/wp-json\/wp\/v2\/types\/page"}],"author":[{"embeddable":true,"href":"https:\/\/www.fundaciobarcelonaolimpica.es\/es\/wp-json\/wp\/v2\/users\/2"}],"replies":[{"embeddable":true,"href":"https:\/\/www.fundaciobarcelonaolimpica.es\/es\/wp-json\/wp\/v2\/comments?post=20101"}],"version-history":[{"count":11,"href":"https:\/\/www.fundaciobarcelonaolimpica.es\/es\/wp-json\/wp\/v2\/pages\/20101\/revisions"}],"predecessor-version":[{"id":24670,"href":"https:\/\/www.fundaciobarcelonaolimpica.es\/es\/wp-json\/wp\/v2\/pages\/20101\/revisions\/24670"}],"wp:attachment":[{"href":"https:\/\/www.fundaciobarcelonaolimpica.es\/es\/wp-json\/wp\/v2\/media?parent=20101"}],"curies":[{"name":"wp","href":"https:\/\/api.w.org\/{rel}","templated":true}]}}