{"id":23038,"date":"2021-06-04T11:42:56","date_gmt":"2021-06-04T09:42:56","guid":{"rendered":"https:\/\/www.fundaciobarcelonaolimpica.es\/?page_id=23038"},"modified":"2021-06-10T13:09:45","modified_gmt":"2021-06-10T11:09:45","slug":"proteccion-datos-trabajo-investigacion","status":"publish","type":"page","link":"https:\/\/www.fundaciobarcelonaolimpica.es\/es\/proteccion-datos-trabajo-investigacion\/","title":{"rendered":"Protecci\u00f3n de datos car\u00e1cter personal &#8211; Trabajo investigaci\u00f3n"},"content":{"rendered":"\t\t<div data-elementor-type=\"wp-post\" data-elementor-id=\"23038\" class=\"elementor elementor-23038\" data-elementor-post-type=\"page\">\n\t\t\t\t\t\t<section class=\"elementor-section elementor-top-section elementor-element elementor-element-79b84364 fbo-rgpd elementor-section-boxed elementor-section-height-default elementor-section-height-default\" data-id=\"79b84364\" data-element_type=\"section\">\n\t\t\t\t\t\t<div class=\"elementor-container elementor-column-gap-no\">\n\t\t\t\t\t<div class=\"elementor-column elementor-col-100 elementor-top-column elementor-element elementor-element-57400f86\" data-id=\"57400f86\" data-element_type=\"column\">\n\t\t\t<div class=\"elementor-widget-wrap elementor-element-populated\">\n\t\t\t\t\t\t<section class=\"elementor-section elementor-inner-section elementor-element elementor-element-2fc25f48 elementor-section-boxed elementor-section-height-default elementor-section-height-default\" data-id=\"2fc25f48\" data-element_type=\"section\">\n\t\t\t\t\t\t<div class=\"elementor-container elementor-column-gap-default\">\n\t\t\t\t\t<div class=\"elementor-column elementor-col-100 elementor-inner-column elementor-element elementor-element-632a5d05\" data-id=\"632a5d05\" data-element_type=\"column\">\n\t\t\t<div class=\"elementor-widget-wrap elementor-element-populated\">\n\t\t\t\t\t\t<div class=\"elementor-element elementor-element-6376822 elementor-widget elementor-widget-text-editor\" data-id=\"6376822\" data-element_type=\"widget\" data-widget_type=\"text-editor.default\">\n\t\t\t\t<div class=\"elementor-widget-container\">\n\t\t\t\t\t\t\t\t\t<h1 style=\"margin-top: .05pt;line-height: 150%\"><span lang=\"CA\" style=\"font-size: 12.0pt;line-height: 150%;font-family: 'Calibri Light',sans-serif\">PROTECCI\u00d3N DE DATOS DE CAR\u00c1CTER PERSONAL<\/span><\/h1><table><tbody><tr><td colspan=\"2\" width=\"574\"><p>Informaci\u00f3n b\u00e1sica sobre Protecci\u00f3n de Datos<\/p><\/td><\/tr><tr><td width=\"136\"><p>Responsable<\/p><\/td><td width=\"438\"><p>Identidad: Fundaci\u00f3 Barcelona Ol\u00edmpica<\/p><p>Domicilio: Avinguda de l\u2019Estadi, 60 \u2013 08038 Barcelona NIF: G-60309655<\/p><\/td><\/tr><tr><td width=\"136\"><p>Finalidad<\/p><\/td><td width=\"438\"><p>Gesti\u00f3n y administraci\u00f3n del PREMIO AL TRABAJO DE INVESTIGACI\u00d3N DE TEM\u00c1TICA DEPORTIVA<\/p><\/td><\/tr><tr><td width=\"136\"><p>Legitimaci\u00f3n<\/p><\/td><td width=\"438\"><p>Bases generales del PREMIO AL TRABAJO DE INVESTIGACI\u00d3N DE TEM\u00c1TICA DEPORTIVA<\/p><\/td><\/tr><tr><td width=\"136\"><p>Destinatarios<\/p><\/td><td width=\"438\"><p>No se prev\u00e9 la cesi\u00f3n de datos y, en ese caso, solo se comunicar\u00edan a terceros cuando conste el consentimiento inequ\u00edvoco del interesado, o en los casos de cumplimiento de ejecuci\u00f3n de un contrato, inter\u00e9s leg\u00edtimo, inter\u00e9s p\u00fablico u obligaciones legales.<\/p><\/td><\/tr><tr><td width=\"136\"><p>Derechos<\/p><\/td><td width=\"438\"><p>Acceder, rectificar y suprimir los datos, as\u00ed como los otros derechos como se explica en la informaci\u00f3n adicional de la pol\u00edtica de protecci\u00f3n de datos.<\/p><\/td><\/tr><tr><td width=\"136\"><p>Informaci\u00f3n adicional<\/p><\/td><td width=\"438\"><p>Para m\u00e1s informaci\u00f3n sobre la pol\u00edtica de protecci\u00f3n de datos, puede consultar m\u00e1s abajo*.<\/p><\/td><\/tr><\/tbody><\/table><p><strong>\u00a0<\/strong><\/p><p><strong>*INFORMACI\u00d3N ADICIONAL DE LA POL\u00cdTICA DE PROTECCI\u00d3N DE DATOS<\/strong><\/p><p><strong>\u00a0<\/strong><strong>Responsable del trato de los datos<\/strong><\/p><p>Identidad: Fundaci\u00f3 Barcelona Ol\u00edmpica<\/p><p>Domicilio: Avinguda de l\u2019Estadi, 60<\/p><p>08038 Barcelona NIF: G-60309655<\/p><p>Tel\u00e9fono: 93.426.06.60<\/p><p>Contacte: <a href=\"mailto:protecciodades@fbolimpica.es\">protecciodades@fbolimpica.es<\/a><\/p><h2>Finalidad del trato de datos<\/h2><p><strong>\u00a0<\/strong>Gesti\u00f3n y administraci\u00f3n del PREMIO AL TRABAJO DE INVESTIGACI\u00d3N DE TEM\u00c1TICA DEPORTIVA.<\/p><p>Publicaci\u00f3n de fotograf\u00edas de car\u00e1cter personal a la p\u00e1gina web y en las redes sociales, y por tanto, mediante la aceptaci\u00f3n de las presentes bases se autoriza a la FBO para la realizaci\u00f3n de fotograf\u00edas y publicarlas, como se he dicho, en la p\u00e1gina web y en las redes sociales.<\/p><h2>Legitimaci\u00f3n y plazo de conservaci\u00f3n<\/h2><p>La presentaci\u00f3n de una solicitud al PREMIO AL TRABAJO DE INVESTIGACI\u00d3N DE TEM\u00c1TICA DEPORTIVA supondr\u00e1 el consentimiento expreso e inequ\u00edvoco del participante, titular de los datos, para su trato por parte de la FBO en los t\u00e9rminos y para las finalidades informadas.<\/p><p>La base jur\u00eddica para el trato de los datos son las presentes bases relativas al PREMIO AL TRABAJO DE INVESTIGACI\u00d3N DE TEM\u00c1TICA DEPORTIVA.<\/p><p>Los datos personales de los participantes se guardar\u00e1n mientras no se revoque el consentimiento.<\/p><h2>Destinatarios<\/h2><p>No se prev\u00e9 la cesi\u00f3n a terceros de los datos personales que facilite el interesado m\u00e1s all\u00e1 de las previstas en estas bases o siempre que el interesado haya prestado su consentimiento.<\/p><p>No obstante, si se tercia, solo se comunicar\u00edan a terceros cuando conste el consentimiento inequ\u00edvoco del interesado, o en los casos de cumplimiento de ejecuci\u00f3n de un contrato, inter\u00e9s leg\u00edtimo, inter\u00e9s p\u00fablico u obligaciones legales.<\/p><p>No se contempla la realizaci\u00f3n de transferencias internacionales de datos.<\/p><h2>Categor\u00edas de datos<\/h2><p>Las categor\u00edas de datos que se tratan son las siguientes:<\/p><ul><li>Nombre y apellidos.<\/li><li>DNI, NIE o pasaporte.<\/li><li>Direcci\u00f3n postal y electr\u00f3nica.<\/li><li>Tel\u00e9fono.<\/li><li>Im\u00e1genes.<\/li><li>Formaci\u00f3n.<\/li><\/ul><h2>Medidas de seguridad para los datos de car\u00e1cter personal<\/h2><p>En cumplimiento de la normativa vigente, la FBO garantiza que ha adoptado todas las medidas t\u00e9cnicas y organizativas necesarias para mantener el nivel de seguridad requerido, en atenci\u00f3n a la naturaleza de los datos personales tratados.<\/p><h2>Derechos del interesado<strong>\u00a0<\/strong><\/h2><p>Cualquier persona tiene derecho a obtener confirmaci\u00f3n sobre si la FBO est\u00e1 tratando datos personales que le conciernan, o no.<\/p><p>Las personas interesadas tienen derecho a acceder a sus datos personales, as\u00ed como a solicitar la rectificaci\u00f3n de los datos inexactos o, si fuera necesario, solicitar su supresi\u00f3n cuando, entre otros motivos, los datos ya no sean necesarios para las finalidades para las que fueron recogidas.<\/p><p>En determinadas circunstancias, los interesados podr\u00e1n solicitar la limitaci\u00f3n del tratamiento de sus datos, en estos casos \u00fanicamente la FBO solo las conservar\u00e1 para el ejercicio o la defensa de reclamaciones.<\/p><p>En determinadas circunstancias y por motivos relacionados con su situaci\u00f3n particular, los interesados podr\u00e1n oponerse al trato de sus datos. La FBO dejar\u00e1 de tratar los datos, excepto por motivos leg\u00edtimos imperiosos, o el ejercicio o la defensa de posibles reclamaciones.<\/p><p>Los interesados podr\u00e1n solicitar la portabilidad de sus datos en apoyo automatizado a otro responsable en los supuestos del trato que permite el Reglamento General de Protecci\u00f3n de Datos.<\/p><p>En el momento de la cancelaci\u00f3n de los datos, \u00fanicamente las conservaremos bloqueadas en cumplimiento de obligaciones legales.<\/p><p>En definitiva, los datos que ha facilitado se tratar\u00e1n por la FBO de acuerdo con las finalidades descritas en este documento, y en este sentido se le informa que podr\u00e1 ejercer sus derechos al acceso, rectificaci\u00f3n o supresi\u00f3n, o la limitaci\u00f3n a su trato, y a oponerse al tratamiento, as\u00ed como el derecho a la portabilidad de los datos en la siguiente direcci\u00f3n de correo electr\u00f3nico: <a href=\"mailto:protecciodades@fbolimpica.es\">protecciodades@fbolimpica.es<\/a>, sin perjuicio tambi\u00e9n de su derecho a presentar una reclamaci\u00f3n ante la Agencia Espa\u00f1ola de Protecci\u00f3n de Datos, organismo que ostenta la autoridad en la materia, ubicada en la calle Jorge Juan, 6 \u2013 28001 Madrid.<\/p><p>En todo caso, podr\u00e1 retirar su consentimiento en cualquier momento sin que la retirada afecte la licitud del trato basado en el consentimiento antes de su retirada.<\/p><h2>Consecuencias de la no aceptaci\u00f3n de las presentes bases<\/h2><p><strong>\u00a0<\/strong>En el supuesto que el participante no acepte el contenido \u00edntegro de las presentes bases, no podr\u00e1 participar en el premio.<\/p>\t\t\t\t\t\t\t\t<\/div>\n\t\t\t\t<\/div>\n\t\t\t\t\t<\/div>\n\t\t<\/div>\n\t\t\t\t\t<\/div>\n\t\t<\/section>\n\t\t\t\t\t<\/div>\n\t\t<\/div>\n\t\t\t\t\t<\/div>\n\t\t<\/section>\n\t\t\t\t<\/div>\n\t\t","protected":false},"excerpt":{"rendered":"<p>PROTECCI\u00d3N DE DATOS DE CAR\u00c1CTER PERSONAL Informaci\u00f3n b\u00e1sica sobre Protecci\u00f3n de Datos Responsable Identidad: Fundaci\u00f3 Barcelona Ol\u00edmpica Domicilio: Avinguda de l\u2019Estadi, 60 \u2013 08038 Barcelona NIF: G-60309655 Finalidad Gesti\u00f3n y administraci\u00f3n del PREMIO AL TRABAJO DE INVESTIGACI\u00d3N DE TEM\u00c1TICA DEPORTIVA Legitimaci\u00f3n Bases generales del PREMIO AL TRABAJO DE INVESTIGACI\u00d3N DE TEM\u00c1TICA DEPORTIVA Destinatarios No se [&hellip;]<\/p>\n","protected":false},"author":11,"featured_media":0,"parent":0,"menu_order":0,"comment_status":"closed","ping_status":"closed","template":"","meta":{"_acf_changed":false,"footnotes":""},"class_list":["post-23038","page","type-page","status-publish","hentry"],"acf":[],"yoast_head":"<!-- This site is optimized with the Yoast SEO plugin v23.7 - https:\/\/yoast.com\/wordpress\/plugins\/seo\/ -->\n<title>Protecci\u00f3n de datos car\u00e1cter personal - Trabajo investigaci\u00f3n - Fundaci\u00f3 Barcelona Ol\u00edmpica<\/title>\n<meta name=\"robots\" content=\"index, follow, max-snippet:-1, max-image-preview:large, max-video-preview:-1\" \/>\n<link rel=\"canonical\" href=\"https:\/\/www.fundaciobarcelonaolimpica.es\/es\/proteccion-datos-trabajo-investigacion\/\" \/>\n<meta property=\"og:locale\" content=\"es_ES\" \/>\n<meta property=\"og:type\" content=\"article\" \/>\n<meta property=\"og:title\" content=\"Protecci\u00f3n de datos car\u00e1cter personal - Trabajo investigaci\u00f3n - Fundaci\u00f3 Barcelona Ol\u00edmpica\" \/>\n<meta property=\"og:description\" content=\"PROTECCI\u00d3N DE DATOS DE CAR\u00c1CTER PERSONAL Informaci\u00f3n b\u00e1sica sobre Protecci\u00f3n de Datos Responsable Identidad: Fundaci\u00f3 Barcelona Ol\u00edmpica Domicilio: Avinguda de l\u2019Estadi, 60 \u2013 08038 Barcelona NIF: G-60309655 Finalidad Gesti\u00f3n y administraci\u00f3n del PREMIO AL TRABAJO DE INVESTIGACI\u00d3N DE TEM\u00c1TICA DEPORTIVA Legitimaci\u00f3n Bases generales del PREMIO AL TRABAJO DE INVESTIGACI\u00d3N DE TEM\u00c1TICA DEPORTIVA Destinatarios No se [&hellip;]\" \/>\n<meta property=\"og:url\" content=\"https:\/\/www.fundaciobarcelonaolimpica.es\/es\/proteccion-datos-trabajo-investigacion\/\" \/>\n<meta property=\"og:site_name\" content=\"Fundaci\u00f3 Barcelona Ol\u00edmpica\" \/>\n<meta property=\"article:modified_time\" content=\"2021-06-10T11:09:45+00:00\" \/>\n<meta name=\"twitter:card\" content=\"summary_large_image\" \/>\n<meta name=\"twitter:label1\" content=\"Tiempo de lectura\" \/>\n\t<meta name=\"twitter:data1\" content=\"4 minutos\" \/>\n<script type=\"application\/ld+json\" class=\"yoast-schema-graph\">{\"@context\":\"https:\/\/schema.org\",\"@graph\":[{\"@type\":\"WebPage\",\"@id\":\"https:\/\/www.fundaciobarcelonaolimpica.es\/es\/proteccion-datos-trabajo-investigacion\/\",\"url\":\"https:\/\/www.fundaciobarcelonaolimpica.es\/es\/proteccion-datos-trabajo-investigacion\/\",\"name\":\"Protecci\u00f3n de datos car\u00e1cter personal - Trabajo investigaci\u00f3n - Fundaci\u00f3 Barcelona Ol\u00edmpica\",\"isPartOf\":{\"@id\":\"https:\/\/www.fundaciobarcelonaolimpica.es\/ca\/#website\"},\"datePublished\":\"2021-06-04T09:42:56+00:00\",\"dateModified\":\"2021-06-10T11:09:45+00:00\",\"breadcrumb\":{\"@id\":\"https:\/\/www.fundaciobarcelonaolimpica.es\/es\/proteccion-datos-trabajo-investigacion\/#breadcrumb\"},\"inLanguage\":\"es\",\"potentialAction\":[{\"@type\":\"ReadAction\",\"target\":[\"https:\/\/www.fundaciobarcelonaolimpica.es\/es\/proteccion-datos-trabajo-investigacion\/\"]}]},{\"@type\":\"BreadcrumbList\",\"@id\":\"https:\/\/www.fundaciobarcelonaolimpica.es\/es\/proteccion-datos-trabajo-investigacion\/#breadcrumb\",\"itemListElement\":[{\"@type\":\"ListItem\",\"position\":1,\"name\":\"FBO\",\"item\":\"https:\/\/www.fundaciobarcelonaolimpica.es\/es\/\"},{\"@type\":\"ListItem\",\"position\":2,\"name\":\"Protecci\u00f3n de datos car\u00e1cter personal &#8211; Trabajo investigaci\u00f3n\"}]},{\"@type\":\"WebSite\",\"@id\":\"https:\/\/www.fundaciobarcelonaolimpica.es\/ca\/#website\",\"url\":\"https:\/\/www.fundaciobarcelonaolimpica.es\/ca\/\",\"name\":\"Fundaci\u00f3 Barcelona Ol\u00edmpica\",\"description\":\"Web del Museu Ol\u00edmpic i de l&#039;Esport\",\"publisher\":{\"@id\":\"https:\/\/www.fundaciobarcelonaolimpica.es\/ca\/#organization\"},\"potentialAction\":[{\"@type\":\"SearchAction\",\"target\":{\"@type\":\"EntryPoint\",\"urlTemplate\":\"https:\/\/www.fundaciobarcelonaolimpica.es\/ca\/?s={search_term_string}\"},\"query-input\":{\"@type\":\"PropertyValueSpecification\",\"valueRequired\":true,\"valueName\":\"search_term_string\"}}],\"inLanguage\":\"es\"},{\"@type\":\"Organization\",\"@id\":\"https:\/\/www.fundaciobarcelonaolimpica.es\/ca\/#organization\",\"name\":\"Fundaci\u00f3 Barcelona Ol\u00edmpica\",\"url\":\"https:\/\/www.fundaciobarcelonaolimpica.es\/ca\/\",\"logo\":{\"@type\":\"ImageObject\",\"inLanguage\":\"es\",\"@id\":\"https:\/\/www.fundaciobarcelonaolimpica.es\/ca\/#\/schema\/logo\/image\/\",\"url\":\"https:\/\/www.fundaciobarcelonaolimpica.es\/wp-content\/uploads\/sites\/3\/2019\/02\/logo-fundacio.svg\",\"contentUrl\":\"https:\/\/www.fundaciobarcelonaolimpica.es\/wp-content\/uploads\/sites\/3\/2019\/02\/logo-fundacio.svg\",\"caption\":\"Fundaci\u00f3 Barcelona Ol\u00edmpica\"},\"image\":{\"@id\":\"https:\/\/www.fundaciobarcelonaolimpica.es\/ca\/#\/schema\/logo\/image\/\"}}]}<\/script>\n<!-- \/ Yoast SEO plugin. -->","yoast_head_json":{"title":"Protecci\u00f3n de datos car\u00e1cter personal - Trabajo investigaci\u00f3n - Fundaci\u00f3 Barcelona Ol\u00edmpica","robots":{"index":"index","follow":"follow","max-snippet":"max-snippet:-1","max-image-preview":"max-image-preview:large","max-video-preview":"max-video-preview:-1"},"canonical":"https:\/\/www.fundaciobarcelonaolimpica.es\/es\/proteccion-datos-trabajo-investigacion\/","og_locale":"es_ES","og_type":"article","og_title":"Protecci\u00f3n de datos car\u00e1cter personal - Trabajo investigaci\u00f3n - Fundaci\u00f3 Barcelona Ol\u00edmpica","og_description":"PROTECCI\u00d3N DE DATOS DE CAR\u00c1CTER PERSONAL Informaci\u00f3n b\u00e1sica sobre Protecci\u00f3n de Datos Responsable Identidad: Fundaci\u00f3 Barcelona Ol\u00edmpica Domicilio: Avinguda de l\u2019Estadi, 60 \u2013 08038 Barcelona NIF: G-60309655 Finalidad Gesti\u00f3n y administraci\u00f3n del PREMIO AL TRABAJO DE INVESTIGACI\u00d3N DE TEM\u00c1TICA DEPORTIVA Legitimaci\u00f3n Bases generales del PREMIO AL TRABAJO DE INVESTIGACI\u00d3N DE TEM\u00c1TICA DEPORTIVA Destinatarios No se [&hellip;]","og_url":"https:\/\/www.fundaciobarcelonaolimpica.es\/es\/proteccion-datos-trabajo-investigacion\/","og_site_name":"Fundaci\u00f3 Barcelona Ol\u00edmpica","article_modified_time":"2021-06-10T11:09:45+00:00","twitter_card":"summary_large_image","twitter_misc":{"Tiempo de lectura":"4 minutos"},"schema":{"@context":"https:\/\/schema.org","@graph":[{"@type":"WebPage","@id":"https:\/\/www.fundaciobarcelonaolimpica.es\/es\/proteccion-datos-trabajo-investigacion\/","url":"https:\/\/www.fundaciobarcelonaolimpica.es\/es\/proteccion-datos-trabajo-investigacion\/","name":"Protecci\u00f3n de datos car\u00e1cter personal - Trabajo investigaci\u00f3n - Fundaci\u00f3 Barcelona Ol\u00edmpica","isPartOf":{"@id":"https:\/\/www.fundaciobarcelonaolimpica.es\/ca\/#website"},"datePublished":"2021-06-04T09:42:56+00:00","dateModified":"2021-06-10T11:09:45+00:00","breadcrumb":{"@id":"https:\/\/www.fundaciobarcelonaolimpica.es\/es\/proteccion-datos-trabajo-investigacion\/#breadcrumb"},"inLanguage":"es","potentialAction":[{"@type":"ReadAction","target":["https:\/\/www.fundaciobarcelonaolimpica.es\/es\/proteccion-datos-trabajo-investigacion\/"]}]},{"@type":"BreadcrumbList","@id":"https:\/\/www.fundaciobarcelonaolimpica.es\/es\/proteccion-datos-trabajo-investigacion\/#breadcrumb","itemListElement":[{"@type":"ListItem","position":1,"name":"FBO","item":"https:\/\/www.fundaciobarcelonaolimpica.es\/es\/"},{"@type":"ListItem","position":2,"name":"Protecci\u00f3n de datos car\u00e1cter personal &#8211; Trabajo investigaci\u00f3n"}]},{"@type":"WebSite","@id":"https:\/\/www.fundaciobarcelonaolimpica.es\/ca\/#website","url":"https:\/\/www.fundaciobarcelonaolimpica.es\/ca\/","name":"Fundaci\u00f3 Barcelona Ol\u00edmpica","description":"Web del Museu Ol\u00edmpic i de l&#039;Esport","publisher":{"@id":"https:\/\/www.fundaciobarcelonaolimpica.es\/ca\/#organization"},"potentialAction":[{"@type":"SearchAction","target":{"@type":"EntryPoint","urlTemplate":"https:\/\/www.fundaciobarcelonaolimpica.es\/ca\/?s={search_term_string}"},"query-input":{"@type":"PropertyValueSpecification","valueRequired":true,"valueName":"search_term_string"}}],"inLanguage":"es"},{"@type":"Organization","@id":"https:\/\/www.fundaciobarcelonaolimpica.es\/ca\/#organization","name":"Fundaci\u00f3 Barcelona Ol\u00edmpica","url":"https:\/\/www.fundaciobarcelonaolimpica.es\/ca\/","logo":{"@type":"ImageObject","inLanguage":"es","@id":"https:\/\/www.fundaciobarcelonaolimpica.es\/ca\/#\/schema\/logo\/image\/","url":"https:\/\/www.fundaciobarcelonaolimpica.es\/wp-content\/uploads\/sites\/3\/2019\/02\/logo-fundacio.svg","contentUrl":"https:\/\/www.fundaciobarcelonaolimpica.es\/wp-content\/uploads\/sites\/3\/2019\/02\/logo-fundacio.svg","caption":"Fundaci\u00f3 Barcelona Ol\u00edmpica"},"image":{"@id":"https:\/\/www.fundaciobarcelonaolimpica.es\/ca\/#\/schema\/logo\/image\/"}}]}},"_links":{"self":[{"href":"https:\/\/www.fundaciobarcelonaolimpica.es\/es\/wp-json\/wp\/v2\/pages\/23038"}],"collection":[{"href":"https:\/\/www.fundaciobarcelonaolimpica.es\/es\/wp-json\/wp\/v2\/pages"}],"about":[{"href":"https:\/\/www.fundaciobarcelonaolimpica.es\/es\/wp-json\/wp\/v2\/types\/page"}],"author":[{"embeddable":true,"href":"https:\/\/www.fundaciobarcelonaolimpica.es\/es\/wp-json\/wp\/v2\/users\/11"}],"replies":[{"embeddable":true,"href":"https:\/\/www.fundaciobarcelonaolimpica.es\/es\/wp-json\/wp\/v2\/comments?post=23038"}],"version-history":[{"count":14,"href":"https:\/\/www.fundaciobarcelonaolimpica.es\/es\/wp-json\/wp\/v2\/pages\/23038\/revisions"}],"predecessor-version":[{"id":23189,"href":"https:\/\/www.fundaciobarcelonaolimpica.es\/es\/wp-json\/wp\/v2\/pages\/23038\/revisions\/23189"}],"wp:attachment":[{"href":"https:\/\/www.fundaciobarcelonaolimpica.es\/es\/wp-json\/wp\/v2\/media?parent=23038"}],"curies":[{"name":"wp","href":"https:\/\/api.w.org\/{rel}","templated":true}]}}