{"id":30938,"date":"2025-06-12T08:27:53","date_gmt":"2025-06-12T06:27:53","guid":{"rendered":"https:\/\/www.fundaciobarcelonaolimpica.es\/?page_id=30938"},"modified":"2025-07-25T08:43:49","modified_gmt":"2025-07-25T06:43:49","slug":"oferta-de-trabajo","status":"publish","type":"page","link":"https:\/\/www.fundaciobarcelonaolimpica.es\/es\/oferta-de-trabajo\/","title":{"rendered":"Ofertas de trabajo"},"content":{"rendered":"\t\t<div data-elementor-type=\"wp-page\" data-elementor-id=\"30938\" class=\"elementor elementor-30938\" data-elementor-post-type=\"page\">\n\t\t\t\t\t\t<section class=\"elementor-section elementor-top-section elementor-element elementor-element-46794a2 elementor-section-boxed elementor-section-height-default elementor-section-height-default\" data-id=\"46794a2\" data-element_type=\"section\">\n\t\t\t\t\t\t<div class=\"elementor-container elementor-column-gap-default\">\n\t\t\t\t\t<div class=\"elementor-column elementor-col-100 elementor-top-column elementor-element elementor-element-412ef88\" data-id=\"412ef88\" data-element_type=\"column\">\n\t\t\t<div class=\"elementor-widget-wrap elementor-element-populated\">\n\t\t\t\t\t\t<div class=\"elementor-element elementor-element-70c44b1 elementor-widget elementor-widget-heading\" data-id=\"70c44b1\" data-element_type=\"widget\" data-widget_type=\"heading.default\">\n\t\t\t\t<div class=\"elementor-widget-container\">\n\t\t\t\t\t<h2 class=\"elementor-heading-title elementor-size-default\">Convocatoria de plazas<\/h2>\t\t\t\t<\/div>\n\t\t\t\t<\/div>\n\t\t\t\t<div class=\"elementor-element elementor-element-6670281 fbo-ofertas-trabajo-lista elementor-widget elementor-widget-toggle\" data-id=\"6670281\" data-element_type=\"widget\" data-widget_type=\"toggle.default\">\n\t\t\t\t<div class=\"elementor-widget-container\">\n\t\t\t\t\t\t\t<div class=\"elementor-toggle\">\n\t\t\t\t\t\t\t<div class=\"elementor-toggle-item\">\n\t\t\t\t\t<h3 id=\"elementor-tab-title-1071\" class=\"elementor-tab-title\" data-tab=\"1\" role=\"button\" aria-controls=\"elementor-tab-content-1071\" aria-expanded=\"false\">\n\t\t\t\t\t\t\t\t\t\t\t\t<a class=\"elementor-toggle-title\" tabindex=\"0\">Soporte del Departamento de Actividades<\/a>\n\t\t\t\t\t<\/h3>\n\n\t\t\t\t\t<div id=\"elementor-tab-content-1071\" class=\"elementor-tab-content elementor-clearfix\" data-tab=\"1\" role=\"region\" aria-labelledby=\"elementor-tab-title-1071\"><p><strong>Referencia: Selecci\u00f3n FBO-01\/2025<\/strong><\/p><p><strong>Fecha de publicaci\u00f3n:<\/strong> 14 de junio de 2025<br \/><strong>Fecha de finalizaci\u00f3n:<\/strong> 28 de junio de 2025 (incluido)<\/p><p><strong>Objecto de la convocatoria<\/strong><\/p><p>Proceso de selecci\u00f3n para cubrir un puesto de trabajo de soporte del Departamento de Actividades.<\/p><p><strong>Descripci\u00f3n funcional<\/strong><\/p><p>Colaborar en todas las tareas de apoyo al Departamento de Actividades, especialmente las que hacen referencia al Proyecto Educativo.<\/p><p><a href=\"https:\/\/www.fundaciobarcelonaolimpica.es\/wp-content\/uploads\/sites\/3\/2025\/06\/FBO-012025_Suport-departament-activitats.pdf\">Bases de la convocatoria (CAT)<\/a><\/p><p><a href=\"https:\/\/www.fundaciobarcelonaolimpica.es\/wp-content\/uploads\/sites\/3\/2025\/07\/Relacio-persones-admeses-01-2025.pdf\" target=\"_blank\" rel=\"noopener\">Relaci\u00f3n personas admitidas<\/a>\u00a0(CAT)<\/p><p><a href=\"https:\/\/www.fundaciobarcelonaolimpica.es\/wp-content\/uploads\/sites\/3\/2025\/07\/Resolucio-01-2025.pdf\">Resoluci\u00f3n (CAT)<\/a><\/p><\/div>\n\t\t\t\t<\/div>\n\t\t\t\t\t\t\t\t<\/div>\n\t\t\t\t\t\t<\/div>\n\t\t\t\t<\/div>\n\t\t\t\t\t<\/div>\n\t\t<\/div>\n\t\t\t\t\t<\/div>\n\t\t<\/section>\n\t\t\t\t<\/div>\n\t\t","protected":false},"excerpt":{"rendered":"<p>Convocatoria de plazas Soporte del Departamento de Actividades Referencia: Selecci\u00f3n FBO-01\/2025 Fecha de publicaci\u00f3n: 14 de junio de 2025Fecha de finalizaci\u00f3n: 28 de junio de 2025 (incluido) Objecto de la convocatoria Proceso de selecci\u00f3n para cubrir un puesto de trabajo de soporte del Departamento de Actividades. Descripci\u00f3n funcional Colaborar en todas las tareas de apoyo [&hellip;]<\/p>\n","protected":false},"author":1,"featured_media":0,"parent":0,"menu_order":0,"comment_status":"closed","ping_status":"closed","template":"","meta":{"_acf_changed":false,"footnotes":""},"class_list":["post-30938","page","type-page","status-publish","hentry"],"acf":[],"yoast_head":"<!-- This site is optimized with the Yoast SEO plugin v23.7 - https:\/\/yoast.com\/wordpress\/plugins\/seo\/ -->\n<title>Ofertas de trabajo - Fundaci\u00f3 Barcelona Ol\u00edmpica<\/title>\n<meta name=\"description\" content=\"Aquestes Bases regulen el proc\u00e9s de selecci\u00f3 per cobrir un lloc de treball de suport alDepartament d\u2019Activitats, amb les seg\u00fcents caracter\u00edstiques:\u2022 Modalitat contractual: contracte Indefinit (per\u00edode de prova 6 mesos)\u2022 Conveni regulador: Conveni Col\u00b7lectiu d&#039;Oficines i Despatxos de Catalunya\u2022 Jornada laboral: 1.760 hores d\u2019acord amb el que estableix el conveni de refer\u00e8ncia\u2022 Horari: flexible, 40 hores setmanals\u2022 Retribuci\u00f3 brut anual: 25.480,00 \u20ac distribu\u00efts en 14 pagues2. DESCRIPCI\u00d3 FUNCIONAL DEL LLOC DE TREBALLMissi\u00f3:Col\u00b7laborar en totes les tasques de suport al Departament d\u2019Activitats, especialment lesque fan refer\u00e8ncia al Projecte Educatiu.\" \/>\n<meta name=\"robots\" content=\"noindex, nofollow\" \/>\n<meta property=\"og:locale\" content=\"es_ES\" \/>\n<meta property=\"og:type\" content=\"article\" \/>\n<meta property=\"og:title\" content=\"Ofertas de trabajo - Fundaci\u00f3 Barcelona Ol\u00edmpica\" \/>\n<meta property=\"og:description\" content=\"Aquestes Bases regulen el proc\u00e9s de selecci\u00f3 per cobrir un lloc de treball de suport alDepartament d\u2019Activitats, amb les seg\u00fcents caracter\u00edstiques:\u2022 Modalitat contractual: contracte Indefinit (per\u00edode de prova 6 mesos)\u2022 Conveni regulador: Conveni Col\u00b7lectiu d&#039;Oficines i Despatxos de Catalunya\u2022 Jornada laboral: 1.760 hores d\u2019acord amb el que estableix el conveni de refer\u00e8ncia\u2022 Horari: flexible, 40 hores setmanals\u2022 Retribuci\u00f3 brut anual: 25.480,00 \u20ac distribu\u00efts en 14 pagues2. DESCRIPCI\u00d3 FUNCIONAL DEL LLOC DE TREBALLMissi\u00f3:Col\u00b7laborar en totes les tasques de suport al Departament d\u2019Activitats, especialment lesque fan refer\u00e8ncia al Projecte Educatiu.\" \/>\n<meta property=\"og:url\" content=\"https:\/\/www.fundaciobarcelonaolimpica.es\/es\/oferta-de-trabajo\/\" \/>\n<meta property=\"og:site_name\" content=\"Fundaci\u00f3 Barcelona Ol\u00edmpica\" \/>\n<meta property=\"article:modified_time\" content=\"2025-07-25T06:43:49+00:00\" \/>\n<meta name=\"twitter:card\" content=\"summary_large_image\" \/>\n<meta name=\"twitter:label1\" content=\"Tiempo de lectura\" \/>\n\t<meta name=\"twitter:data1\" content=\"1 minuto\" \/>\n<script type=\"application\/ld+json\" class=\"yoast-schema-graph\">{\"@context\":\"https:\/\/schema.org\",\"@graph\":[{\"@type\":\"WebPage\",\"@id\":\"https:\/\/www.fundaciobarcelonaolimpica.es\/es\/oferta-de-trabajo\/\",\"url\":\"https:\/\/www.fundaciobarcelonaolimpica.es\/es\/oferta-de-trabajo\/\",\"name\":\"Ofertas de trabajo - Fundaci\u00f3 Barcelona Ol\u00edmpica\",\"isPartOf\":{\"@id\":\"https:\/\/www.fundaciobarcelonaolimpica.es\/ca\/#website\"},\"datePublished\":\"2025-06-12T06:27:53+00:00\",\"dateModified\":\"2025-07-25T06:43:49+00:00\",\"description\":\"Aquestes Bases regulen el proc\u00e9s de selecci\u00f3 per cobrir un lloc de treball de suport alDepartament d\u2019Activitats, amb les seg\u00fcents caracter\u00edstiques:\u2022 Modalitat contractual: contracte Indefinit (per\u00edode de prova 6 mesos)\u2022 Conveni regulador: Conveni Col\u00b7lectiu d'Oficines i Despatxos de Catalunya\u2022 Jornada laboral: 1.760 hores d\u2019acord amb el que estableix el conveni de refer\u00e8ncia\u2022 Horari: flexible, 40 hores setmanals\u2022 Retribuci\u00f3 brut anual: 25.480,00 \u20ac distribu\u00efts en 14 pagues2. DESCRIPCI\u00d3 FUNCIONAL DEL LLOC DE TREBALLMissi\u00f3:Col\u00b7laborar en totes les tasques de suport al Departament d\u2019Activitats, especialment lesque fan refer\u00e8ncia al Projecte Educatiu.\",\"breadcrumb\":{\"@id\":\"https:\/\/www.fundaciobarcelonaolimpica.es\/es\/oferta-de-trabajo\/#breadcrumb\"},\"inLanguage\":\"es\",\"potentialAction\":[{\"@type\":\"ReadAction\",\"target\":[\"https:\/\/www.fundaciobarcelonaolimpica.es\/es\/oferta-de-trabajo\/\"]}]},{\"@type\":\"BreadcrumbList\",\"@id\":\"https:\/\/www.fundaciobarcelonaolimpica.es\/es\/oferta-de-trabajo\/#breadcrumb\",\"itemListElement\":[{\"@type\":\"ListItem\",\"position\":1,\"name\":\"FBO\",\"item\":\"https:\/\/www.fundaciobarcelonaolimpica.es\/es\/\"},{\"@type\":\"ListItem\",\"position\":2,\"name\":\"Ofertas de trabajo\"}]},{\"@type\":\"WebSite\",\"@id\":\"https:\/\/www.fundaciobarcelonaolimpica.es\/ca\/#website\",\"url\":\"https:\/\/www.fundaciobarcelonaolimpica.es\/ca\/\",\"name\":\"Fundaci\u00f3 Barcelona Ol\u00edmpica\",\"description\":\"Web del Museu Ol\u00edmpic i de l&#039;Esport\",\"publisher\":{\"@id\":\"https:\/\/www.fundaciobarcelonaolimpica.es\/ca\/#organization\"},\"potentialAction\":[{\"@type\":\"SearchAction\",\"target\":{\"@type\":\"EntryPoint\",\"urlTemplate\":\"https:\/\/www.fundaciobarcelonaolimpica.es\/ca\/?s={search_term_string}\"},\"query-input\":{\"@type\":\"PropertyValueSpecification\",\"valueRequired\":true,\"valueName\":\"search_term_string\"}}],\"inLanguage\":\"es\"},{\"@type\":\"Organization\",\"@id\":\"https:\/\/www.fundaciobarcelonaolimpica.es\/ca\/#organization\",\"name\":\"Fundaci\u00f3 Barcelona Ol\u00edmpica\",\"url\":\"https:\/\/www.fundaciobarcelonaolimpica.es\/ca\/\",\"logo\":{\"@type\":\"ImageObject\",\"inLanguage\":\"es\",\"@id\":\"https:\/\/www.fundaciobarcelonaolimpica.es\/ca\/#\/schema\/logo\/image\/\",\"url\":\"https:\/\/www.fundaciobarcelonaolimpica.es\/wp-content\/uploads\/sites\/3\/2019\/02\/logo-fundacio.svg\",\"contentUrl\":\"https:\/\/www.fundaciobarcelonaolimpica.es\/wp-content\/uploads\/sites\/3\/2019\/02\/logo-fundacio.svg\",\"caption\":\"Fundaci\u00f3 Barcelona Ol\u00edmpica\"},\"image\":{\"@id\":\"https:\/\/www.fundaciobarcelonaolimpica.es\/ca\/#\/schema\/logo\/image\/\"}}]}<\/script>\n<!-- \/ Yoast SEO plugin. -->","yoast_head_json":{"title":"Ofertas de trabajo - Fundaci\u00f3 Barcelona Ol\u00edmpica","description":"Aquestes Bases regulen el proc\u00e9s de selecci\u00f3 per cobrir un lloc de treball de suport alDepartament d\u2019Activitats, amb les seg\u00fcents caracter\u00edstiques:\u2022 Modalitat contractual: contracte Indefinit (per\u00edode de prova 6 mesos)\u2022 Conveni regulador: Conveni Col\u00b7lectiu d'Oficines i Despatxos de Catalunya\u2022 Jornada laboral: 1.760 hores d\u2019acord amb el que estableix el conveni de refer\u00e8ncia\u2022 Horari: flexible, 40 hores setmanals\u2022 Retribuci\u00f3 brut anual: 25.480,00 \u20ac distribu\u00efts en 14 pagues2. DESCRIPCI\u00d3 FUNCIONAL DEL LLOC DE TREBALLMissi\u00f3:Col\u00b7laborar en totes les tasques de suport al Departament d\u2019Activitats, especialment lesque fan refer\u00e8ncia al Projecte Educatiu.","robots":{"index":"noindex","follow":"nofollow"},"og_locale":"es_ES","og_type":"article","og_title":"Ofertas de trabajo - Fundaci\u00f3 Barcelona Ol\u00edmpica","og_description":"Aquestes Bases regulen el proc\u00e9s de selecci\u00f3 per cobrir un lloc de treball de suport alDepartament d\u2019Activitats, amb les seg\u00fcents caracter\u00edstiques:\u2022 Modalitat contractual: contracte Indefinit (per\u00edode de prova 6 mesos)\u2022 Conveni regulador: Conveni Col\u00b7lectiu d'Oficines i Despatxos de Catalunya\u2022 Jornada laboral: 1.760 hores d\u2019acord amb el que estableix el conveni de refer\u00e8ncia\u2022 Horari: flexible, 40 hores setmanals\u2022 Retribuci\u00f3 brut anual: 25.480,00 \u20ac distribu\u00efts en 14 pagues2. DESCRIPCI\u00d3 FUNCIONAL DEL LLOC DE TREBALLMissi\u00f3:Col\u00b7laborar en totes les tasques de suport al Departament d\u2019Activitats, especialment lesque fan refer\u00e8ncia al Projecte Educatiu.","og_url":"https:\/\/www.fundaciobarcelonaolimpica.es\/es\/oferta-de-trabajo\/","og_site_name":"Fundaci\u00f3 Barcelona Ol\u00edmpica","article_modified_time":"2025-07-25T06:43:49+00:00","twitter_card":"summary_large_image","twitter_misc":{"Tiempo de lectura":"1 minuto"},"schema":{"@context":"https:\/\/schema.org","@graph":[{"@type":"WebPage","@id":"https:\/\/www.fundaciobarcelonaolimpica.es\/es\/oferta-de-trabajo\/","url":"https:\/\/www.fundaciobarcelonaolimpica.es\/es\/oferta-de-trabajo\/","name":"Ofertas de trabajo - Fundaci\u00f3 Barcelona Ol\u00edmpica","isPartOf":{"@id":"https:\/\/www.fundaciobarcelonaolimpica.es\/ca\/#website"},"datePublished":"2025-06-12T06:27:53+00:00","dateModified":"2025-07-25T06:43:49+00:00","description":"Aquestes Bases regulen el proc\u00e9s de selecci\u00f3 per cobrir un lloc de treball de suport alDepartament d\u2019Activitats, amb les seg\u00fcents caracter\u00edstiques:\u2022 Modalitat contractual: contracte Indefinit (per\u00edode de prova 6 mesos)\u2022 Conveni regulador: Conveni Col\u00b7lectiu d'Oficines i Despatxos de Catalunya\u2022 Jornada laboral: 1.760 hores d\u2019acord amb el que estableix el conveni de refer\u00e8ncia\u2022 Horari: flexible, 40 hores setmanals\u2022 Retribuci\u00f3 brut anual: 25.480,00 \u20ac distribu\u00efts en 14 pagues2. DESCRIPCI\u00d3 FUNCIONAL DEL LLOC DE TREBALLMissi\u00f3:Col\u00b7laborar en totes les tasques de suport al Departament d\u2019Activitats, especialment lesque fan refer\u00e8ncia al Projecte Educatiu.","breadcrumb":{"@id":"https:\/\/www.fundaciobarcelonaolimpica.es\/es\/oferta-de-trabajo\/#breadcrumb"},"inLanguage":"es","potentialAction":[{"@type":"ReadAction","target":["https:\/\/www.fundaciobarcelonaolimpica.es\/es\/oferta-de-trabajo\/"]}]},{"@type":"BreadcrumbList","@id":"https:\/\/www.fundaciobarcelonaolimpica.es\/es\/oferta-de-trabajo\/#breadcrumb","itemListElement":[{"@type":"ListItem","position":1,"name":"FBO","item":"https:\/\/www.fundaciobarcelonaolimpica.es\/es\/"},{"@type":"ListItem","position":2,"name":"Ofertas de trabajo"}]},{"@type":"WebSite","@id":"https:\/\/www.fundaciobarcelonaolimpica.es\/ca\/#website","url":"https:\/\/www.fundaciobarcelonaolimpica.es\/ca\/","name":"Fundaci\u00f3 Barcelona Ol\u00edmpica","description":"Web del Museu Ol\u00edmpic i de l&#039;Esport","publisher":{"@id":"https:\/\/www.fundaciobarcelonaolimpica.es\/ca\/#organization"},"potentialAction":[{"@type":"SearchAction","target":{"@type":"EntryPoint","urlTemplate":"https:\/\/www.fundaciobarcelonaolimpica.es\/ca\/?s={search_term_string}"},"query-input":{"@type":"PropertyValueSpecification","valueRequired":true,"valueName":"search_term_string"}}],"inLanguage":"es"},{"@type":"Organization","@id":"https:\/\/www.fundaciobarcelonaolimpica.es\/ca\/#organization","name":"Fundaci\u00f3 Barcelona Ol\u00edmpica","url":"https:\/\/www.fundaciobarcelonaolimpica.es\/ca\/","logo":{"@type":"ImageObject","inLanguage":"es","@id":"https:\/\/www.fundaciobarcelonaolimpica.es\/ca\/#\/schema\/logo\/image\/","url":"https:\/\/www.fundaciobarcelonaolimpica.es\/wp-content\/uploads\/sites\/3\/2019\/02\/logo-fundacio.svg","contentUrl":"https:\/\/www.fundaciobarcelonaolimpica.es\/wp-content\/uploads\/sites\/3\/2019\/02\/logo-fundacio.svg","caption":"Fundaci\u00f3 Barcelona Ol\u00edmpica"},"image":{"@id":"https:\/\/www.fundaciobarcelonaolimpica.es\/ca\/#\/schema\/logo\/image\/"}}]}},"_links":{"self":[{"href":"https:\/\/www.fundaciobarcelonaolimpica.es\/es\/wp-json\/wp\/v2\/pages\/30938"}],"collection":[{"href":"https:\/\/www.fundaciobarcelonaolimpica.es\/es\/wp-json\/wp\/v2\/pages"}],"about":[{"href":"https:\/\/www.fundaciobarcelonaolimpica.es\/es\/wp-json\/wp\/v2\/types\/page"}],"author":[{"embeddable":true,"href":"https:\/\/www.fundaciobarcelonaolimpica.es\/es\/wp-json\/wp\/v2\/users\/1"}],"replies":[{"embeddable":true,"href":"https:\/\/www.fundaciobarcelonaolimpica.es\/es\/wp-json\/wp\/v2\/comments?post=30938"}],"version-history":[{"count":41,"href":"https:\/\/www.fundaciobarcelonaolimpica.es\/es\/wp-json\/wp\/v2\/pages\/30938\/revisions"}],"predecessor-version":[{"id":31035,"href":"https:\/\/www.fundaciobarcelonaolimpica.es\/es\/wp-json\/wp\/v2\/pages\/30938\/revisions\/31035"}],"wp:attachment":[{"href":"https:\/\/www.fundaciobarcelonaolimpica.es\/es\/wp-json\/wp\/v2\/media?parent=30938"}],"curies":[{"name":"wp","href":"https:\/\/api.w.org\/{rel}","templated":true}]}}