{"id":32777,"date":"2026-03-26T18:12:17","date_gmt":"2026-03-26T17:12:17","guid":{"rendered":"https:\/\/www.fundaciobarcelonaolimpica.es\/?page_id=32777"},"modified":"2026-04-14T12:33:47","modified_gmt":"2026-04-14T10:33:47","slug":"ponentes","status":"publish","type":"page","link":"https:\/\/www.fundaciobarcelonaolimpica.es\/es\/ponentes\/","title":{"rendered":"Ponentes"},"content":{"rendered":"\t\t<div data-elementor-type=\"wp-post\" data-elementor-id=\"32777\" class=\"elementor elementor-32777\" data-elementor-post-type=\"page\">\n\t\t\t\t\t\t<section class=\"elementor-section elementor-top-section elementor-element elementor-element-2408ef9 fbo-about elementor-section-boxed elementor-section-height-default elementor-section-height-default\" data-id=\"2408ef9\" data-element_type=\"section\">\n\t\t\t\t\t\t<div class=\"elementor-container elementor-column-gap-default\">\n\t\t\t\t\t<div class=\"elementor-column elementor-col-100 elementor-top-column elementor-element elementor-element-ff5a569\" data-id=\"ff5a569\" data-element_type=\"column\">\n\t\t\t<div class=\"elementor-widget-wrap elementor-element-populated\">\n\t\t\t\t\t\t<section class=\"elementor-section elementor-inner-section elementor-element elementor-element-1492249 fbo-content--intro elementor-section-boxed elementor-section-height-default elementor-section-height-default\" data-id=\"1492249\" data-element_type=\"section\">\n\t\t\t\t\t\t<div class=\"elementor-container elementor-column-gap-default\">\n\t\t\t\t\t<div class=\"elementor-column elementor-col-100 elementor-inner-column elementor-element elementor-element-0631b19\" data-id=\"0631b19\" data-element_type=\"column\">\n\t\t\t<div class=\"elementor-widget-wrap elementor-element-populated\">\n\t\t\t\t\t\t<div class=\"elementor-element elementor-element-20a511e elementor-widget elementor-widget-text-editor\" data-id=\"20a511e\" data-element_type=\"widget\" data-widget_type=\"text-editor.default\">\n\t\t\t\t<div class=\"elementor-widget-container\">\n\t\t\t\t\t\t\t\t\t<p style=\"text-align: center\">Gracias por participar en las jornadas del valor del deporte en el siglo XXI en la sesi\u00f3n<\/p><p style=\"text-align: center\"><strong>BARCELONA y EL GRAND\u00a0 D\u00c9PART<\/strong><\/p><p data-start=\"167\" data-end=\"338\">Desde el Departamento de Comunicaci\u00f3n nos pondremos en contacto con usted con el fin de presentarle los materiales divulgativos para su validaci\u00f3n previa a la publicaci\u00f3n.<\/p><p data-start=\"340\" data-end=\"703\">La informaci\u00f3n que nos facilite \u2014con excepci\u00f3n del correo electr\u00f3nico y el n\u00famero de tel\u00e9fono\u2014 ser\u00e1 utilizada exclusivamente con fines divulgativos relacionados con la actividad en la que participa. Por este motivo, le solicitamos que acepte nuestra pol\u00edtica de privacidad y autorice el uso de su nombre, cargo, biograf\u00eda y fotograf\u00eda para la difusi\u00f3n del evento.<\/p><p data-start=\"705\" data-end=\"880\">Una vez finalizada su participaci\u00f3n, dicha informaci\u00f3n pasar\u00e1 a formar parte del archivo de la Fundaci\u00f3n Barcelona Ol\u00edmpica. En ning\u00fan caso sus datos ser\u00e1n cedidos a terceros.<\/p><p data-start=\"882\" data-end=\"913\">Le agradecemos su colaboraci\u00f3n.<\/p><div class=\"caldera-grid\" id=\"caldera_form_1\" data-cf-ver=\"1.9.4\" data-cf-form-id=\"CF69c56b2ad20fa\"><div id=\"caldera_notices_1\" data-spinner=\"https:\/\/www.fundaciobarcelonaolimpica.es\/wp-admin\/images\/spinner.gif\"><\/div><form data-instance=\"1\" class=\"CF69c56b2ad20fa caldera_forms_form cfajax-trigger\" method=\"POST\" enctype=\"multipart\/form-data\" id=\"CF69c56b2ad20fa_1\" data-form-id=\"CF69c56b2ad20fa\" aria-label=\"Ponentes-ESP\" data-target=\"#caldera_notices_1\" data-template=\"#cfajax_CF69c56b2ad20fa-tmpl\" data-cfajax=\"CF69c56b2ad20fa\" data-load-element=\"_parent\" data-load-class=\"cf_processing\" data-post-disable=\"0\" data-action=\"cf_process_ajax_submit\" data-request=\"https:\/\/www.fundaciobarcelonaolimpica.es\/es\/\/cf-api\/CF69c56b2ad20fa\" data-hiderows=\"true\">\r\n<input type=\"hidden\" id=\"_cf_verify_CF69c56b2ad20fa\" name=\"_cf_verify\" value=\"deb38527ee\"  data-nonce-time=\"1777710220\" \/><input type=\"hidden\" name=\"_wp_http_referer\" value=\"\/es\/wp-json\/wp\/v2\/pages\/32777\" \/><div id=\"cf2-CF69c56b2ad20fa_1\"><\/div><input type=\"hidden\" name=\"_cf_frm_id\" value=\"CF69c56b2ad20fa\">\r\n<input type=\"hidden\" name=\"_cf_frm_ct\" value=\"1\">\r\n<input type=\"hidden\" name=\"cfajax\" value=\"CF69c56b2ad20fa\">\r\n<input type=\"hidden\" name=\"_cf_cr_pst\" value=\"32777\">\r\n<div class=\"hide\" style=\"display:none; overflow:hidden;height:0;width:0;\">\r\n<label>Twitter<\/label><input type=\"text\" name=\"twitter\" value=\"\" autocomplete=\"off\">\r\n<\/div><div id=\"CF69c56b2ad20fa_1-row-1\"  class=\"row  first_row\"><div  class=\"col-sm-4  first_col\"><div data-field-wrapper=\"fld_8768091\" class=\"form-group\" id=\"fld_8768091_1-wrap\">\r\n\t<label id=\"fld_8768091Label\" for=\"fld_8768091_1\" class=\"control-label\">Nombre <span aria-hidden=\"true\" role=\"presentation\" class=\"field_required\" style=\"color:#ee0000;\">*<\/span><\/label>\r\n\t<div class=\"\">\r\n\t\t<input   required type=\"text\" data-field=\"fld_8768091\" class=\" form-control\" id=\"fld_8768091_1\" name=\"fld_8768091\" value=\"\" data-type=\"text\" aria-required=\"true\"   aria-labelledby=\"fld_8768091Label\" >\t\t\t<\/div>\r\n<\/div>\r\n<\/div><div  class=\"col-sm-4 \"><div data-field-wrapper=\"fld_9970286\" class=\"form-group\" id=\"fld_9970286_1-wrap\">\r\n\t<label id=\"fld_9970286Label\" for=\"fld_9970286_1\" class=\"control-label\">Apellidos <span aria-hidden=\"true\" role=\"presentation\" class=\"field_required\" style=\"color:#ee0000;\">*<\/span><\/label>\r\n\t<div class=\"\">\r\n\t\t<input   required type=\"text\" data-field=\"fld_9970286\" class=\" form-control\" id=\"fld_9970286_1\" name=\"fld_9970286\" value=\"\" data-type=\"text\" aria-required=\"true\"   aria-labelledby=\"fld_9970286Label\" >\t\t\t<\/div>\r\n<\/div>\r\n<\/div><div  class=\"col-sm-4  last_col\"><div data-field-wrapper=\"fld_6009157\" class=\"form-group\" id=\"fld_6009157_1-wrap\">\r\n\t<label id=\"fld_6009157Label\" for=\"fld_6009157_1\" class=\"control-label\">Direcci\u00f3n de correo electr\u00f3nico <span aria-hidden=\"true\" role=\"presentation\" class=\"field_required\" style=\"color:#ee0000;\">*<\/span><\/label>\r\n\t<div class=\"\">\r\n\t\t<input   required type=\"email\" data-field=\"fld_6009157\" class=\" form-control\" id=\"fld_6009157_1\" name=\"fld_6009157\" value=\"\" data-type=\"email\" aria-required=\"true\"   aria-labelledby=\"fld_6009157Label\" >\t\t\t<\/div>\r\n<\/div>\r\n<div data-field-wrapper=\"fld_9625579\" class=\"form-group\" id=\"fld_9625579_1-wrap\">\r\n\t<label id=\"fld_9625579Label\" for=\"fld_9625579_1\" class=\"control-label\">Tel\u00e9fono <span aria-hidden=\"true\" role=\"presentation\" class=\"field_required\" style=\"color:#ee0000;\">*<\/span><\/label>\r\n\t<div class=\"\">\r\n\t\t<input   required type=\"tel\" data-field=\"fld_9625579\" class=\" form-control\" id=\"fld_9625579_1\" name=\"fld_9625579\" value=\"\" data-type=\"phone_better\" aria-required=\"true\"   aria-labelledby=\"fld_9625579Label\" >\t\t\t<\/div>\r\n<\/div>\r\n<\/div><\/div><div id=\"CF69c56b2ad20fa_1-row-2\"  class=\"row \"><div  class=\"col-sm-12  single\"><div class=\"\"><h3>Datos personales para el \u00e1rea de comunicaci\u00f3n<\/h3>\n<\/div><div data-field-wrapper=\"fld_7222690\" class=\"form-group\" id=\"fld_7222690_1-wrap\">\r\n\t<label id=\"fld_7222690Label\" for=\"fld_7222690_1\" class=\"control-label\">Cargo con el que quiere aparecer en la ponencia <span aria-hidden=\"true\" role=\"presentation\" class=\"field_required\" style=\"color:#ee0000;\">*<\/span><\/label>\r\n\t<div class=\"\">\r\n\t\t<input   required type=\"text\" data-field=\"fld_7222690\" class=\" form-control\" id=\"fld_7222690_1\" name=\"fld_7222690\" value=\"\" data-type=\"text\" aria-required=\"true\"   aria-labelledby=\"fld_7222690Label\" aria-describedby=\"fld_7222690Caption\" >\t\t<span id=\"fld_7222690Caption\" class=\"help-block\">Vinculado con el tema de la jornada<\/span>\r\n\t<\/div>\r\n<\/div>\r\n<div data-field-wrapper=\"fld_6203057\" class=\"form-group\" id=\"fld_6203057_1-wrap\">\r\n\t<label id=\"fld_6203057Label\" for=\"fld_6203057_1\" class=\"control-label\">Cargo que desempe\u00f1a actualmente <span aria-hidden=\"true\" role=\"presentation\" class=\"field_required\" style=\"color:#ee0000;\">*<\/span><\/label>\r\n\t<div class=\"\">\r\n\t\t<input   required type=\"text\" data-field=\"fld_6203057\" class=\" form-control\" id=\"fld_6203057_1\" name=\"fld_6203057\" value=\"\" data-type=\"text\" aria-required=\"true\"   aria-labelledby=\"fld_6203057Label\" >\t\t\t<\/div>\r\n<\/div>\r\n<div data-field-wrapper=\"fld_7683514\" class=\"form-group\" id=\"fld_7683514_1-wrap\">\r\n\t<label id=\"fld_7683514Label\" for=\"fld_7683514_1\" class=\"control-label\">Biograf\u00eda <span aria-hidden=\"true\" role=\"presentation\" class=\"field_required\" style=\"color:#ee0000;\">*<\/span><\/label>\r\n\t<div class=\"\">\r\n\t\t<textarea name=\"fld_7683514\" value=\"\" data-field=\"fld_7683514\" class=\"form-control\" id=\"fld_7683514_1\" rows=\"7\"  required=\"required\"  aria-labelledby=\"fld_7683514Label\" aria-describedby=\"fld_7683514Caption\" ><\/textarea>\n\t\t<span id=\"fld_7683514Caption\" class=\"help-block\">Indique por orden de preferencia y\/o relevancia aquellos datos m\u00e1s significativos que quiera que resaltemos en su presentaci\u00f3n.<\/span>\r\n\t<\/div>\r\n<\/div>\r\n<div data-field-wrapper=\"fld_29462\" class=\"form-group\" id=\"fld_29462_1-wrap\">\r\n\t<label id=\"fld_29462Label\" for=\"fld_29462_1\" class=\"control-label\">Foto <span aria-hidden=\"true\" role=\"presentation\" class=\"field_required\" style=\"color:#ee0000;\">*<\/span><\/label>\r\n\t<div class=\"file-prevent-overflow\">\r\n\t\t<div id=\"fld_29462_1_file_list\" class=\"cf-multi-uploader-list\"><\/div>\n\t\t\t\t<input type=\"file\" name=\"fld_29462\" value=\"\" data-field=\"fld_29462\" class=\"\" id=\"fld_29462_1\" data-controlid=\"trupl69f5b48c012fd\"   required=\"required\"   aria-labelledby=\"fld_29462Label\">\n\t\t<input type=\"hidden\" name=\"fld_29462\" value=\"trupl69f5b48c012fd\">\n\t\t\t<\/div>\r\n<\/div>\r\n<div data-field-wrapper=\"fld_5242609\" class=\"form-group\" id=\"fld_5242609_1-wrap\">\r\n\t<label id=\"fld_5242609Label\" for=\"fld_5242609_1\" class=\"control-label\">Video<\/label>\r\n\t<div class=\"file-prevent-overflow\">\r\n\t\t<div id=\"fld_5242609_1_file_list\" class=\"cf-multi-uploader-list\"><\/div>\n\t\t\t\t<input type=\"file\" name=\"fld_5242609\" value=\"\" data-field=\"fld_5242609\" class=\"\" id=\"fld_5242609_1\" data-controlid=\"trupl69f5b48c013fa\"      aria-labelledby=\"fld_5242609Label\" aria-describedby=\"fld_5242609Caption\">\n\t\t<input type=\"hidden\" name=\"fld_5242609\" value=\"trupl69f5b48c013fa\">\n\t\t<span id=\"fld_5242609Caption\" class=\"help-block\">Con vistas a promocionar las jornadas nos gustar\u00eda poder tener un video suyo en vertical animando a venir  a su jornado donde hablar\u00e1 de,&#8230; El v\u00eddeo tambi\u00e9n lo puedo enviar directamente por whassup o telegram al tel\u00e9fono: 609263351<\/span>\r\n\t<\/div>\r\n<\/div>\r\n<div class=\"\"><h2>Nos gustar\u00eda contar con su colaboraci\u00f3n en redes sociales<\/h2>\n<p>Para un mejor alcance nos gustar\u00eda contar con su colaboraci\u00f3n en redes sociales. Nos gustar\u00eda compartir la informaci\u00f3n y si fuese posible que la compartiese, para ello nosotros le compartir\u00edamos las publicaciones. Muchas gracias<\/p>\n<\/div><\/div><\/div><div id=\"CF69c56b2ad20fa_1-row-3\"  class=\"row \"><div  class=\"col-sm-6  first_col\"><div data-field-wrapper=\"fld_6791564\" class=\"form-group\" id=\"fld_6791564_1-wrap\">\r\n\t<label id=\"fld_6791564Label\" for=\"fld_6791564_1\" class=\"control-label\">Instagram<\/label>\r\n\t<div class=\"\">\r\n\t\t<input    type=\"text\" data-field=\"fld_6791564\" class=\" form-control\" id=\"fld_6791564_1\" name=\"fld_6791564\" value=\"\" data-type=\"text\"   aria-labelledby=\"fld_6791564Label\" >\t\t\t<\/div>\r\n<\/div>\r\n<\/div><div  class=\"col-sm-6  last_col\"><div data-field-wrapper=\"fld_7282515\" class=\"form-group\" id=\"fld_7282515_1-wrap\">\r\n\t<label id=\"fld_7282515Label\" for=\"fld_7282515_1\" class=\"control-label\">Linkedin<\/label>\r\n\t<div class=\"\">\r\n\t\t<input    type=\"text\" data-field=\"fld_7282515\" class=\" form-control\" id=\"fld_7282515_1\" name=\"fld_7282515\" value=\"\" data-type=\"text\"   aria-labelledby=\"fld_7282515Label\" >\t\t\t<\/div>\r\n<\/div>\r\n<\/div><\/div><div id=\"CF69c56b2ad20fa_1-row-4\"  class=\"row  last_row\"><div  class=\"col-sm-12  single\"><div data-field-wrapper=\"fld_7825954\" class=\"form-group\" id=\"fld_7825954_1-wrap\">\r\n\t<label id=\"fld_7825954Label\" for=\"fld_7825954_1\" class=\"control-label screen-reader-text sr-only\">He le\u00eddo y acepto la Pol\u00edtica de privacidad de la Fundaci\u00f3n Barcelona Ol\u00edmpica.<\/label>\r\n\t<div class=\"\">\r\n\t\t\t\t\t\t\t\t\t\t\t<div class=\"checkbox\">\n\t\t\t\t\n                <label                         for=\"fld_7825954_1_opt1554799\"\n                >\n                            <input\n                                data-parsley-required=\"true\" data-parsley-group=\"fld_7825954_1\" data-parsley-multiple=\"fld_7825954_1\"                                type=\"checkbox\"\n                                data-label=\"He le\u00eddo y acepto la Pol\u00edtica de privacidad de la Fundaci\u00f3n Barcelona Ol\u00edmpica.*\"\n                                data-field=\"fld_7825954\"\n                                id=\"fld_7825954_1_opt1554799\"\n                                class=\"fld_7825954_1 option-required\"\n                                name=\"fld_7825954[opt1554799]\"\n                                value=\"He le\u00eddo y acepto la Pol\u00edtica de privacidad de la Fundaci\u00f3n Barcelona Ol\u00edmpica.*\"\n                                                                data-type=\"checkbox\"\n                                data-checkbox-field=\"fld_7825954_1\"\n                                                                data-calc-value=\"He le\u00eddo y acepto la Pol\u00edtica de privacidad de la Fundaci\u00f3n Barcelona Ol\u00edmpica.*\"\n                            >\n                    He le\u00eddo y acepto la Pol\u00edtica de privacidad de la Fundaci\u00f3n Barcelona Ol\u00edmpica.*                <\/label>\n\n                \t\t\t\t\t<\/div>\n\t\t\t\t\t\t\t\t\t\t\t<\/div>\r\n<\/div>\r\n<div data-field-wrapper=\"fld_7908577\" class=\"form-group\" id=\"fld_7908577_1-wrap\">\r\n<div class=\"\">\r\n\t<input  class=\"btn btn-default\" type=\"submit\" name=\"fld_7908577\" id=\"fld_7908577_1\" value=\"Enviar mensaje\" data-field=\"fld_7908577\"  >\n<\/div>\r\n<\/div>\r\n\t<input class=\"button_trigger_1\" type=\"hidden\" name=\"fld_7908577\" id=\"fld_7908577_1_btn\" value=\"\" data-field=\"fld_7908577\"  \/>\n<\/div><\/div><\/form>\r\n<\/div>\r\n\t\t\t\t\t\t\t\t<\/div>\n\t\t\t\t<\/div>\n\t\t\t\t\t<\/div>\n\t\t<\/div>\n\t\t\t\t\t<\/div>\n\t\t<\/section>\n\t\t\t\t\t<\/div>\n\t\t<\/div>\n\t\t\t\t\t<\/div>\n\t\t<\/section>\n\t\t\t\t<\/div>\n\t\t","protected":false},"excerpt":{"rendered":"<p>Gracias por participar en las jornadas del valor del deporte en el siglo XXI en la sesi\u00f3n BARCELONA y EL GRAND\u00a0 D\u00c9PART Desde el Departamento de Comunicaci\u00f3n nos pondremos en contacto con usted con el fin de presentarle los materiales divulgativos para su validaci\u00f3n previa a la publicaci\u00f3n. La informaci\u00f3n que nos facilite \u2014con excepci\u00f3n [&hellip;]<\/p>\n","protected":false},"author":11,"featured_media":0,"parent":0,"menu_order":0,"comment_status":"closed","ping_status":"closed","template":"","meta":{"_acf_changed":false,"footnotes":""},"class_list":["post-32777","page","type-page","status-publish","hentry"],"acf":[],"yoast_head":"<!-- This site is optimized with the Yoast SEO plugin v23.7 - https:\/\/yoast.com\/wordpress\/plugins\/seo\/ -->\n<title>Ponentes - Fundaci\u00f3 Barcelona Ol\u00edmpica<\/title>\n<meta name=\"robots\" content=\"index, follow, max-snippet:-1, max-image-preview:large, max-video-preview:-1\" \/>\n<link rel=\"canonical\" href=\"https:\/\/www.fundaciobarcelonaolimpica.es\/es\/ponentes\/\" \/>\n<meta property=\"og:locale\" content=\"es_ES\" \/>\n<meta property=\"og:type\" content=\"article\" \/>\n<meta property=\"og:title\" content=\"Ponentes - Fundaci\u00f3 Barcelona Ol\u00edmpica\" \/>\n<meta property=\"og:description\" content=\"Gracias por participar en las jornadas del valor del deporte en el siglo XXI en la sesi\u00f3n BARCELONA y EL GRAND\u00a0 D\u00c9PART Desde el Departamento de Comunicaci\u00f3n nos pondremos en contacto con usted con el fin de presentarle los materiales divulgativos para su validaci\u00f3n previa a la publicaci\u00f3n. La informaci\u00f3n que nos facilite \u2014con excepci\u00f3n [&hellip;]\" \/>\n<meta property=\"og:url\" content=\"https:\/\/www.fundaciobarcelonaolimpica.es\/es\/ponentes\/\" \/>\n<meta property=\"og:site_name\" content=\"Fundaci\u00f3 Barcelona Ol\u00edmpica\" \/>\n<meta property=\"article:modified_time\" content=\"2026-04-14T10:33:47+00:00\" \/>\n<meta name=\"twitter:card\" content=\"summary_large_image\" \/>\n<meta name=\"twitter:label1\" content=\"Tiempo de lectura\" \/>\n\t<meta name=\"twitter:data1\" content=\"1 minuto\" \/>\n<script type=\"application\/ld+json\" class=\"yoast-schema-graph\">{\"@context\":\"https:\/\/schema.org\",\"@graph\":[{\"@type\":\"WebPage\",\"@id\":\"https:\/\/www.fundaciobarcelonaolimpica.es\/es\/ponentes\/\",\"url\":\"https:\/\/www.fundaciobarcelonaolimpica.es\/es\/ponentes\/\",\"name\":\"Ponentes - Fundaci\u00f3 Barcelona Ol\u00edmpica\",\"isPartOf\":{\"@id\":\"https:\/\/www.fundaciobarcelonaolimpica.es\/ca\/#website\"},\"datePublished\":\"2026-03-26T17:12:17+00:00\",\"dateModified\":\"2026-04-14T10:33:47+00:00\",\"breadcrumb\":{\"@id\":\"https:\/\/www.fundaciobarcelonaolimpica.es\/es\/ponentes\/#breadcrumb\"},\"inLanguage\":\"es\",\"potentialAction\":[{\"@type\":\"ReadAction\",\"target\":[\"https:\/\/www.fundaciobarcelonaolimpica.es\/es\/ponentes\/\"]}]},{\"@type\":\"BreadcrumbList\",\"@id\":\"https:\/\/www.fundaciobarcelonaolimpica.es\/es\/ponentes\/#breadcrumb\",\"itemListElement\":[{\"@type\":\"ListItem\",\"position\":1,\"name\":\"FBO\",\"item\":\"https:\/\/www.fundaciobarcelonaolimpica.es\/es\/\"},{\"@type\":\"ListItem\",\"position\":2,\"name\":\"Ponentes\"}]},{\"@type\":\"WebSite\",\"@id\":\"https:\/\/www.fundaciobarcelonaolimpica.es\/ca\/#website\",\"url\":\"https:\/\/www.fundaciobarcelonaolimpica.es\/ca\/\",\"name\":\"Fundaci\u00f3 Barcelona Ol\u00edmpica\",\"description\":\"Web del Museu Ol\u00edmpic i de l&#039;Esport\",\"publisher\":{\"@id\":\"https:\/\/www.fundaciobarcelonaolimpica.es\/ca\/#organization\"},\"potentialAction\":[{\"@type\":\"SearchAction\",\"target\":{\"@type\":\"EntryPoint\",\"urlTemplate\":\"https:\/\/www.fundaciobarcelonaolimpica.es\/ca\/?s={search_term_string}\"},\"query-input\":{\"@type\":\"PropertyValueSpecification\",\"valueRequired\":true,\"valueName\":\"search_term_string\"}}],\"inLanguage\":\"es\"},{\"@type\":\"Organization\",\"@id\":\"https:\/\/www.fundaciobarcelonaolimpica.es\/ca\/#organization\",\"name\":\"Fundaci\u00f3 Barcelona Ol\u00edmpica\",\"url\":\"https:\/\/www.fundaciobarcelonaolimpica.es\/ca\/\",\"logo\":{\"@type\":\"ImageObject\",\"inLanguage\":\"es\",\"@id\":\"https:\/\/www.fundaciobarcelonaolimpica.es\/ca\/#\/schema\/logo\/image\/\",\"url\":\"https:\/\/www.fundaciobarcelonaolimpica.es\/wp-content\/uploads\/sites\/3\/2019\/02\/logo-fundacio.svg\",\"contentUrl\":\"https:\/\/www.fundaciobarcelonaolimpica.es\/wp-content\/uploads\/sites\/3\/2019\/02\/logo-fundacio.svg\",\"caption\":\"Fundaci\u00f3 Barcelona Ol\u00edmpica\"},\"image\":{\"@id\":\"https:\/\/www.fundaciobarcelonaolimpica.es\/ca\/#\/schema\/logo\/image\/\"}}]}<\/script>\n<!-- \/ Yoast SEO plugin. -->","yoast_head_json":{"title":"Ponentes - Fundaci\u00f3 Barcelona Ol\u00edmpica","robots":{"index":"index","follow":"follow","max-snippet":"max-snippet:-1","max-image-preview":"max-image-preview:large","max-video-preview":"max-video-preview:-1"},"canonical":"https:\/\/www.fundaciobarcelonaolimpica.es\/es\/ponentes\/","og_locale":"es_ES","og_type":"article","og_title":"Ponentes - Fundaci\u00f3 Barcelona Ol\u00edmpica","og_description":"Gracias por participar en las jornadas del valor del deporte en el siglo XXI en la sesi\u00f3n BARCELONA y EL GRAND\u00a0 D\u00c9PART Desde el Departamento de Comunicaci\u00f3n nos pondremos en contacto con usted con el fin de presentarle los materiales divulgativos para su validaci\u00f3n previa a la publicaci\u00f3n. La informaci\u00f3n que nos facilite \u2014con excepci\u00f3n [&hellip;]","og_url":"https:\/\/www.fundaciobarcelonaolimpica.es\/es\/ponentes\/","og_site_name":"Fundaci\u00f3 Barcelona Ol\u00edmpica","article_modified_time":"2026-04-14T10:33:47+00:00","twitter_card":"summary_large_image","twitter_misc":{"Tiempo de lectura":"1 minuto"},"schema":{"@context":"https:\/\/schema.org","@graph":[{"@type":"WebPage","@id":"https:\/\/www.fundaciobarcelonaolimpica.es\/es\/ponentes\/","url":"https:\/\/www.fundaciobarcelonaolimpica.es\/es\/ponentes\/","name":"Ponentes - Fundaci\u00f3 Barcelona Ol\u00edmpica","isPartOf":{"@id":"https:\/\/www.fundaciobarcelonaolimpica.es\/ca\/#website"},"datePublished":"2026-03-26T17:12:17+00:00","dateModified":"2026-04-14T10:33:47+00:00","breadcrumb":{"@id":"https:\/\/www.fundaciobarcelonaolimpica.es\/es\/ponentes\/#breadcrumb"},"inLanguage":"es","potentialAction":[{"@type":"ReadAction","target":["https:\/\/www.fundaciobarcelonaolimpica.es\/es\/ponentes\/"]}]},{"@type":"BreadcrumbList","@id":"https:\/\/www.fundaciobarcelonaolimpica.es\/es\/ponentes\/#breadcrumb","itemListElement":[{"@type":"ListItem","position":1,"name":"FBO","item":"https:\/\/www.fundaciobarcelonaolimpica.es\/es\/"},{"@type":"ListItem","position":2,"name":"Ponentes"}]},{"@type":"WebSite","@id":"https:\/\/www.fundaciobarcelonaolimpica.es\/ca\/#website","url":"https:\/\/www.fundaciobarcelonaolimpica.es\/ca\/","name":"Fundaci\u00f3 Barcelona Ol\u00edmpica","description":"Web del Museu Ol\u00edmpic i de l&#039;Esport","publisher":{"@id":"https:\/\/www.fundaciobarcelonaolimpica.es\/ca\/#organization"},"potentialAction":[{"@type":"SearchAction","target":{"@type":"EntryPoint","urlTemplate":"https:\/\/www.fundaciobarcelonaolimpica.es\/ca\/?s={search_term_string}"},"query-input":{"@type":"PropertyValueSpecification","valueRequired":true,"valueName":"search_term_string"}}],"inLanguage":"es"},{"@type":"Organization","@id":"https:\/\/www.fundaciobarcelonaolimpica.es\/ca\/#organization","name":"Fundaci\u00f3 Barcelona Ol\u00edmpica","url":"https:\/\/www.fundaciobarcelonaolimpica.es\/ca\/","logo":{"@type":"ImageObject","inLanguage":"es","@id":"https:\/\/www.fundaciobarcelonaolimpica.es\/ca\/#\/schema\/logo\/image\/","url":"https:\/\/www.fundaciobarcelonaolimpica.es\/wp-content\/uploads\/sites\/3\/2019\/02\/logo-fundacio.svg","contentUrl":"https:\/\/www.fundaciobarcelonaolimpica.es\/wp-content\/uploads\/sites\/3\/2019\/02\/logo-fundacio.svg","caption":"Fundaci\u00f3 Barcelona Ol\u00edmpica"},"image":{"@id":"https:\/\/www.fundaciobarcelonaolimpica.es\/ca\/#\/schema\/logo\/image\/"}}]}},"_links":{"self":[{"href":"https:\/\/www.fundaciobarcelonaolimpica.es\/es\/wp-json\/wp\/v2\/pages\/32777"}],"collection":[{"href":"https:\/\/www.fundaciobarcelonaolimpica.es\/es\/wp-json\/wp\/v2\/pages"}],"about":[{"href":"https:\/\/www.fundaciobarcelonaolimpica.es\/es\/wp-json\/wp\/v2\/types\/page"}],"author":[{"embeddable":true,"href":"https:\/\/www.fundaciobarcelonaolimpica.es\/es\/wp-json\/wp\/v2\/users\/11"}],"replies":[{"embeddable":true,"href":"https:\/\/www.fundaciobarcelonaolimpica.es\/es\/wp-json\/wp\/v2\/comments?post=32777"}],"version-history":[{"count":22,"href":"https:\/\/www.fundaciobarcelonaolimpica.es\/es\/wp-json\/wp\/v2\/pages\/32777\/revisions"}],"predecessor-version":[{"id":32961,"href":"https:\/\/www.fundaciobarcelonaolimpica.es\/es\/wp-json\/wp\/v2\/pages\/32777\/revisions\/32961"}],"wp:attachment":[{"href":"https:\/\/www.fundaciobarcelonaolimpica.es\/es\/wp-json\/wp\/v2\/media?parent=32777"}],"curies":[{"name":"wp","href":"https:\/\/api.w.org\/{rel}","templated":true}]}}