{"id":483,"date":"2019-01-30T09:04:35","date_gmt":"2019-01-30T08:04:35","guid":{"rendered":"https:\/\/dev.fundaciobarcelonaolimpica.es\/?page_id=483"},"modified":"2026-04-09T11:34:27","modified_gmt":"2026-04-09T09:34:27","slug":"transparencia","status":"publish","type":"page","link":"https:\/\/www.fundaciobarcelonaolimpica.es\/es\/transparencia\/","title":{"rendered":"Transparencia"},"content":{"rendered":"\t\t<div data-elementor-type=\"wp-post\" data-elementor-id=\"483\" class=\"elementor elementor-483\" data-elementor-post-type=\"page\">\n\t\t\t\t\t\t<section class=\"elementor-section elementor-top-section elementor-element elementor-element-811449c elementor-section-boxed elementor-section-height-default elementor-section-height-default\" data-id=\"811449c\" data-element_type=\"section\">\n\t\t\t\t\t\t<div class=\"elementor-container elementor-column-gap-no\">\n\t\t\t\t\t<div class=\"elementor-column elementor-col-100 elementor-top-column elementor-element elementor-element-d18bb93\" data-id=\"d18bb93\" data-element_type=\"column\">\n\t\t\t<div class=\"elementor-widget-wrap elementor-element-populated\">\n\t\t\t\t\t\t<div class=\"elementor-element elementor-element-efff9ef elementor-widget elementor-widget-shortcode\" data-id=\"efff9ef\" data-element_type=\"widget\" data-widget_type=\"shortcode.default\">\n\t\t\t\t<div class=\"elementor-widget-container\">\n\t\t\t\t\t\t\t<div class=\"elementor-shortcode\">\n    <div class=\"fbo-page-finder\">\n      <div class=\"fbo-page-finder-control\">\n        <input type=\"text\" placeholder=\"Buscar\"\/>\n        <div class=\"fbo-page-finde-results-nav\">\n          <div class=\"fbo-page-finde-results-nav-indicator\">\n            <div class=\"fbo-page-finde-results-nav-indicator-current\"><\/div>\n            <div class=\"fbo-page-finde-results-nav-indicator-total\"><\/div>\n          <\/div>\n          <button class=\"fbo-page-finde-results-nav-btn fbo-page-finde-results-nav-prev\"><span>Previous<\/span><\/button>\n          <button class=\"fbo-page-finde-results-nav-btn fbo-page-finde-results-nav-next\"><span>Next<\/span><\/button>\n        <\/div>\n      <\/div>\n    <\/div>\n\n  <\/div>\n\t\t\t\t\t\t<\/div>\n\t\t\t\t<\/div>\n\t\t\t\t\t<\/div>\n\t\t<\/div>\n\t\t\t\t\t<\/div>\n\t\t<\/section>\n\t\t\t\t<section class=\"elementor-section elementor-top-section elementor-element elementor-element-12d353a fbo-ley finder-text-target elementor-section-boxed elementor-section-height-default elementor-section-height-default\" data-id=\"12d353a\" data-element_type=\"section\">\n\t\t\t\t\t\t<div class=\"elementor-container elementor-column-gap-no\">\n\t\t\t\t\t<div class=\"elementor-column elementor-col-100 elementor-top-column elementor-element elementor-element-f596eac\" data-id=\"f596eac\" data-element_type=\"column\">\n\t\t\t<div class=\"elementor-widget-wrap elementor-element-populated\">\n\t\t\t\t\t\t<section class=\"elementor-section elementor-inner-section elementor-element elementor-element-f2f4edb fbo-content--intro elementor-section-boxed elementor-section-height-default elementor-section-height-default\" data-id=\"f2f4edb\" data-element_type=\"section\">\n\t\t\t\t\t\t<div class=\"elementor-container elementor-column-gap-default\">\n\t\t\t\t\t<div class=\"elementor-column elementor-col-100 elementor-inner-column elementor-element elementor-element-948b17c\" data-id=\"948b17c\" data-element_type=\"column\">\n\t\t\t<div class=\"elementor-widget-wrap elementor-element-populated\">\n\t\t\t\t\t\t<div class=\"elementor-element elementor-element-b121fa2 elementor-widget elementor-widget-text-editor\" data-id=\"b121fa2\" data-element_type=\"widget\" data-widget_type=\"text-editor.default\">\n\t\t\t\t<div class=\"elementor-widget-container\">\n\t\t\t\t\t\t\t\t\t<p>Para dar cumplimiento a la Ley 19\/2013, de 9 de diciembre, de transparencia, acceso a la informaci\u00f3n p\u00fablica y buen gobierno; a la Ley 19\/2014 de diciembre, de transparencia, acceso a la informaci\u00f3n p\u00fablica y buen gobierno; y a la Ley 21\/2014, de 29 de diciembre, del protectorado de las fundaciones y de verificaci\u00f3n de la actividad de las asociaciones declaradas de utilidad p\u00fablica, hacemos p\u00fablico en nuestra web la siguiente informaci\u00f3n:<\/p>\t\t\t\t\t\t\t\t<\/div>\n\t\t\t\t<\/div>\n\t\t\t\t\t<\/div>\n\t\t<\/div>\n\t\t\t\t\t<\/div>\n\t\t<\/section>\n\t\t\t\t<section class=\"elementor-section elementor-inner-section elementor-element elementor-element-921ea24 elementor-section-boxed elementor-section-height-default elementor-section-height-default\" data-id=\"921ea24\" data-element_type=\"section\">\n\t\t\t\t\t\t<div class=\"elementor-container elementor-column-gap-default\">\n\t\t\t\t\t<div class=\"elementor-column elementor-col-100 elementor-inner-column elementor-element elementor-element-6801e6b\" data-id=\"6801e6b\" data-element_type=\"column\">\n\t\t\t<div class=\"elementor-widget-wrap elementor-element-populated\">\n\t\t\t\t\t\t<div class=\"elementor-element elementor-element-244ed8f elementor-widget elementor-widget-text-editor\" data-id=\"244ed8f\" data-element_type=\"widget\" data-widget_type=\"text-editor.default\">\n\t\t\t\t<div class=\"elementor-widget-container\">\n\t\t\t\t\t\t\t\t\t<h2>Informaci\u00f3n institucional<\/h2><h3>N\u00ba de Registro: 705 del Registro de Fundaciones de la Generalitat de Catalunya<\/h3><p>Finalidad de la Fundaci\u00f3n Barcelona Ol\u00edmpica<\/p><p><a href=\"https:\/\/www.fundaciobarcelonaolimpica.es\/es\/carta-fundacional-fbo-cas\/\" target=\"_blank\" rel=\"noopener\">Carta Fundacional<\/a><\/p><p><a href=\"\/wp-content\/uploads\/sites\/3\/2019\/06\/Estatuts_FBO.pdf\" target=\"_blank\" rel=\"noopener\">Estatutos Fundaci\u00f3n Barcelona Ol\u00edmpica \u00d3rganos de Gobierno Patronato<\/a><\/p><p>\u00d3rganos de Gobierno<br \/><a href=\"https:\/\/www.fundaciobarcelonaolimpica.es\/es\/patronato\/\" target=\"_blank\" rel=\"noopener\">Patronato<\/a><\/p><h2>Marco normativo<\/h2><h3>Normativa catalana propia de las Fundaciones:<\/h3><p><a href=\"https:\/\/portaljuridic.gencat.cat\/ca\/pjur_ocults\/pjur_resultats_fitxa\/?action=fitxa&amp;mode=single&amp;documentId=680124&amp;language=ca_ES\" target=\"_blank\" rel=\"noopener\">Ley 21\/2014. 29 de diciembre<\/a><br \/>Protectorado de las fundaciones y de verificaci\u00f3n de la actividad de las asociaciones declaradas de utilidad p\u00fablica.<\/p><p><a href=\"https:\/\/portaljuridic.gencat.cat\/ca\/pjur_ocults\/pjur_resultats_fitxa\/?action=fitxa&amp;mode=single&amp;documentId=680124&amp;language=ca_ES\" target=\"_blank\" rel=\"noopener\">Ley 21\/2014. 29 de diciembre<\/a><br \/>Transparencia, acceso a la informaci\u00f3n p\u00fablica y buen gobierno.<\/p><p><a href=\"http:\/\/noticias.juridicas.com\/base_datos\/CCAA\/ca-l4-2008.html\" target=\"_blank\" rel=\"noopener\">Ley 4\/2008, 24 de abril<\/a><br \/>Libro tercero del C\u00f3digo Civil de Catalunya, relativo a las personas jur\u00eddicas.<\/p><p><a href=\"\/wp-content\/uploads\/sites\/3\/2019\/06\/Llei_7-2012-.pdf\" target=\"_blank\" rel=\"noopener\">Ley 7\/2012, 15 de junio<\/a><br \/>Modificaci\u00f3n del libro tercero del C\u00f3digo Civil de Catalunya en relaci\u00f3n a les personas jur\u00eddica y al resto de disposiciones complementarias.<\/p><p><a href=\"\/wp-content\/uploads\/sites\/3\/2019\/06\/DECRET_259-2008_Catalunya.pdf\" target=\"_blank\" rel=\"noopener\">Decreto 259\/2008, 23 de diciembre<\/a><br \/>Plan de contabilidad de las fundaciones y las asociaciones sujetas a la legislaci\u00f3n de la Generalitat de Catalunya.<\/p><h3>Normativa espa\u00f1ola:<\/h3><p><a href=\"https:\/\/www.boe.es\/buscar\/doc.php?id=BOE-A-2013-12887\" target=\"_blank\" rel=\"noopener\">Ley 19\/2013, 9 de diciembre<\/a><br \/>Transparencia, acceso a la informaci\u00f3n p\u00fablica y buen gobierno.<\/p><p><a href=\"https:\/\/boe.es\/buscar\/act.php?id=BOE-A-2002-25180\" target=\"_blank\" rel=\"noopener\">Ley 50\/2002, 26 de diciembre<\/a><br \/>Fundaciones<\/p><p><a href=\"http:\/\/noticias.juridicas.com\/base_datos\/Fiscal\/l49-2002.html\" target=\"_blank\" rel=\"noopener\">Ley 49\/2002, 23 de diciembre<\/a><br \/>R\u00e9gimen fiscal de las entidades sin fines lucrativos y de los incentivos fiscales al mecenazgo.<\/p><h2>Informaci\u00f3n econ\u00f3mica y administrativa<\/h2><p><strong>Retribuciones percibidas por los m\u00e1ximos responsables de la entidad:<\/strong><br \/>\u00abLos cargos de los patrones son gratuitos, seg\u00fan el art\u00edculo 14\u00ba de los Estatutos de la Fundaci\u00f3n.\u00bb<\/p><p>El Sr. Francesc Terr\u00f3n i Cus\u00ed ejerce las funciones de director de la Fundaci\u00f3 Barcelona Ol\u00edmpica desde el 5 de marzo del 2021.<\/p><p>Francesc Terr\u00f3n i Cus\u00ed, licenciado en Direcci\u00f3n y Administraci\u00f3n de Empresas por la UOC.\u00a0Inicia su trayectoria profesional en el \u00e1mbito municipal en 1989,\u00a0primero en el <em>Institut Municipal Barcelona Espectacles<\/em> desarrollando diferentes funciones y posteriormente en 1996 en el <em>Institut de Cultura de Barcelona<\/em>. Durante el periodo 2002-2005 desempe\u00f1\u00f3 funciones de t\u00e9cnico en el F\u00f2rum Universal de les Cultures Barcelona 2004 y desde el 2005 en el <em>Institut Barcelona Esports<\/em> en los cargos de Administrador y Gerente.<\/p><h3>Presupuestos:<\/h3><ul><li><a href=\"https:\/\/www.fundaciobarcelonaolimpica.es\/wp-content\/uploads\/sites\/3\/2021\/03\/PRESUPUESTO-2016.pdf\" target=\"_blank\" rel=\"noopener\">Presupuesto 2016<\/a><\/li><li><a href=\"https:\/\/www.fundaciobarcelonaolimpica.es\/wp-content\/uploads\/sites\/3\/2021\/03\/PRESUPUESTO-2017.pdf\" target=\"_blank\" rel=\"noopener\">Presupuesto 2017<\/a><\/li><li><a href=\"https:\/\/www.fundaciobarcelonaolimpica.es\/wp-content\/uploads\/sites\/3\/2021\/03\/PRESUPUESTO-2018.pdf\" target=\"_blank\" rel=\"noopener\">Presupuesto 2018<\/a><\/li><li><a href=\"https:\/\/www.fundaciobarcelonaolimpica.es\/wp-content\/uploads\/sites\/3\/2021\/03\/PRESUPUESTO-2019.pdf\">Presupuesto 2019<\/a><\/li><li><a href=\"https:\/\/www.fundaciobarcelonaolimpica.es\/wp-content\/uploads\/sites\/3\/2021\/03\/PRESUPUESTO-2020.pdf\">Presupuesto 2020<\/a><\/li><li><a href=\"https:\/\/www.fundaciobarcelonaolimpica.es\/wp-content\/uploads\/sites\/3\/2021\/06\/PRESUPUESTO-EJERCICIO-2021.pdf\">Presupuesto 2021<\/a><\/li><li><a href=\"https:\/\/www.fundaciobarcelonaolimpica.es\/wp-content\/uploads\/sites\/3\/2021\/11\/PRESUPUESTO-2022.pdf\">Presupuesto 2022<\/a><\/li><li><a href=\"https:\/\/www.fundaciobarcelonaolimpica.es\/wp-content\/uploads\/sites\/3\/2024\/07\/PRESSUPOST-EXERCICI-2023-APROVAT-PATRONAT-1.pdf\">Presupuesto 2023<\/a><\/li><li><a href=\"https:\/\/www.fundaciobarcelonaolimpica.es\/wp-content\/uploads\/sites\/3\/2025\/12\/FBO-pressupost-2024.pdf\">Presupuesto 2024<\/a><\/li><li><a href=\"https:\/\/www.fundaciobarcelonaolimpica.es\/wp-content\/uploads\/sites\/3\/2025\/12\/FBO-pressupost-2025.pdf\">Presupuesto 2025<\/a><\/li><li><a href=\"https:\/\/www.fundaciobarcelonaolimpica.es\/wp-content\/uploads\/sites\/3\/2026\/04\/PRESSUPOST-2026.pdf\">Presupuesto 2026<\/a><\/li><li>Presupuesto 2027<\/li><\/ul><h3>Memorias econ\u00f3micas:<\/h3><ul><li><a href=\"https:\/\/www.fundaciobarcelonaolimpica.es\/wp-content\/uploads\/sites\/3\/2019\/10\/INFORME_AUDITORIA_I_CC_AA_2016.pdf\" target=\"_blank\" rel=\"noopener\">Informe auditor\u00eda y cuentas anuales 2016<\/a><\/li><li><a href=\"https:\/\/www.fundaciobarcelonaolimpica.es\/wp-content\/uploads\/sites\/3\/2019\/10\/INFORME_AUDITORIA_I_CC_AA_2017.pdf\" target=\"_blank\" rel=\"noopener\">Informe auditor\u00eda y cuentas anuales 2017<\/a><\/li><li>I<a href=\"https:\/\/www.fundaciobarcelonaolimpica.es\/es\/auditoria-comptes-2018-cat\/\">nforme auditor\u00eda y cuentas anuales 2018<\/a><\/li><li><a href=\"https:\/\/www.fundaciobarcelonaolimpica.es\/wp-content\/uploads\/sites\/3\/2021\/03\/INFORME-AUDITORIA-COMPTES-ANUALS-2019.pdf\">Informe auditor\u00eda y cuentas anuales 2019<\/a><\/li><li><a href=\"https:\/\/www.fundaciobarcelonaolimpica.es\/wp-content\/uploads\/sites\/3\/2021\/06\/INFORME-AUDITORIA-COMPTES-ANUALS-2020.pdf\">Informe auditor\u00eda y cuentas anuales 2020<\/a><\/li><li><a href=\"https:\/\/www.fundaciobarcelonaolimpica.es\/wp-content\/uploads\/sites\/3\/2022\/06\/INFORME-AUDITORIA-COMPTES-2021.pdf\">Informe auditor\u00eda y cuentas anuales 2021<\/a><\/li><li>I<a href=\"https:\/\/www.fundaciobarcelonaolimpica.es\/wp-content\/uploads\/sites\/3\/2024\/02\/Informe-auditoria-comptes-anuals-2022.pdf\">nforme auditor\u00eda y cuentas anuales 2022<\/a><\/li><li><a href=\"https:\/\/www.fundaciobarcelonaolimpica.es\/wp-content\/uploads\/sites\/3\/2025\/12\/INFORME-AUDITORIA-COMPTES-ANUALS-2023.pdf\">Informe auditor\u00eda y cuentas anuales 2023<\/a><\/li><li><a href=\"https:\/\/www.fundaciobarcelonaolimpica.es\/wp-content\/uploads\/sites\/3\/2025\/12\/INFORME-AUDITORIA-COMPTES-ANUALS-2024.pdf\">Informe auditor\u00eda y cuentas anuales 2024<\/a><\/li><li>Informe auditor\u00eda y cuentas anuales 2025<\/li><\/ul><h3>Memorias anuales de actividades:<\/h3><ul><li><a href=\"\/wp-content\/uploads\/sites\/3\/2019\/06\/MEMORIA_ACTIVITATS_2016.pdf\" target=\"_blank\" rel=\"noopener\">Memoria de actividad ejercicio 2016 (Cat)<\/a><\/li><li><a href=\"https:\/\/www.fundaciobarcelonaolimpica.es\/wp-content\/uploads\/sites\/3\/2021\/03\/MEMORIA-DE-ACTIVIDADES-2017.pdf\" target=\"_blank\" rel=\"noopener\">Memoria de actividad ejercicio 2017<\/a><\/li><li><a href=\"https:\/\/www.fundaciobarcelonaolimpica.es\/wp-content\/uploads\/sites\/3\/2021\/03\/MEMORIA-DE-ACTIVIDADES-2018.pdf\">Memoria de actividad ejercicio 2018<\/a><\/li><li><a href=\"https:\/\/www.fundaciobarcelonaolimpica.es\/wp-content\/uploads\/sites\/3\/2021\/03\/MEMORIA-DE-ACTIVIDADES-2019.pdf\">Memoria de actividad ejercicio 2019<\/a><\/li><li><a href=\"https:\/\/www.fundaciobarcelonaolimpica.es\/wp-content\/uploads\/sites\/3\/2021\/06\/memoriafbo2020-ok_rgb-CAST-WEB_low.pdf\">Memoria de actividad ejercicio 2020<\/a><\/li><li><a href=\"https:\/\/www.fundaciobarcelonaolimpica.es\/wp-content\/uploads\/sites\/3\/2022\/06\/memoriafbo2021-rgb-CAST-FINAL.pdf\">Memoria de actividad ejercicio 2021<\/a><\/li><li><a href=\"https:\/\/www.fundaciobarcelonaolimpica.es\/wp-content\/uploads\/sites\/3\/2024\/02\/memoriafbo2022-rgb-CAT-WEB.pdf\">Memoria de actividad ejercicio 2022<\/a><\/li><li><a href=\"https:\/\/www.fundaciobarcelonaolimpica.es\/wp-content\/uploads\/sites\/3\/2024\/05\/memoriafbo2023-rgb-CAT-WEB.pdf\">Memoria de actividad ejercicio 2023<\/a><\/li><li><a href=\"https:\/\/www.fundaciobarcelonaolimpica.es\/wp-content\/uploads\/sites\/3\/2025\/12\/memoriafbo2024_72PX.pdf\">Memoria de actividad ejercicio 2024<\/a><\/li><li>Memoria de actividad ejercicio 2025<\/li><li>Memoria de actividad ejercicio 2026<\/li><\/ul><h3>Balance social:<\/h3><ul><li><a href=\"https:\/\/www.fundaciobarcelonaolimpica.es\/wp-content\/uploads\/sites\/3\/2021\/06\/FBO_BALANCE-SOCIAL-2020.pdf\">Balance Social 2020<\/a><\/li><li><a href=\"https:\/\/www.fundaciobarcelonaolimpica.es\/wp-content\/uploads\/sites\/3\/2022\/06\/FBO-BALANCE-SOCIAL-2021-CAST.pdf\">Balance Social 2021<\/a><\/li><li><a href=\"https:\/\/www.fundaciobarcelonaolimpica.es\/wp-content\/uploads\/sites\/3\/2024\/02\/BALANC-SOCIAL-2022.pdf\">Balance Social 2022<\/a><\/li><li><a href=\"https:\/\/www.fundaciobarcelonaolimpica.es\/wp-content\/uploads\/sites\/3\/2025\/12\/BALANc-SOCIAL-2023.pdf\">Balance Social 2023<\/a><\/li><li><a href=\"https:\/\/www.fundaciobarcelonaolimpica.es\/wp-content\/uploads\/sites\/3\/2025\/12\/BALANC-SOCIAL-2024.pdf\">Balance Social 2024<\/a><\/li><li><a href=\"https:\/\/www.fundaciobarcelonaolimpica.es\/wp-content\/uploads\/sites\/3\/2026\/04\/FBO-BALANc-SOCIAL-2025.pdf\">Balance Social 2025<\/a><\/li><li>Balance Social 2026<\/li><\/ul><h2>Convenios y subvenciones<\/h2><p><a href=\"https:\/\/www.fundaciobarcelonaolimpica.es\/wp-content\/uploads\/sites\/3\/2022\/07\/SUBVENCIONES-y-AYUDAS-PUBLICAS-2017_2021.pdf\">Subvenciones y ayudas p\u00fablicas recibidas 2017 y 2021<\/a><br \/>Contratos establecidos con la Administraci\u00f3n P\u00fablica:<br \/>\u00abConvenio entre el Ayuntamiento de Barcelona y la Fundaci\u00f3n Barcelona Ol\u00edmpica para la gesti\u00f3n y explotaci\u00f3n del Museo Ol\u00edmpico y del Deporte Juan Antonio Samaranch\u201d.<\/p><h2><a href=\"https:\/\/ajuntament.barcelona.cat\/transparencia\/es\/contratacion-publica-de-la-fundacion-privada-barcelona-olimpica\"><strong>Contrataci\u00f3n p\u00fablica de la Fundaci\u00f3n Privada Barcelona Ol\u00edmpica<\/strong><\/a><\/h2><h2>Perfil del contratante<\/h2><p><em>Las instrucciones no est\u00e1n en vigor para los contratos iniciados a partir de la entrada en vigor de la Ley 9\/2017 de contratos del sector p\u00fablico, es decir, a partir del 9 de marzo de 2018.<\/em><\/p>\t\t\t\t\t\t\t\t<\/div>\n\t\t\t\t<\/div>\n\t\t\t\t\t<\/div>\n\t\t<\/div>\n\t\t\t\t\t<\/div>\n\t\t<\/section>\n\t\t\t\t\t<\/div>\n\t\t<\/div>\n\t\t\t\t\t<\/div>\n\t\t<\/section>\n\t\t\t\t<\/div>\n\t\t","protected":false},"excerpt":{"rendered":"<p>Para dar cumplimiento a la Ley 19\/2013, de 9 de diciembre, de transparencia, acceso a la informaci\u00f3n p\u00fablica y buen gobierno; a la Ley 19\/2014 de diciembre, de transparencia, acceso a la informaci\u00f3n p\u00fablica y buen gobierno; y a la Ley 21\/2014, de 29 de diciembre, del protectorado de las fundaciones y de verificaci\u00f3n de [&hellip;]<\/p>\n","protected":false},"author":6,"featured_media":0,"parent":0,"menu_order":0,"comment_status":"closed","ping_status":"closed","template":"","meta":{"_acf_changed":false,"footnotes":""},"class_list":["post-483","page","type-page","status-publish","hentry"],"acf":[],"yoast_head":"<!-- This site is optimized with the Yoast SEO plugin v23.7 - https:\/\/yoast.com\/wordpress\/plugins\/seo\/ -->\n<title>Transparencia - Fundaci\u00f3 Barcelona Ol\u00edmpica<\/title>\n<meta name=\"robots\" content=\"index, follow, max-snippet:-1, max-image-preview:large, max-video-preview:-1\" \/>\n<link rel=\"canonical\" href=\"https:\/\/www.fundaciobarcelonaolimpica.es\/es\/transparencia\/\" \/>\n<meta property=\"og:locale\" content=\"es_ES\" \/>\n<meta property=\"og:type\" content=\"article\" \/>\n<meta property=\"og:title\" content=\"Transparencia - Fundaci\u00f3 Barcelona Ol\u00edmpica\" \/>\n<meta property=\"og:description\" content=\"Para dar cumplimiento a la Ley 19\/2013, de 9 de diciembre, de transparencia, acceso a la informaci\u00f3n p\u00fablica y buen gobierno; a la Ley 19\/2014 de diciembre, de transparencia, acceso a la informaci\u00f3n p\u00fablica y buen gobierno; y a la Ley 21\/2014, de 29 de diciembre, del protectorado de las fundaciones y de verificaci\u00f3n de [&hellip;]\" \/>\n<meta property=\"og:url\" content=\"https:\/\/www.fundaciobarcelonaolimpica.es\/es\/transparencia\/\" \/>\n<meta property=\"og:site_name\" content=\"Fundaci\u00f3 Barcelona Ol\u00edmpica\" \/>\n<meta property=\"article:modified_time\" content=\"2026-04-09T09:34:27+00:00\" \/>\n<meta name=\"twitter:card\" content=\"summary_large_image\" \/>\n<meta name=\"twitter:label1\" content=\"Tiempo de lectura\" \/>\n\t<meta name=\"twitter:data1\" content=\"3 minutos\" \/>\n<script type=\"application\/ld+json\" class=\"yoast-schema-graph\">{\"@context\":\"https:\/\/schema.org\",\"@graph\":[{\"@type\":\"WebPage\",\"@id\":\"https:\/\/www.fundaciobarcelonaolimpica.es\/es\/transparencia\/\",\"url\":\"https:\/\/www.fundaciobarcelonaolimpica.es\/es\/transparencia\/\",\"name\":\"Transparencia - Fundaci\u00f3 Barcelona Ol\u00edmpica\",\"isPartOf\":{\"@id\":\"https:\/\/www.fundaciobarcelonaolimpica.es\/ca\/#website\"},\"datePublished\":\"2019-01-30T08:04:35+00:00\",\"dateModified\":\"2026-04-09T09:34:27+00:00\",\"breadcrumb\":{\"@id\":\"https:\/\/www.fundaciobarcelonaolimpica.es\/es\/transparencia\/#breadcrumb\"},\"inLanguage\":\"es\",\"potentialAction\":[{\"@type\":\"ReadAction\",\"target\":[\"https:\/\/www.fundaciobarcelonaolimpica.es\/es\/transparencia\/\"]}]},{\"@type\":\"BreadcrumbList\",\"@id\":\"https:\/\/www.fundaciobarcelonaolimpica.es\/es\/transparencia\/#breadcrumb\",\"itemListElement\":[{\"@type\":\"ListItem\",\"position\":1,\"name\":\"FBO\",\"item\":\"https:\/\/www.fundaciobarcelonaolimpica.es\/es\/\"},{\"@type\":\"ListItem\",\"position\":2,\"name\":\"Transparencia\"}]},{\"@type\":\"WebSite\",\"@id\":\"https:\/\/www.fundaciobarcelonaolimpica.es\/ca\/#website\",\"url\":\"https:\/\/www.fundaciobarcelonaolimpica.es\/ca\/\",\"name\":\"Fundaci\u00f3 Barcelona Ol\u00edmpica\",\"description\":\"Web del Museu Ol\u00edmpic i de l&#039;Esport\",\"publisher\":{\"@id\":\"https:\/\/www.fundaciobarcelonaolimpica.es\/ca\/#organization\"},\"potentialAction\":[{\"@type\":\"SearchAction\",\"target\":{\"@type\":\"EntryPoint\",\"urlTemplate\":\"https:\/\/www.fundaciobarcelonaolimpica.es\/ca\/?s={search_term_string}\"},\"query-input\":{\"@type\":\"PropertyValueSpecification\",\"valueRequired\":true,\"valueName\":\"search_term_string\"}}],\"inLanguage\":\"es\"},{\"@type\":\"Organization\",\"@id\":\"https:\/\/www.fundaciobarcelonaolimpica.es\/ca\/#organization\",\"name\":\"Fundaci\u00f3 Barcelona Ol\u00edmpica\",\"url\":\"https:\/\/www.fundaciobarcelonaolimpica.es\/ca\/\",\"logo\":{\"@type\":\"ImageObject\",\"inLanguage\":\"es\",\"@id\":\"https:\/\/www.fundaciobarcelonaolimpica.es\/ca\/#\/schema\/logo\/image\/\",\"url\":\"https:\/\/www.fundaciobarcelonaolimpica.es\/wp-content\/uploads\/sites\/3\/2019\/02\/logo-fundacio.svg\",\"contentUrl\":\"https:\/\/www.fundaciobarcelonaolimpica.es\/wp-content\/uploads\/sites\/3\/2019\/02\/logo-fundacio.svg\",\"caption\":\"Fundaci\u00f3 Barcelona Ol\u00edmpica\"},\"image\":{\"@id\":\"https:\/\/www.fundaciobarcelonaolimpica.es\/ca\/#\/schema\/logo\/image\/\"}}]}<\/script>\n<!-- \/ Yoast SEO plugin. -->","yoast_head_json":{"title":"Transparencia - Fundaci\u00f3 Barcelona Ol\u00edmpica","robots":{"index":"index","follow":"follow","max-snippet":"max-snippet:-1","max-image-preview":"max-image-preview:large","max-video-preview":"max-video-preview:-1"},"canonical":"https:\/\/www.fundaciobarcelonaolimpica.es\/es\/transparencia\/","og_locale":"es_ES","og_type":"article","og_title":"Transparencia - Fundaci\u00f3 Barcelona Ol\u00edmpica","og_description":"Para dar cumplimiento a la Ley 19\/2013, de 9 de diciembre, de transparencia, acceso a la informaci\u00f3n p\u00fablica y buen gobierno; a la Ley 19\/2014 de diciembre, de transparencia, acceso a la informaci\u00f3n p\u00fablica y buen gobierno; y a la Ley 21\/2014, de 29 de diciembre, del protectorado de las fundaciones y de verificaci\u00f3n de [&hellip;]","og_url":"https:\/\/www.fundaciobarcelonaolimpica.es\/es\/transparencia\/","og_site_name":"Fundaci\u00f3 Barcelona Ol\u00edmpica","article_modified_time":"2026-04-09T09:34:27+00:00","twitter_card":"summary_large_image","twitter_misc":{"Tiempo de lectura":"3 minutos"},"schema":{"@context":"https:\/\/schema.org","@graph":[{"@type":"WebPage","@id":"https:\/\/www.fundaciobarcelonaolimpica.es\/es\/transparencia\/","url":"https:\/\/www.fundaciobarcelonaolimpica.es\/es\/transparencia\/","name":"Transparencia - Fundaci\u00f3 Barcelona Ol\u00edmpica","isPartOf":{"@id":"https:\/\/www.fundaciobarcelonaolimpica.es\/ca\/#website"},"datePublished":"2019-01-30T08:04:35+00:00","dateModified":"2026-04-09T09:34:27+00:00","breadcrumb":{"@id":"https:\/\/www.fundaciobarcelonaolimpica.es\/es\/transparencia\/#breadcrumb"},"inLanguage":"es","potentialAction":[{"@type":"ReadAction","target":["https:\/\/www.fundaciobarcelonaolimpica.es\/es\/transparencia\/"]}]},{"@type":"BreadcrumbList","@id":"https:\/\/www.fundaciobarcelonaolimpica.es\/es\/transparencia\/#breadcrumb","itemListElement":[{"@type":"ListItem","position":1,"name":"FBO","item":"https:\/\/www.fundaciobarcelonaolimpica.es\/es\/"},{"@type":"ListItem","position":2,"name":"Transparencia"}]},{"@type":"WebSite","@id":"https:\/\/www.fundaciobarcelonaolimpica.es\/ca\/#website","url":"https:\/\/www.fundaciobarcelonaolimpica.es\/ca\/","name":"Fundaci\u00f3 Barcelona Ol\u00edmpica","description":"Web del Museu Ol\u00edmpic i de l&#039;Esport","publisher":{"@id":"https:\/\/www.fundaciobarcelonaolimpica.es\/ca\/#organization"},"potentialAction":[{"@type":"SearchAction","target":{"@type":"EntryPoint","urlTemplate":"https:\/\/www.fundaciobarcelonaolimpica.es\/ca\/?s={search_term_string}"},"query-input":{"@type":"PropertyValueSpecification","valueRequired":true,"valueName":"search_term_string"}}],"inLanguage":"es"},{"@type":"Organization","@id":"https:\/\/www.fundaciobarcelonaolimpica.es\/ca\/#organization","name":"Fundaci\u00f3 Barcelona Ol\u00edmpica","url":"https:\/\/www.fundaciobarcelonaolimpica.es\/ca\/","logo":{"@type":"ImageObject","inLanguage":"es","@id":"https:\/\/www.fundaciobarcelonaolimpica.es\/ca\/#\/schema\/logo\/image\/","url":"https:\/\/www.fundaciobarcelonaolimpica.es\/wp-content\/uploads\/sites\/3\/2019\/02\/logo-fundacio.svg","contentUrl":"https:\/\/www.fundaciobarcelonaolimpica.es\/wp-content\/uploads\/sites\/3\/2019\/02\/logo-fundacio.svg","caption":"Fundaci\u00f3 Barcelona Ol\u00edmpica"},"image":{"@id":"https:\/\/www.fundaciobarcelonaolimpica.es\/ca\/#\/schema\/logo\/image\/"}}]}},"_links":{"self":[{"href":"https:\/\/www.fundaciobarcelonaolimpica.es\/es\/wp-json\/wp\/v2\/pages\/483"}],"collection":[{"href":"https:\/\/www.fundaciobarcelonaolimpica.es\/es\/wp-json\/wp\/v2\/pages"}],"about":[{"href":"https:\/\/www.fundaciobarcelonaolimpica.es\/es\/wp-json\/wp\/v2\/types\/page"}],"author":[{"embeddable":true,"href":"https:\/\/www.fundaciobarcelonaolimpica.es\/es\/wp-json\/wp\/v2\/users\/6"}],"replies":[{"embeddable":true,"href":"https:\/\/www.fundaciobarcelonaolimpica.es\/es\/wp-json\/wp\/v2\/comments?post=483"}],"version-history":[{"count":108,"href":"https:\/\/www.fundaciobarcelonaolimpica.es\/es\/wp-json\/wp\/v2\/pages\/483\/revisions"}],"predecessor-version":[{"id":32843,"href":"https:\/\/www.fundaciobarcelonaolimpica.es\/es\/wp-json\/wp\/v2\/pages\/483\/revisions\/32843"}],"wp:attachment":[{"href":"https:\/\/www.fundaciobarcelonaolimpica.es\/es\/wp-json\/wp\/v2\/media?parent=483"}],"curies":[{"name":"wp","href":"https:\/\/api.w.org\/{rel}","templated":true}]}}